{"id":114,"date":"2020-04-20T08:51:59","date_gmt":"2020-04-20T11:51:59","guid":{"rendered":"https:\/\/fraterjmj.org\/es\/\/?page_id=114"},"modified":"2020-08-05T07:32:36","modified_gmt":"2020-08-05T10:32:36","slug":"testemunhos-diversos","status":"publish","type":"page","link":"https:\/\/fraterjmj.org\/es\/testemunhos-diversos\/","title":{"rendered":"Testemunhos Diversos"},"content":{"rendered":"<p>Considero-me filho espiritual da Bem-Aventurada Rita Amada de Jesus por imitar a sua vida de ora\u00e7\u00e3o, de discernimento espiritual, de comunh\u00e3o eclesial, e de participa\u00e7\u00e3o nas celebra\u00e7\u00f5es lit\u00fargicas da Igreja. Como leigo sigo engajado na Miss\u00e3o que ela deixou-nos, de servir \u00e0 Igreja e de santificar o mundo. Constato as preocupa\u00e7\u00f5es e as necessidades do mundo, e busco respond\u00ea-las em comunh\u00e3o com a Igreja, segundo as suas orienta\u00e7\u00f5es pastorais. Cuido dos doentes, assisto aos indigentes e incapacitados, preparo os noivos e os casais para o sacramento do matrim\u00f4nio. Vou ao encontro das fam\u00edlias em situa\u00e7\u00e3o de desarmonia para levar-lhes uma mensagem de reconcilia\u00e7\u00e3o. Desde a minha juventude estou comprometido com a mensagem de convers\u00e3o de Rita Amada de Jesus. Integro a Fraternidade Jesus Maria Jos\u00e9 h\u00e1 quase 30 anos. H\u00e1 pessoas que confunde idade com velhice; mas eu, hoje, os meus 82 anos de idade, n\u00e3o sinto restri\u00e7\u00f5es ao meu apostolado. Avan\u00e7o animado pelo seu exemplo de uma f\u00e9 imensa e inabal\u00e1vel, e assim correspondo ao que ela legou durante a sua vida.<\/p>\n<p style=\"text-align: right;\"><strong>Jos\u00e9 Jo\u00e3o Maocha<\/strong><br \/>\n<em>Membro Efetivo da Fraternidade Jesus Maria Jos\u00e9<\/em><br \/>\n<em>Mission\u00e1rio Leigo e Catequista, Casado, Pai de 3 filhos<\/em><br \/>\n<em>Diocese de Mindelo &#8211; Cabo Verde<\/em><\/p>\n<p>Ao conhecer e interagir com a vida e obra da Bem-Aventurada Rita Amada de Jesus, constatei a luta incans\u00e1vel para realizar o seu chamado; a persist\u00eancia diante de tantos obst\u00e1culos encontrados pelo caminho, a aud\u00e1cia em jamais desistir, mas, sobretudo, a sensibilidade em ler os sinais dos tempos e neles fazer acontecer o Reino t\u00e3o querido pelo Pai de Jesus. Com o tempo fui envolvendo-me com Rita Amada de Jesus, ao contemplar a sua santidade; uma santa dos tempos atuais. Vejo a minha decis\u00e3o em abra\u00e7ar o seu Carisma como uma Gra\u00e7a de Deus e um instrumento na minha caminhada de crist\u00e3o. Ela, com o seu jeito de se dedicar aos pobres e deserdados deste mundo, me move a ser seu disc\u00edpulo na minha miss\u00e3o como sacerdote. Encanta-me quando ela afirma que \u201cse preciso fosse, percorreria o mundo inteiro para salvar uma s\u00f3 alma\u201d; e entendo que o importante n\u00e3o \u00e9 a quantidade, mas a qualidade da minha miss\u00e3o.<\/p>\n<p style=\"text-align: right;\"><strong>Padre Eduardo Alencar Lustosa<\/strong><br \/>\n<em>Membro Efetivo da Fraternidade Jesus Maria Jos\u00e9<\/em><br \/>\n<em>Sacerdote &#8211; P\u00e1roco em Porangatu<\/em><br \/>\n<em>Diocese de Cristal\u00e2ndia &#8211; Brasil<\/em><\/p>\n<p>&nbsp;<\/p>\n<p style=\"text-align: center;\"><strong><em>Enviei o seu depoimento para o e-mail: fraterjmj@gmail.com<\/em><\/strong><\/p>\n","protected":false},"excerpt":{"rendered":"<p>Considero-me filho espiritual da Bem-Aventurada Rita Amada de Jesus por imitar a sua vida de ora\u00e7\u00e3o, de discernimento espiritual, de comunh\u00e3o eclesial, e de participa\u00e7\u00e3o nas celebra\u00e7\u00f5es lit\u00fargicas da Igreja. Como leigo sigo engajado na Miss\u00e3o que ela deixou-nos, de servir \u00e0 Igreja e de santificar o mundo. Constato as preocupa\u00e7\u00f5es e as necessidades do [&hellip;]<\/p>\n","protected":false},"author":1,"featured_media":0,"parent":0,"menu_order":0,"comment_status":"closed","ping_status":"closed","template":"","meta":[],"acf":[],"yoast_head":"<!-- This site is optimized with the Yoast SEO plugin v19.13 - https:\/\/yoast.com\/wordpress\/plugins\/seo\/ -->\n<title>Testemunhos Diversos - Fraternidade Jesus Maria Jos\u00e9<\/title>\n<meta name=\"robots\" content=\"index, follow, max-snippet:-1, max-image-preview:large, max-video-preview:-1\" \/>\n<link rel=\"canonical\" href=\"https:\/\/fraterjmj.org\/es\/testemunhos-diversos\/\" \/>\n<meta property=\"og:locale\" content=\"pt_BR\" \/>\n<meta property=\"og:type\" content=\"article\" \/>\n<meta property=\"og:title\" content=\"Testemunhos Diversos - Fraternidade Jesus Maria Jos\u00e9\" \/>\n<meta property=\"og:description\" content=\"Considero-me filho espiritual da Bem-Aventurada Rita Amada de Jesus por imitar a sua vida de ora\u00e7\u00e3o, de discernimento espiritual, de comunh\u00e3o eclesial, e de participa\u00e7\u00e3o nas celebra\u00e7\u00f5es lit\u00fargicas da Igreja. Como leigo sigo engajado na Miss\u00e3o que ela deixou-nos, de servir \u00e0 Igreja e de santificar o mundo. Constato as preocupa\u00e7\u00f5es e as necessidades do [&hellip;]\" \/>\n<meta property=\"og:url\" content=\"https:\/\/fraterjmj.org\/es\/testemunhos-diversos\/\" \/>\n<meta property=\"og:site_name\" content=\"Fraternidade Jesus Maria Jos\u00e9\" \/>\n<meta property=\"article:modified_time\" content=\"2020-08-05T10:32:36+00:00\" \/>\n<meta name=\"twitter:card\" content=\"summary_large_image\" \/>\n<meta name=\"twitter:label1\" content=\"Est. tempo de leitura\" \/>\n\t<meta name=\"twitter:data1\" content=\"2 minutos\" \/>\n<script type=\"application\/ld+json\" class=\"yoast-schema-graph\">{\"@context\":\"https:\/\/schema.org\",\"@graph\":[{\"@type\":\"WebPage\",\"@id\":\"https:\/\/fraterjmj.org\/es\/testemunhos-diversos\/\",\"url\":\"https:\/\/fraterjmj.org\/es\/testemunhos-diversos\/\",\"name\":\"Testemunhos Diversos - Fraternidade Jesus Maria Jos\u00e9\",\"isPartOf\":{\"@id\":\"https:\/\/fraterjmj.org\/es\/#website\"},\"datePublished\":\"2020-04-20T11:51:59+00:00\",\"dateModified\":\"2020-08-05T10:32:36+00:00\",\"breadcrumb\":{\"@id\":\"https:\/\/fraterjmj.org\/es\/testemunhos-diversos\/#breadcrumb\"},\"inLanguage\":\"pt-BR\",\"potentialAction\":[{\"@type\":\"ReadAction\",\"target\":[\"https:\/\/fraterjmj.org\/es\/testemunhos-diversos\/\"]}]},{\"@type\":\"BreadcrumbList\",\"@id\":\"https:\/\/fraterjmj.org\/es\/testemunhos-diversos\/#breadcrumb\",\"itemListElement\":[{\"@type\":\"ListItem\",\"position\":1,\"name\":\"In\u00edcio\",\"item\":\"https:\/\/fraterjmj.org\/es\/\"},{\"@type\":\"ListItem\",\"position\":2,\"name\":\"Testemunhos Diversos\"}]},{\"@type\":\"WebSite\",\"@id\":\"https:\/\/fraterjmj.org\/es\/#website\",\"url\":\"https:\/\/fraterjmj.org\/es\/\",\"name\":\"Fraternidade Jesus Maria Jos\u00e9\",\"description\":\"\",\"potentialAction\":[{\"@type\":\"SearchAction\",\"target\":{\"@type\":\"EntryPoint\",\"urlTemplate\":\"https:\/\/fraterjmj.org\/es\/?s={search_term_string}\"},\"query-input\":\"required name=search_term_string\"}],\"inLanguage\":\"pt-BR\"}]}<\/script>\n<!-- \/ Yoast SEO plugin. -->","yoast_head_json":{"title":"Testemunhos Diversos - Fraternidade Jesus Maria Jos\u00e9","robots":{"index":"index","follow":"follow","max-snippet":"max-snippet:-1","max-image-preview":"max-image-preview:large","max-video-preview":"max-video-preview:-1"},"canonical":"https:\/\/fraterjmj.org\/es\/testemunhos-diversos\/","og_locale":"pt_BR","og_type":"article","og_title":"Testemunhos Diversos - Fraternidade Jesus Maria Jos\u00e9","og_description":"Considero-me filho espiritual da Bem-Aventurada Rita Amada de Jesus por imitar a sua vida de ora\u00e7\u00e3o, de discernimento espiritual, de comunh\u00e3o eclesial, e de participa\u00e7\u00e3o nas celebra\u00e7\u00f5es lit\u00fargicas da Igreja. Como leigo sigo engajado na Miss\u00e3o que ela deixou-nos, de servir \u00e0 Igreja e de santificar o mundo. Constato as preocupa\u00e7\u00f5es e as necessidades do [&hellip;]","og_url":"https:\/\/fraterjmj.org\/es\/testemunhos-diversos\/","og_site_name":"Fraternidade Jesus Maria Jos\u00e9","article_modified_time":"2020-08-05T10:32:36+00:00","twitter_card":"summary_large_image","twitter_misc":{"Est. tempo de leitura":"2 minutos"},"schema":{"@context":"https:\/\/schema.org","@graph":[{"@type":"WebPage","@id":"https:\/\/fraterjmj.org\/es\/testemunhos-diversos\/","url":"https:\/\/fraterjmj.org\/es\/testemunhos-diversos\/","name":"Testemunhos Diversos - Fraternidade Jesus Maria Jos\u00e9","isPartOf":{"@id":"https:\/\/fraterjmj.org\/es\/#website"},"datePublished":"2020-04-20T11:51:59+00:00","dateModified":"2020-08-05T10:32:36+00:00","breadcrumb":{"@id":"https:\/\/fraterjmj.org\/es\/testemunhos-diversos\/#breadcrumb"},"inLanguage":"pt-BR","potentialAction":[{"@type":"ReadAction","target":["https:\/\/fraterjmj.org\/es\/testemunhos-diversos\/"]}]},{"@type":"BreadcrumbList","@id":"https:\/\/fraterjmj.org\/es\/testemunhos-diversos\/#breadcrumb","itemListElement":[{"@type":"ListItem","position":1,"name":"In\u00edcio","item":"https:\/\/fraterjmj.org\/es\/"},{"@type":"ListItem","position":2,"name":"Testemunhos Diversos"}]},{"@type":"WebSite","@id":"https:\/\/fraterjmj.org\/es\/#website","url":"https:\/\/fraterjmj.org\/es\/","name":"Fraternidade Jesus Maria Jos\u00e9","description":"","potentialAction":[{"@type":"SearchAction","target":{"@type":"EntryPoint","urlTemplate":"https:\/\/fraterjmj.org\/es\/?s={search_term_string}"},"query-input":"required name=search_term_string"}],"inLanguage":"pt-BR"}]}},"_links":{"self":[{"href":"https:\/\/fraterjmj.org\/es\/wp-json\/wp\/v2\/pages\/114"}],"collection":[{"href":"https:\/\/fraterjmj.org\/es\/wp-json\/wp\/v2\/pages"}],"about":[{"href":"https:\/\/fraterjmj.org\/es\/wp-json\/wp\/v2\/types\/page"}],"author":[{"embeddable":true,"href":"https:\/\/fraterjmj.org\/es\/wp-json\/wp\/v2\/users\/1"}],"replies":[{"embeddable":true,"href":"https:\/\/fraterjmj.org\/es\/wp-json\/wp\/v2\/comments?post=114"}],"version-history":[{"count":0,"href":"https:\/\/fraterjmj.org\/es\/wp-json\/wp\/v2\/pages\/114\/revisions"}],"wp:attachment":[{"href":"https:\/\/fraterjmj.org\/es\/wp-json\/wp\/v2\/media?parent=114"}],"curies":[{"name":"wp","href":"https:\/\/api.w.org\/{rel}","templated":true}]}}