{"id":199,"date":"2020-07-01T08:34:23","date_gmt":"2020-07-01T11:34:23","guid":{"rendered":"https:\/\/fraterjmj.org\/es\/\/?page_id=199"},"modified":"2020-08-05T08:04:43","modified_gmt":"2020-08-05T11:04:43","slug":"administracao-dos-bens","status":"publish","type":"page","link":"https:\/\/fraterjmj.org\/es\/nossa-organizacao\/administracao-dos-bens\/","title":{"rendered":"Administra\u00e7\u00e3o dos Bens"},"content":{"rendered":"<h2 style=\"text-align: left;\"><b><i>Administra\u00e7\u00e3o dos Recursos Materiais e Financeiros<\/i><\/b><\/h2>\n<p><span style=\"font-weight: 400;\">Nossas estruturas preveem a gera\u00e7\u00e3o de <\/span><b><i>recursos materiais e financeiros<\/i><\/b><span style=\"font-weight: 400;\"> necess\u00e1rios \u00e0 nossa miss\u00e3o evangelizadora e caritativa, \u00e0 nossa autonomia institucional e \u00e0 sustenta\u00e7\u00e3o da nossa estrutura organizacional. Agimos sempre c\u00f4nscios de que tais recursos s\u00e3o apenas um meio, e que n\u00e3o devemos concentrar o melhor do nosso tempo e dos nossos esfor\u00e7os na sua obten\u00e7\u00e3o. <\/span><i><span style=\"font-weight: 400;\">(cf. Diret\u00f3rio da Fraternidade Jesus Maria Jos\u00e9 225)<\/span><\/i><i><span style=\"font-weight: 400;\">\u00a0<\/span><\/i><\/p>\n<p><i><span style=\"font-weight: 400;\">\u201cOs bens de uma pessoa jur\u00eddica na Igreja s\u00e3o bens eclesi\u00e1sticos, os quais ela administra em seu nome. Por isso s\u00e3o objeto de especial aten\u00e7\u00e3o e administrados com zelo e prud\u00eancia<\/span><\/i><span style=\"font-weight: 400;\">.\u201d <\/span><i><span style=\"font-weight: 400;\">(idem 226)<\/span><\/i><span style=\"font-weight: 400;\"> Os nossos bens s\u00e3o administrados em benef\u00edcio de todos, de forma transparente e respons\u00e1vel. <\/span><em><span style=\"font-weight: 400;\">(cf. idem 227)<\/span><\/em><\/p>\n","protected":false},"excerpt":{"rendered":"<p>Administra\u00e7\u00e3o dos Recursos Materiais e Financeiros Nossas estruturas preveem a gera\u00e7\u00e3o de recursos materiais e financeiros necess\u00e1rios \u00e0 nossa miss\u00e3o evangelizadora e caritativa, \u00e0 nossa autonomia institucional e \u00e0 sustenta\u00e7\u00e3o da nossa estrutura organizacional. Agimos sempre c\u00f4nscios de que tais recursos s\u00e3o apenas um meio, e que n\u00e3o devemos concentrar o melhor do nosso tempo [&hellip;]<\/p>\n","protected":false},"author":1,"featured_media":0,"parent":56,"menu_order":0,"comment_status":"closed","ping_status":"closed","template":"","meta":[],"acf":[],"yoast_head":"<!-- This site is optimized with the Yoast SEO plugin v19.13 - https:\/\/yoast.com\/wordpress\/plugins\/seo\/ -->\n<title>Administra\u00e7\u00e3o dos Bens - Fraternidade Jesus Maria Jos\u00e9<\/title>\n<meta name=\"robots\" content=\"index, follow, max-snippet:-1, max-image-preview:large, max-video-preview:-1\" \/>\n<link rel=\"canonical\" href=\"https:\/\/fraterjmj.org\/es\/nossa-organizacao\/administracao-dos-bens\/\" \/>\n<meta property=\"og:locale\" content=\"pt_BR\" \/>\n<meta property=\"og:type\" content=\"article\" \/>\n<meta property=\"og:title\" content=\"Administra\u00e7\u00e3o dos Bens - Fraternidade Jesus Maria Jos\u00e9\" \/>\n<meta property=\"og:description\" content=\"Administra\u00e7\u00e3o dos Recursos Materiais e Financeiros Nossas estruturas preveem a gera\u00e7\u00e3o de recursos materiais e financeiros necess\u00e1rios \u00e0 nossa miss\u00e3o evangelizadora e caritativa, \u00e0 nossa autonomia institucional e \u00e0 sustenta\u00e7\u00e3o da nossa estrutura organizacional. Agimos sempre c\u00f4nscios de que tais recursos s\u00e3o apenas um meio, e que n\u00e3o devemos concentrar o melhor do nosso tempo [&hellip;]\" \/>\n<meta property=\"og:url\" content=\"https:\/\/fraterjmj.org\/es\/nossa-organizacao\/administracao-dos-bens\/\" \/>\n<meta property=\"og:site_name\" content=\"Fraternidade Jesus Maria Jos\u00e9\" \/>\n<meta property=\"article:modified_time\" content=\"2020-08-05T11:04:43+00:00\" \/>\n<meta name=\"twitter:card\" content=\"summary_large_image\" \/>\n<meta name=\"twitter:label1\" content=\"Est. tempo de leitura\" \/>\n\t<meta name=\"twitter:data1\" content=\"1 minuto\" \/>\n<script type=\"application\/ld+json\" class=\"yoast-schema-graph\">{\"@context\":\"https:\/\/schema.org\",\"@graph\":[{\"@type\":\"WebPage\",\"@id\":\"https:\/\/fraterjmj.org\/es\/nossa-organizacao\/administracao-dos-bens\/\",\"url\":\"https:\/\/fraterjmj.org\/es\/nossa-organizacao\/administracao-dos-bens\/\",\"name\":\"Administra\u00e7\u00e3o dos Bens - Fraternidade Jesus Maria Jos\u00e9\",\"isPartOf\":{\"@id\":\"https:\/\/fraterjmj.org\/es\/#website\"},\"datePublished\":\"2020-07-01T11:34:23+00:00\",\"dateModified\":\"2020-08-05T11:04:43+00:00\",\"breadcrumb\":{\"@id\":\"https:\/\/fraterjmj.org\/es\/nossa-organizacao\/administracao-dos-bens\/#breadcrumb\"},\"inLanguage\":\"pt-BR\",\"potentialAction\":[{\"@type\":\"ReadAction\",\"target\":[\"https:\/\/fraterjmj.org\/es\/nossa-organizacao\/administracao-dos-bens\/\"]}]},{\"@type\":\"BreadcrumbList\",\"@id\":\"https:\/\/fraterjmj.org\/es\/nossa-organizacao\/administracao-dos-bens\/#breadcrumb\",\"itemListElement\":[{\"@type\":\"ListItem\",\"position\":1,\"name\":\"In\u00edcio\",\"item\":\"https:\/\/fraterjmj.org\/es\/\"},{\"@type\":\"ListItem\",\"position\":2,\"name\":\"Nossa Organiza\u00e7\u00e3o\",\"item\":\"https:\/\/fraterjmj.org\/es\/nossa-organizacao\/\"},{\"@type\":\"ListItem\",\"position\":3,\"name\":\"Administra\u00e7\u00e3o dos Bens\"}]},{\"@type\":\"WebSite\",\"@id\":\"https:\/\/fraterjmj.org\/es\/#website\",\"url\":\"https:\/\/fraterjmj.org\/es\/\",\"name\":\"Fraternidade Jesus Maria Jos\u00e9\",\"description\":\"\",\"potentialAction\":[{\"@type\":\"SearchAction\",\"target\":{\"@type\":\"EntryPoint\",\"urlTemplate\":\"https:\/\/fraterjmj.org\/es\/?s={search_term_string}\"},\"query-input\":\"required name=search_term_string\"}],\"inLanguage\":\"pt-BR\"}]}<\/script>\n<!-- \/ Yoast SEO plugin. -->","yoast_head_json":{"title":"Administra\u00e7\u00e3o dos Bens - Fraternidade Jesus Maria Jos\u00e9","robots":{"index":"index","follow":"follow","max-snippet":"max-snippet:-1","max-image-preview":"max-image-preview:large","max-video-preview":"max-video-preview:-1"},"canonical":"https:\/\/fraterjmj.org\/es\/nossa-organizacao\/administracao-dos-bens\/","og_locale":"pt_BR","og_type":"article","og_title":"Administra\u00e7\u00e3o dos Bens - Fraternidade Jesus Maria Jos\u00e9","og_description":"Administra\u00e7\u00e3o dos Recursos Materiais e Financeiros Nossas estruturas preveem a gera\u00e7\u00e3o de recursos materiais e financeiros necess\u00e1rios \u00e0 nossa miss\u00e3o evangelizadora e caritativa, \u00e0 nossa autonomia institucional e \u00e0 sustenta\u00e7\u00e3o da nossa estrutura organizacional. Agimos sempre c\u00f4nscios de que tais recursos s\u00e3o apenas um meio, e que n\u00e3o devemos concentrar o melhor do nosso tempo [&hellip;]","og_url":"https:\/\/fraterjmj.org\/es\/nossa-organizacao\/administracao-dos-bens\/","og_site_name":"Fraternidade Jesus Maria Jos\u00e9","article_modified_time":"2020-08-05T11:04:43+00:00","twitter_card":"summary_large_image","twitter_misc":{"Est. tempo de leitura":"1 minuto"},"schema":{"@context":"https:\/\/schema.org","@graph":[{"@type":"WebPage","@id":"https:\/\/fraterjmj.org\/es\/nossa-organizacao\/administracao-dos-bens\/","url":"https:\/\/fraterjmj.org\/es\/nossa-organizacao\/administracao-dos-bens\/","name":"Administra\u00e7\u00e3o dos Bens - Fraternidade Jesus Maria Jos\u00e9","isPartOf":{"@id":"https:\/\/fraterjmj.org\/es\/#website"},"datePublished":"2020-07-01T11:34:23+00:00","dateModified":"2020-08-05T11:04:43+00:00","breadcrumb":{"@id":"https:\/\/fraterjmj.org\/es\/nossa-organizacao\/administracao-dos-bens\/#breadcrumb"},"inLanguage":"pt-BR","potentialAction":[{"@type":"ReadAction","target":["https:\/\/fraterjmj.org\/es\/nossa-organizacao\/administracao-dos-bens\/"]}]},{"@type":"BreadcrumbList","@id":"https:\/\/fraterjmj.org\/es\/nossa-organizacao\/administracao-dos-bens\/#breadcrumb","itemListElement":[{"@type":"ListItem","position":1,"name":"In\u00edcio","item":"https:\/\/fraterjmj.org\/es\/"},{"@type":"ListItem","position":2,"name":"Nossa Organiza\u00e7\u00e3o","item":"https:\/\/fraterjmj.org\/es\/nossa-organizacao\/"},{"@type":"ListItem","position":3,"name":"Administra\u00e7\u00e3o dos Bens"}]},{"@type":"WebSite","@id":"https:\/\/fraterjmj.org\/es\/#website","url":"https:\/\/fraterjmj.org\/es\/","name":"Fraternidade Jesus Maria Jos\u00e9","description":"","potentialAction":[{"@type":"SearchAction","target":{"@type":"EntryPoint","urlTemplate":"https:\/\/fraterjmj.org\/es\/?s={search_term_string}"},"query-input":"required name=search_term_string"}],"inLanguage":"pt-BR"}]}},"_links":{"self":[{"href":"https:\/\/fraterjmj.org\/es\/wp-json\/wp\/v2\/pages\/199"}],"collection":[{"href":"https:\/\/fraterjmj.org\/es\/wp-json\/wp\/v2\/pages"}],"about":[{"href":"https:\/\/fraterjmj.org\/es\/wp-json\/wp\/v2\/types\/page"}],"author":[{"embeddable":true,"href":"https:\/\/fraterjmj.org\/es\/wp-json\/wp\/v2\/users\/1"}],"replies":[{"embeddable":true,"href":"https:\/\/fraterjmj.org\/es\/wp-json\/wp\/v2\/comments?post=199"}],"version-history":[{"count":0,"href":"https:\/\/fraterjmj.org\/es\/wp-json\/wp\/v2\/pages\/199\/revisions"}],"up":[{"embeddable":true,"href":"https:\/\/fraterjmj.org\/es\/wp-json\/wp\/v2\/pages\/56"}],"wp:attachment":[{"href":"https:\/\/fraterjmj.org\/es\/wp-json\/wp\/v2\/media?parent=199"}],"curies":[{"name":"wp","href":"https:\/\/api.w.org\/{rel}","templated":true}]}}