{"id":28,"date":"2020-04-20T08:06:20","date_gmt":"2020-04-20T11:06:20","guid":{"rendered":"https:\/\/fraterjmj.org\/es\/\/?page_id=28"},"modified":"2020-09-23T17:46:19","modified_gmt":"2020-09-23T20:46:19","slug":"historia-da-fraternidade","status":"publish","type":"page","link":"https:\/\/fraterjmj.org\/es\/nossa-historia\/historia-da-fraternidade\/","title":{"rendered":"Hist\u00f3ria da Fraternidade"},"content":{"rendered":"<h2 style=\"text-align: left;\">BREVE HIST\u00d3RICO DA FRATERNIDADE JESUS MARIA JOS\u00c9<\/h2>\n<p><strong>Os Primeiros Passos<\/strong><\/p>\n<p>Em 1992, a Comunidade das Irm\u00e3s do Instituto Jesus Maria Jos\u00e9, no bairro do Prenda, em Luanda &#8211; Angola, em momento comunit\u00e1rio de leitura espiritual, medita um documento do episcopado africano. Nele os Bispos lan\u00e7am um apelo aos Institutos de Vida Consagrada para que permitam e estimulem os leigos a viverem os seus respectivos carismas.<\/p>\n<p>Na ocasi\u00e3o, o <em>Instituto Jesus Maria Jos\u00e9 <\/em>deseja que leigos e leigas sejam agregados \u00e0 sua Miss\u00e3o. As Irm\u00e3s em Luanda percebem a sintonia entre os apelos do Episcopado e do Instituto. Ap\u00f3s um tempo de reflex\u00e3o, di\u00e1logo e discernimento, decidem organizar uma iniciativa neste sentido. Em 2 de dezembro de 1992, a Irm\u00e3 Ot\u00edlia Tomazi convida o casal de leigos catequistas, Jos\u00e9 Jo\u00e3o Maocha e Paula Ramos Maocha, a se associarem \u00e0 iniciativa.<\/p>\n<p>Na sequ\u00eancia, um grupo de cerca de quarenta pessoas participa de um primeiro encontro, no dia <em>10 de dezembro de 1992<\/em>, onde s\u00e3o apresentados os objetivos e formulado o convite para iniciarem a experi\u00eancia. Come\u00e7am com reuni\u00f5es semanais de ora\u00e7\u00e3o e estudo para aprofundar a vida e o <em>Carisma de Rita Amada de Jesus<\/em>, sua espiritualidade e sua miss\u00e3o. Nasce a <em>Fraternidade Jesus Maria Jos\u00e9<\/em>.<\/p>\n<div id=\"attachment_760\" style=\"width: 310px\" class=\"wp-caption alignnone\"><img aria-describedby=\"caption-attachment-760\" loading=\"lazy\" class=\"size-medium wp-image-760\" src=\"https:\/\/fraterjmj.org\/es\/wp-content\/uploads\/2020\/09\/Primeiro-Grupo-FJMJ-Luanda-Angola-300x200.jpg\" alt=\"\" width=\"300\" height=\"200\" srcset=\"https:\/\/fraterjmj.org\/es\/wp-content\/uploads\/2020\/09\/Primeiro-Grupo-FJMJ-Luanda-Angola-300x200.jpg 300w, https:\/\/fraterjmj.org\/es\/wp-content\/uploads\/2020\/09\/Primeiro-Grupo-FJMJ-Luanda-Angola-1200x800.jpg 1200w, https:\/\/fraterjmj.org\/es\/wp-content\/uploads\/2020\/09\/Primeiro-Grupo-FJMJ-Luanda-Angola-768x512.jpg 768w, https:\/\/fraterjmj.org\/es\/wp-content\/uploads\/2020\/09\/Primeiro-Grupo-FJMJ-Luanda-Angola.jpg 1280w\" sizes=\"(max-width: 300px) 100vw, 300px\" \/><p id=\"caption-attachment-760\" class=\"wp-caption-text\">Primeiro Grupo &#8211; Luanda . Angola &#8211; 1992<\/p><\/div>\n<p><strong>A Organiza\u00e7\u00e3o Inicial<\/strong><\/p>\n<p>A atua\u00e7\u00e3o dos primeiros membros d\u00e1-se pela ora\u00e7\u00e3o em fam\u00edlia, pela ajuda aos pobres necessitados, pela visita de apoio aos doentes, e pela colabora\u00e7\u00e3o com a par\u00f3quia, na anima\u00e7\u00e3o de festas e prociss\u00f5es, na catequese sacramental, na prepara\u00e7\u00e3o ao matrim\u00f4nio. Assim, inicia-se uma caminhada e a nossa associa\u00e7\u00e3o se torna realidade.<\/p>\n<p>Ap\u00f3s o primeiro ano de exist\u00eancia, para aqueles que perseveraram, o Senhor tinha um especial des\u00edgnio. Para estes, aos poucos, a din\u00e2mica de vida do grupo foi-se delineando: dias especiais de ora\u00e7\u00e3o, e retiros espirituais; reuni\u00f5es de estudo, debate e reflex\u00e3o; visitas caritativas aos pobres e aos doentes; participa\u00e7\u00e3o nas atividades paroquiais; momentos de celebra\u00e7\u00e3o, festa e conv\u00edvio.<\/p>\n<p>Quando o grupo atinge n\u00edvel de consist\u00eancia e compromisso satisfat\u00f3rios, elabora-se, ent\u00e3o, um primeiro estatuto e a <em>Fraternidade Jesus Maria Jos\u00e9<\/em> come\u00e7a a ganhar corpo institucional, na simplicidade das pessoas e na escassez dos recursos, com cada membro a oferecer na sua medida do que era e do que tinha , como a moeda da vi\u00fava de que fala o Evangelho. <em>(Marcos 12, 41-44; Lucas 21, 1-4)<\/em><\/p>\n<p><strong>Os Co-Fundadores<\/strong><\/p>\n<p>A <em>Fraternidade Jesus Maria Jos\u00e9<\/em> n\u00e3o se desenvolve de forma org\u00e2nica e pela a\u00e7\u00e3o direta e a lideran\u00e7a de uma \u00fanica pessoa. O senhor Jos\u00e9 Jo\u00e3o Maocha, junto com Irm\u00e3 Ot\u00edlia Tomazi, coordenam a instala\u00e7\u00e3o do nosso primeiro grupo em Luanda &#8211; Angola, nesse anos de 1992. Jos\u00e9 Jo\u00e3o Maocha persevera em nossa associa\u00e7\u00e3o at\u00e9 os dias de hoje, sempre a exercer forte lideran\u00e7a, com eloquente testemunho de vida crist\u00e3.<\/p>\n<p>Jos\u00e9 Jo\u00e3o Maocha, nascido em Cabo Verde, casado e pais de tr\u00eas filhos, imigra para S\u00e3o Tom\u00e9 e Pr\u00edncipe e de l\u00e1, posteriormente, para Angola, onde permanece muitos anos. Ao se aposentar, regressa \u00e0 sua Cabo Verde natal, onde reside atualmente em Mindelo, S\u00e3o Vicente. Catequista formado, desde a mais tenra idade \u00e9 leigo atuante na Igreja.<\/p>\n<p>Irm\u00e3 Ot\u00edlia Tomazi, nascida no Brasil, religiosa consagrada no Instituto Jesus Maria Jos\u00e9, h\u00e1 mais de 50 anos. Grande parte de sua atividade pastoral foi exercida na \u00c1frica; em Angola, Mo\u00e7ambique e Cabo Verde, onde reside atualmente. Sua voca\u00e7\u00e3o mission\u00e1ria a leva a romper paradigmas e a dedicar-se com ardor \u00e0 causa na qual consagrara a sua vida.<\/p>\n<p>A <em>Fraternidade Jesus Maria Jos\u00e9<\/em> n\u00e3o possui propriamente um fundador, em virtude da forma como nossa associa\u00e7\u00e3o desenvolveu ao longo do tempo. A partir de Angola, a Irm\u00e3 Ot\u00edlia Tomazi leva a proposta o para o Brasil (1999), e o senhor Jos\u00e9 Jo\u00e3o Maocha, a implanta mais tarde em Cabo Verde (2000). Consideramo-los como nossos Co-Fundadores, pelo decisivo impulso que deram para a expans\u00e3o inicial de nossa associa\u00e7\u00e3o.<\/p>\n<p><em><strong>A Fundadora da Fraternidade Jesus Maria Jos\u00e9 \u00e9 a Bem-Aventurada Rita Amada de Jesus, de cujo cora\u00e7\u00e3o, esp\u00edrito e carisma nasceu nossa associa\u00e7\u00e3o.<\/strong><\/em><\/p>\n<p><strong>O Desenvolvimento Institucional<\/strong><\/p>\n<p>A Provid\u00eancia Divina permite que a pequena semente fosse transplantada em outras terras, que logo se mostram igualmente boas e fecundas. Aos poucos a F<em>raternidade Jesus Maria Jos\u00e9<\/em> segue a se consolidar e expandir por outras na\u00e7\u00f5es e continentes. O Esp\u00edrito Santo suscitar\u00e1 em muitos outros leigos, leigas e sacerdotes a decis\u00e3o de viverem o seu batismo e a sua voca\u00e7\u00e3o na Igreja segundo o <em>Carisma da Bem-Aventurada Rita Amada de Jesus<\/em>.<\/p>\n<p>O <em>Instituto Jesus Maria Jos\u00e9<\/em>, Instituto de Vida Consagrada, de Direito Pontif\u00edcio, fundado por <em>Rita Amada de Jesus<\/em> em 1880, a quem coube preservar no tempo o dom do Carisma de nossa Fundadora, acompanha e apoia o desenvolvimento da nossa associa\u00e7\u00e3o. Gradativamente reconhece a sua legitimidade e assim aprova-a oficialmente no ano de 2012. Por meio do Instituto, chega-nos no ano de 2013 o reconhecimento da Santa S\u00e9.<\/p>\n<p>Nossa associa\u00e7\u00e3o foi fundada com o nome Associados Jesus Maria Jos\u00e9 e, posteriormente, passou a chamar-se Fam\u00edlia Jesus Maria Jos\u00e9. A partir de 2017 adota a atual denomina\u00e7\u00e3o de <em>Fraternidade Jesus Maria Jos\u00e9<\/em>. No dia 1\u00ba de dezembro de 2017 realiza-se a sua 1\u00aa Assembleia Geral Internacional, que aprova <em>ad experimentum<\/em> o seu novo Diret\u00f3rio, pelo qual a nossa associa\u00e7\u00e3o de fi\u00e9is leigos e cl\u00e9rigos passa a nortear a sua vida institucional.<\/p>\n","protected":false},"excerpt":{"rendered":"<p>BREVE HIST\u00d3RICO DA FRATERNIDADE JESUS MARIA JOS\u00c9 Os Primeiros Passos Em 1992, a Comunidade das Irm\u00e3s do Instituto Jesus Maria Jos\u00e9, no bairro do Prenda, em Luanda &#8211; Angola, em momento comunit\u00e1rio de leitura espiritual, medita um documento do episcopado africano. Nele os Bispos lan\u00e7am um apelo aos Institutos de Vida Consagrada para que permitam [&hellip;]<\/p>\n","protected":false},"author":1,"featured_media":0,"parent":26,"menu_order":0,"comment_status":"closed","ping_status":"closed","template":"","meta":[],"acf":[],"yoast_head":"<!-- This site is optimized with the Yoast SEO plugin v19.13 - https:\/\/yoast.com\/wordpress\/plugins\/seo\/ -->\n<title>Hist\u00f3ria da Fraternidade - Fraternidade Jesus Maria Jos\u00e9<\/title>\n<meta name=\"robots\" content=\"index, follow, max-snippet:-1, max-image-preview:large, max-video-preview:-1\" \/>\n<link rel=\"canonical\" href=\"https:\/\/fraterjmj.org\/es\/nossa-historia\/historia-da-fraternidade\/\" \/>\n<meta property=\"og:locale\" content=\"pt_BR\" \/>\n<meta property=\"og:type\" content=\"article\" \/>\n<meta property=\"og:title\" content=\"Hist\u00f3ria da Fraternidade - Fraternidade Jesus Maria Jos\u00e9\" \/>\n<meta property=\"og:description\" content=\"BREVE HIST\u00d3RICO DA FRATERNIDADE JESUS MARIA JOS\u00c9 Os Primeiros Passos Em 1992, a Comunidade das Irm\u00e3s do Instituto Jesus Maria Jos\u00e9, no bairro do Prenda, em Luanda &#8211; Angola, em momento comunit\u00e1rio de leitura espiritual, medita um documento do episcopado africano. Nele os Bispos lan\u00e7am um apelo aos Institutos de Vida Consagrada para que permitam [&hellip;]\" \/>\n<meta property=\"og:url\" content=\"https:\/\/fraterjmj.org\/es\/nossa-historia\/historia-da-fraternidade\/\" \/>\n<meta property=\"og:site_name\" content=\"Fraternidade Jesus Maria Jos\u00e9\" \/>\n<meta property=\"article:modified_time\" content=\"2020-09-23T20:46:19+00:00\" \/>\n<meta property=\"og:image\" content=\"https:\/\/fraterjmj.org\/es\/wp-content\/uploads\/2020\/09\/Primeiro-Grupo-FJMJ-Luanda-Angola-300x200.jpg\" \/>\n<meta name=\"twitter:card\" content=\"summary_large_image\" \/>\n<meta name=\"twitter:label1\" content=\"Est. tempo de leitura\" \/>\n\t<meta name=\"twitter:data1\" content=\"5 minutos\" \/>\n<script type=\"application\/ld+json\" class=\"yoast-schema-graph\">{\"@context\":\"https:\/\/schema.org\",\"@graph\":[{\"@type\":\"WebPage\",\"@id\":\"https:\/\/fraterjmj.org\/es\/nossa-historia\/historia-da-fraternidade\/\",\"url\":\"https:\/\/fraterjmj.org\/es\/nossa-historia\/historia-da-fraternidade\/\",\"name\":\"Hist\u00f3ria da Fraternidade - Fraternidade Jesus Maria Jos\u00e9\",\"isPartOf\":{\"@id\":\"https:\/\/fraterjmj.org\/es\/#website\"},\"datePublished\":\"2020-04-20T11:06:20+00:00\",\"dateModified\":\"2020-09-23T20:46:19+00:00\",\"breadcrumb\":{\"@id\":\"https:\/\/fraterjmj.org\/es\/nossa-historia\/historia-da-fraternidade\/#breadcrumb\"},\"inLanguage\":\"pt-BR\",\"potentialAction\":[{\"@type\":\"ReadAction\",\"target\":[\"https:\/\/fraterjmj.org\/es\/nossa-historia\/historia-da-fraternidade\/\"]}]},{\"@type\":\"BreadcrumbList\",\"@id\":\"https:\/\/fraterjmj.org\/es\/nossa-historia\/historia-da-fraternidade\/#breadcrumb\",\"itemListElement\":[{\"@type\":\"ListItem\",\"position\":1,\"name\":\"In\u00edcio\",\"item\":\"https:\/\/fraterjmj.org\/es\/\"},{\"@type\":\"ListItem\",\"position\":2,\"name\":\"Nossa Hist\u00f3ria\",\"item\":\"https:\/\/fraterjmj.org\/es\/nossa-historia\/\"},{\"@type\":\"ListItem\",\"position\":3,\"name\":\"Hist\u00f3ria da Fraternidade\"}]},{\"@type\":\"WebSite\",\"@id\":\"https:\/\/fraterjmj.org\/es\/#website\",\"url\":\"https:\/\/fraterjmj.org\/es\/\",\"name\":\"Fraternidade Jesus Maria Jos\u00e9\",\"description\":\"\",\"potentialAction\":[{\"@type\":\"SearchAction\",\"target\":{\"@type\":\"EntryPoint\",\"urlTemplate\":\"https:\/\/fraterjmj.org\/es\/?s={search_term_string}\"},\"query-input\":\"required name=search_term_string\"}],\"inLanguage\":\"pt-BR\"}]}<\/script>\n<!-- \/ Yoast SEO plugin. -->","yoast_head_json":{"title":"Hist\u00f3ria da Fraternidade - Fraternidade Jesus Maria Jos\u00e9","robots":{"index":"index","follow":"follow","max-snippet":"max-snippet:-1","max-image-preview":"max-image-preview:large","max-video-preview":"max-video-preview:-1"},"canonical":"https:\/\/fraterjmj.org\/es\/nossa-historia\/historia-da-fraternidade\/","og_locale":"pt_BR","og_type":"article","og_title":"Hist\u00f3ria da Fraternidade - Fraternidade Jesus Maria Jos\u00e9","og_description":"BREVE HIST\u00d3RICO DA FRATERNIDADE JESUS MARIA JOS\u00c9 Os Primeiros Passos Em 1992, a Comunidade das Irm\u00e3s do Instituto Jesus Maria Jos\u00e9, no bairro do Prenda, em Luanda &#8211; Angola, em momento comunit\u00e1rio de leitura espiritual, medita um documento do episcopado africano. Nele os Bispos lan\u00e7am um apelo aos Institutos de Vida Consagrada para que permitam [&hellip;]","og_url":"https:\/\/fraterjmj.org\/es\/nossa-historia\/historia-da-fraternidade\/","og_site_name":"Fraternidade Jesus Maria Jos\u00e9","article_modified_time":"2020-09-23T20:46:19+00:00","og_image":[{"url":"https:\/\/fraterjmj.org\/es\/wp-content\/uploads\/2020\/09\/Primeiro-Grupo-FJMJ-Luanda-Angola-300x200.jpg"}],"twitter_card":"summary_large_image","twitter_misc":{"Est. tempo de leitura":"5 minutos"},"schema":{"@context":"https:\/\/schema.org","@graph":[{"@type":"WebPage","@id":"https:\/\/fraterjmj.org\/es\/nossa-historia\/historia-da-fraternidade\/","url":"https:\/\/fraterjmj.org\/es\/nossa-historia\/historia-da-fraternidade\/","name":"Hist\u00f3ria da Fraternidade - Fraternidade Jesus Maria Jos\u00e9","isPartOf":{"@id":"https:\/\/fraterjmj.org\/es\/#website"},"datePublished":"2020-04-20T11:06:20+00:00","dateModified":"2020-09-23T20:46:19+00:00","breadcrumb":{"@id":"https:\/\/fraterjmj.org\/es\/nossa-historia\/historia-da-fraternidade\/#breadcrumb"},"inLanguage":"pt-BR","potentialAction":[{"@type":"ReadAction","target":["https:\/\/fraterjmj.org\/es\/nossa-historia\/historia-da-fraternidade\/"]}]},{"@type":"BreadcrumbList","@id":"https:\/\/fraterjmj.org\/es\/nossa-historia\/historia-da-fraternidade\/#breadcrumb","itemListElement":[{"@type":"ListItem","position":1,"name":"In\u00edcio","item":"https:\/\/fraterjmj.org\/es\/"},{"@type":"ListItem","position":2,"name":"Nossa Hist\u00f3ria","item":"https:\/\/fraterjmj.org\/es\/nossa-historia\/"},{"@type":"ListItem","position":3,"name":"Hist\u00f3ria da Fraternidade"}]},{"@type":"WebSite","@id":"https:\/\/fraterjmj.org\/es\/#website","url":"https:\/\/fraterjmj.org\/es\/","name":"Fraternidade Jesus Maria Jos\u00e9","description":"","potentialAction":[{"@type":"SearchAction","target":{"@type":"EntryPoint","urlTemplate":"https:\/\/fraterjmj.org\/es\/?s={search_term_string}"},"query-input":"required name=search_term_string"}],"inLanguage":"pt-BR"}]}},"_links":{"self":[{"href":"https:\/\/fraterjmj.org\/es\/wp-json\/wp\/v2\/pages\/28"}],"collection":[{"href":"https:\/\/fraterjmj.org\/es\/wp-json\/wp\/v2\/pages"}],"about":[{"href":"https:\/\/fraterjmj.org\/es\/wp-json\/wp\/v2\/types\/page"}],"author":[{"embeddable":true,"href":"https:\/\/fraterjmj.org\/es\/wp-json\/wp\/v2\/users\/1"}],"replies":[{"embeddable":true,"href":"https:\/\/fraterjmj.org\/es\/wp-json\/wp\/v2\/comments?post=28"}],"version-history":[{"count":0,"href":"https:\/\/fraterjmj.org\/es\/wp-json\/wp\/v2\/pages\/28\/revisions"}],"up":[{"embeddable":true,"href":"https:\/\/fraterjmj.org\/es\/wp-json\/wp\/v2\/pages\/26"}],"wp:attachment":[{"href":"https:\/\/fraterjmj.org\/es\/wp-json\/wp\/v2\/media?parent=28"}],"curies":[{"name":"wp","href":"https:\/\/api.w.org\/{rel}","templated":true}]}}