{"id":30,"date":"2020-04-20T08:06:34","date_gmt":"2020-04-20T11:06:34","guid":{"rendered":"https:\/\/fraterjmj.org\/es\/\/?page_id=30"},"modified":"2020-08-04T10:26:58","modified_gmt":"2020-08-04T13:26:58","slug":"identidade","status":"publish","type":"page","link":"https:\/\/fraterjmj.org\/es\/nossa-historia\/identidade\/","title":{"rendered":"Identidade"},"content":{"rendered":"<h2 style=\"text-align: left;\">Nossa Identidade<\/h2>\n<p>A Identidade \u00e9 o conjunto de caracter\u00edsticas pr\u00f3prias e exclusivas com os quais se pode diferenciar uma realidade de outra. No seio da Igreja Cat\u00f3lica Apost\u00f3lica Romana s\u00e3o in\u00fameras as formas de organiza\u00e7\u00e3o dos fi\u00e9is, express\u00e3o da diversidade dos dons espirituais, cada qual segundo o seu carisma e o seu minist\u00e9rio, com uma identidade pr\u00f3pria que a distingue das demais. <em>(cf. 1 Cor. 12-<em>14)<\/em><\/em><\/p>\n<p>Em um associa\u00e7\u00e3o ou movimento na Igreja a sua identidade se expressa tanto pelo conjunto dos elementos que o constituem em si mesmos, bem como pela din\u00e2mica com que tais elementos se estruturam, se relacionam e interagem entre si. Assim, permite-se que uma institui\u00e7\u00e3o tenha alguns elementos comuns a uma outra, ou a at\u00e9 mesmo todos, sem no entanto perder a sua identidade pr\u00f3pria. A identidade resulta da simbiose entre Carisma, Organiza\u00e7\u00e3o e Natureza Jur\u00eddica.<\/p>\n<h3>O CARISMA DE RITA AMADA DE JESUS<\/h3>\n<p>&#8220;O <strong>Carisma<\/strong> <strong>de Rita Amada de Jesus \u00e9 dimens\u00e3o fundante da identidade da<\/strong> <strong>Fraternidade Jesus Maria Jos\u00e9<\/strong>, ao qual os membros aderem pessoal e comunitariamente, com o compromisso de viv\u00ea-lo, preserv\u00e1-lo e difundi-lo. Colocam-se ao seu servi\u00e7o, e por ele ao servi\u00e7o da Igreja e dos homens e mulheres do nosso tempo. Compartilham o mesmo Carisma com outros crist\u00e3os, que a ele aderem e o vivem em distintas estruturas e condi\u00e7\u00f5es\u201d. <em>(Diret\u00f3rio da<\/em> <em>Fraternidade Jesus Maria Jos\u00e9 60)<\/em><\/p>\n<h3>A ESPIRITUALIDADE E A MISS\u00c3O<\/h3>\n<p>A nossa <strong>Espiritualidade<\/strong>, condensada na <em>imita\u00e7\u00e3o da Sagrada Fam\u00edlia em Nazar\u00e9<\/em>, e a nossa <strong>Miss\u00e3o<\/strong>, concretizada pelo <em>an\u00fancio do Evangelho da Convers\u00e3o<\/em>, com as express\u00f5es apost\u00f3licas e pastorais que lhe s\u00e3o pr\u00f3prias, gozam de <strong>centralidade em nossa identidade e em nossas vidas<\/strong>. <em>(cf. Diret\u00f3rio da<\/em> <em>Fraternidade Jesus Maria Jos\u00e9 82, 92, 104 e 122)<\/em><\/p>\n<h3>A IDENTIDADE SECULAR<\/h3>\n<p>O <em>Carisma de Rita Amada de Jesus<\/em> \u00e9 alicerce de uma mesma identidade eclesial para crist\u00e3os em distintos estados de vida <em>(laical, religiosa ou clerical)<\/em> e em diversas formas de organiza\u00e7\u00e3o. <em>(cf. Diret\u00f3rio da Fraternidade Jesus<\/em> <em>Maria Jos\u00e9 58)<\/em> A identidade da <em>Fraternidade Jesus Maria Jos\u00e9<\/em> \u00e9 profundamente marcada pela sua <strong>natureza secular<\/strong>. Seus membros s\u00e3o crist\u00e3os que vivem seu batismo no mundo <em>(&#8220;s\u00e9culo&#8221;)<\/em>, seja como leigos, casados ou solteiros, seja como cl\u00e9rigos seculares. \u201cA identidade &#8216;secular&#8217; \u00e9 manifesta\u00e7\u00e3o do Reino de Deus sob o aspecto instrumental, raz\u00e3o pela qual a promo\u00e7\u00e3o dos valores do Reino \u00e9 de suma import\u00e2ncia na identidade e na miss\u00e3o.\u201d <em>(cf. Diret\u00f3rio da Fraternidade<\/em> <em>Jesus Maria Jos\u00e9 152)<\/em><\/p>\n<h3>A SANTIDADE NO MUNDO<\/h3>\n<p>A nossa identidade tem por princ\u00edpio fundante o compromisso de seus membros em aspirar \u00e0 santidade, preservando o seu estado de vida laical e secular. Comprometemo-nos a progredir rumo \u00e0 perfei\u00e7\u00e3o crist\u00e3 e \u00e0 santidade exigidas pelo nosso compromisso batismal, <em>(cf. Diret\u00f3rio da Fraternidade Jesus Maria Jos\u00e9 85)<\/em> a fim de sermos \u201csantos como o nosso Pai Celeste \u00e9 santo\u201d. <em>(Mt. 5, 38)<\/em> Buscamos a <strong>santidade no mundo, <\/strong>\u201c\u2018<em>ao p\u00e9 da porta<\/em>\u2019, daqueles que vivem perto de n\u00f3s e s\u00e3o um reflexo da presen\u00e7a de Deus, ou \u2013 por outras palavras \u2013 da \u2018classe m\u00e9dia da santidade\u2019.\u201d <em>(Papa Francisco, Gaudete et Exsultate 6 &#8211; 7)<\/em><\/p>\n<h3>A FRATERNIDADE<\/h3>\n<p>Irm\u00e3os e irm\u00e3s espirituais, unidos na fraternidade e na comunh\u00e3o em um mesmo compromisso de vida, devotamos especial afei\u00e7\u00e3o rec\u00edproca entre n\u00f3s. Avan\u00e7amos unidos no engajamento eclesial, animados \u201cpelo ideal comum de viver e difundir a obra e o Carisma de Rita Amada de Jesus sob uma mesma denomina\u00e7\u00e3o\u201d de <strong><em>Fraternidade<\/em><\/strong>. <em>(Diret\u00f3rio da Fraternidade Jesus Maria Jos\u00e9 50)<\/em> \u201cCada um de n\u00f3s, com a sua trajet\u00f3ria existencial e com hist\u00f3rias de vida diversas, pela Vontade da Provid\u00eancia Divina, encontramo-nos reunidos. Reine profunda comunh\u00e3o entre os membros de uma Comunidade, assim como entre os de todas as Comunidades, presentes em tantas na\u00e7\u00f5es e culturas distintas. Respeitadas as diferen\u00e7as existentes nos mantemos unidos pelos ideais e valores comuns.\u201d <em>(Diret\u00f3rio da Fraternidade Jesus Maria Jos\u00e9 193).<\/em><\/p>\n<h3>AS FINALIDADES<\/h3>\n<p>As finalidades com as quais os nossos membros se comprometem e se engajam s\u00e3o caracter\u00edsticas essenciais da nossa identidade. \u201cA Fraternidade Jesus Maria Jos\u00e9 tem por<strong> finalidades<\/strong> buscar a maior Gl\u00f3ria de Deus, auxiliar os seus membros na busca permanente da pr\u00f3pria convers\u00e3o, trabalhar para a convers\u00e3o dos crist\u00e3os e n\u00e3o-crist\u00e3os, defender os valores da fam\u00edlia, empreender a\u00e7\u00f5es evangelizadoras e caritativas, e difundir a vida e o <em>Carisma da Bem-Aventurada Rita Amada de Jesus<\/em>.\u201d <em>(cf. Diret\u00f3rio da Fraternidade Jesus Maria Jos\u00e9<\/em> <em>69)<\/em>.<\/p>\n<h3>A ASSOCIA\u00c7\u00c3O<\/h3>\n<p>A <em>Fraternidade Jesus Maria Jos\u00e9<\/em>, organiza-se sob o formato associativo, de acordo com o direito da Igreja. <em>(cf. CDC 299, 301, 303-304, 312,<\/em> <em>321-322)<\/em> Somos uma associa\u00e7\u00e3o mista de fi\u00e9is, de leigos e cl\u00e9rigos, iguais em direitos e deveres. A nossa identidade associativa\u00a0traduz o direito \u00e0 livre <strong>associa\u00e7\u00e3o<\/strong> de fi\u00e9is em torno de objetivos comuns, dos quais os seus membros comungam e com os quais se comprometem.<\/p>\n<h3>A ESTRUTURA ORGANIZACIONAL<\/h3>\n<p>A nossa <strong>estrutura organizacional<\/strong> consiste na uni\u00e3o dos que se vinculam \u00e0 Fraternidade Jesus Maria Jos\u00e9, em suas diversas categorias, especialmente a dos membros efetivos que a ela se associam em car\u00e1ter pleno e definitivo, e sobre quem a nossa associa\u00e7\u00e3o e a sua organiza\u00e7\u00e3o repousam. Sua base organizacional s\u00e3o os grupos e Comunidades, \u00e0s quais os nossos membros se integram, sempre que poss\u00edvel, a fim de viver o seu compromisso institucional e eclesial. <em>(cf. Diret\u00f3rio da <\/em> <em>Fraternidade Jesus Maria Jos\u00e9 198)<\/em> Com estruturas pr\u00f3prias, nossa associa\u00e7\u00e3o goza de autonomia jur\u00eddica, administrativa e financeira.<\/p>\n<h3>A INTEGRA\u00c7\u00c3O NA FAM\u00cdLIA JESUS MARIA JOS\u00c9<\/h3>\n<p>Integrar a imensa fam\u00edlia espiritual, congregada em torno da <em>Obra e do Carisma de Rita Amada de Jesus,<\/em> constitui elemento da nossa identidade. Somos parte integrante, a t\u00edtulo pleno, da grande <strong>Fam\u00edlia Jesus Maria Jos\u00e9<\/strong>. <em>(cf. Diret\u00f3rio da<\/em> <em>Fraternidade Jesus Maria Jos\u00e9 67)<\/em> Com as <em>Irm\u00e3s do Instituto Jesus Maria Jos\u00e9<\/em> nutrimos rela\u00e7\u00e3o afetuosa e fraterna. Somos todos, elas e n\u00f3s, irm\u00e3os e irm\u00e3s de uma mesma fam\u00edlia, filhas e filhos de uma m\u00e3e espiritual comum, de quem recebemos o dom do Carisma que nutre nossa vida crist\u00e3. <em>(cf. Diret\u00f3rio da<\/em> <em>Fraternidade Jesus Maria Jos\u00e9 233)<\/em> Igualmente \u201cnutrimos sentimentos de profundo apre\u00e7o para com os milhares de homens e mulheres, religiosas, cl\u00e9rigos ou leigos, que possuem rela\u00e7\u00e3o de qualquer natureza com <em>Rita Amada de Jesus<\/em>, presentes nos mais variados quadrantes do mundo.\u201d <em>(Diret\u00f3rio da Fraternidade Jesus<\/em> <em>Maria Jos\u00e9 237).<\/em><\/p>\n","protected":false},"excerpt":{"rendered":"<p>Nossa Identidade A Identidade \u00e9 o conjunto de caracter\u00edsticas pr\u00f3prias e exclusivas com os quais se pode diferenciar uma realidade de outra. No seio da Igreja Cat\u00f3lica Apost\u00f3lica Romana s\u00e3o in\u00fameras as formas de organiza\u00e7\u00e3o dos fi\u00e9is, express\u00e3o da diversidade dos dons espirituais, cada qual segundo o seu carisma e o seu minist\u00e9rio, com uma [&hellip;]<\/p>\n","protected":false},"author":1,"featured_media":0,"parent":26,"menu_order":0,"comment_status":"closed","ping_status":"closed","template":"","meta":[],"acf":[],"yoast_head":"<!-- This site is optimized with the Yoast SEO plugin v19.13 - https:\/\/yoast.com\/wordpress\/plugins\/seo\/ -->\n<title>Identidade - Fraternidade Jesus Maria Jos\u00e9<\/title>\n<meta name=\"robots\" content=\"index, follow, max-snippet:-1, max-image-preview:large, max-video-preview:-1\" \/>\n<link rel=\"canonical\" href=\"https:\/\/fraterjmj.org\/es\/nossa-historia\/identidade\/\" \/>\n<meta property=\"og:locale\" content=\"pt_BR\" \/>\n<meta property=\"og:type\" content=\"article\" \/>\n<meta property=\"og:title\" content=\"Identidade - Fraternidade Jesus Maria Jos\u00e9\" \/>\n<meta property=\"og:description\" content=\"Nossa Identidade A Identidade \u00e9 o conjunto de caracter\u00edsticas pr\u00f3prias e exclusivas com os quais se pode diferenciar uma realidade de outra. No seio da Igreja Cat\u00f3lica Apost\u00f3lica Romana s\u00e3o in\u00fameras as formas de organiza\u00e7\u00e3o dos fi\u00e9is, express\u00e3o da diversidade dos dons espirituais, cada qual segundo o seu carisma e o seu minist\u00e9rio, com uma [&hellip;]\" \/>\n<meta property=\"og:url\" content=\"https:\/\/fraterjmj.org\/es\/nossa-historia\/identidade\/\" \/>\n<meta property=\"og:site_name\" content=\"Fraternidade Jesus Maria Jos\u00e9\" \/>\n<meta property=\"article:modified_time\" content=\"2020-08-04T13:26:58+00:00\" \/>\n<meta name=\"twitter:card\" content=\"summary_large_image\" \/>\n<meta name=\"twitter:label1\" content=\"Est. tempo de leitura\" \/>\n\t<meta name=\"twitter:data1\" content=\"6 minutos\" \/>\n<script type=\"application\/ld+json\" class=\"yoast-schema-graph\">{\"@context\":\"https:\/\/schema.org\",\"@graph\":[{\"@type\":\"WebPage\",\"@id\":\"https:\/\/fraterjmj.org\/es\/nossa-historia\/identidade\/\",\"url\":\"https:\/\/fraterjmj.org\/es\/nossa-historia\/identidade\/\",\"name\":\"Identidade - Fraternidade Jesus Maria Jos\u00e9\",\"isPartOf\":{\"@id\":\"https:\/\/fraterjmj.org\/es\/#website\"},\"datePublished\":\"2020-04-20T11:06:34+00:00\",\"dateModified\":\"2020-08-04T13:26:58+00:00\",\"breadcrumb\":{\"@id\":\"https:\/\/fraterjmj.org\/es\/nossa-historia\/identidade\/#breadcrumb\"},\"inLanguage\":\"pt-BR\",\"potentialAction\":[{\"@type\":\"ReadAction\",\"target\":[\"https:\/\/fraterjmj.org\/es\/nossa-historia\/identidade\/\"]}]},{\"@type\":\"BreadcrumbList\",\"@id\":\"https:\/\/fraterjmj.org\/es\/nossa-historia\/identidade\/#breadcrumb\",\"itemListElement\":[{\"@type\":\"ListItem\",\"position\":1,\"name\":\"In\u00edcio\",\"item\":\"https:\/\/fraterjmj.org\/es\/\"},{\"@type\":\"ListItem\",\"position\":2,\"name\":\"Nossa Hist\u00f3ria\",\"item\":\"https:\/\/fraterjmj.org\/es\/nossa-historia\/\"},{\"@type\":\"ListItem\",\"position\":3,\"name\":\"Identidade\"}]},{\"@type\":\"WebSite\",\"@id\":\"https:\/\/fraterjmj.org\/es\/#website\",\"url\":\"https:\/\/fraterjmj.org\/es\/\",\"name\":\"Fraternidade Jesus Maria Jos\u00e9\",\"description\":\"\",\"potentialAction\":[{\"@type\":\"SearchAction\",\"target\":{\"@type\":\"EntryPoint\",\"urlTemplate\":\"https:\/\/fraterjmj.org\/es\/?s={search_term_string}\"},\"query-input\":\"required name=search_term_string\"}],\"inLanguage\":\"pt-BR\"}]}<\/script>\n<!-- \/ Yoast SEO plugin. -->","yoast_head_json":{"title":"Identidade - Fraternidade Jesus Maria Jos\u00e9","robots":{"index":"index","follow":"follow","max-snippet":"max-snippet:-1","max-image-preview":"max-image-preview:large","max-video-preview":"max-video-preview:-1"},"canonical":"https:\/\/fraterjmj.org\/es\/nossa-historia\/identidade\/","og_locale":"pt_BR","og_type":"article","og_title":"Identidade - Fraternidade Jesus Maria Jos\u00e9","og_description":"Nossa Identidade A Identidade \u00e9 o conjunto de caracter\u00edsticas pr\u00f3prias e exclusivas com os quais se pode diferenciar uma realidade de outra. No seio da Igreja Cat\u00f3lica Apost\u00f3lica Romana s\u00e3o in\u00fameras as formas de organiza\u00e7\u00e3o dos fi\u00e9is, express\u00e3o da diversidade dos dons espirituais, cada qual segundo o seu carisma e o seu minist\u00e9rio, com uma [&hellip;]","og_url":"https:\/\/fraterjmj.org\/es\/nossa-historia\/identidade\/","og_site_name":"Fraternidade Jesus Maria Jos\u00e9","article_modified_time":"2020-08-04T13:26:58+00:00","twitter_card":"summary_large_image","twitter_misc":{"Est. tempo de leitura":"6 minutos"},"schema":{"@context":"https:\/\/schema.org","@graph":[{"@type":"WebPage","@id":"https:\/\/fraterjmj.org\/es\/nossa-historia\/identidade\/","url":"https:\/\/fraterjmj.org\/es\/nossa-historia\/identidade\/","name":"Identidade - Fraternidade Jesus Maria Jos\u00e9","isPartOf":{"@id":"https:\/\/fraterjmj.org\/es\/#website"},"datePublished":"2020-04-20T11:06:34+00:00","dateModified":"2020-08-04T13:26:58+00:00","breadcrumb":{"@id":"https:\/\/fraterjmj.org\/es\/nossa-historia\/identidade\/#breadcrumb"},"inLanguage":"pt-BR","potentialAction":[{"@type":"ReadAction","target":["https:\/\/fraterjmj.org\/es\/nossa-historia\/identidade\/"]}]},{"@type":"BreadcrumbList","@id":"https:\/\/fraterjmj.org\/es\/nossa-historia\/identidade\/#breadcrumb","itemListElement":[{"@type":"ListItem","position":1,"name":"In\u00edcio","item":"https:\/\/fraterjmj.org\/es\/"},{"@type":"ListItem","position":2,"name":"Nossa Hist\u00f3ria","item":"https:\/\/fraterjmj.org\/es\/nossa-historia\/"},{"@type":"ListItem","position":3,"name":"Identidade"}]},{"@type":"WebSite","@id":"https:\/\/fraterjmj.org\/es\/#website","url":"https:\/\/fraterjmj.org\/es\/","name":"Fraternidade Jesus Maria Jos\u00e9","description":"","potentialAction":[{"@type":"SearchAction","target":{"@type":"EntryPoint","urlTemplate":"https:\/\/fraterjmj.org\/es\/?s={search_term_string}"},"query-input":"required name=search_term_string"}],"inLanguage":"pt-BR"}]}},"_links":{"self":[{"href":"https:\/\/fraterjmj.org\/es\/wp-json\/wp\/v2\/pages\/30"}],"collection":[{"href":"https:\/\/fraterjmj.org\/es\/wp-json\/wp\/v2\/pages"}],"about":[{"href":"https:\/\/fraterjmj.org\/es\/wp-json\/wp\/v2\/types\/page"}],"author":[{"embeddable":true,"href":"https:\/\/fraterjmj.org\/es\/wp-json\/wp\/v2\/users\/1"}],"replies":[{"embeddable":true,"href":"https:\/\/fraterjmj.org\/es\/wp-json\/wp\/v2\/comments?post=30"}],"version-history":[{"count":0,"href":"https:\/\/fraterjmj.org\/es\/wp-json\/wp\/v2\/pages\/30\/revisions"}],"up":[{"embeddable":true,"href":"https:\/\/fraterjmj.org\/es\/wp-json\/wp\/v2\/pages\/26"}],"wp:attachment":[{"href":"https:\/\/fraterjmj.org\/es\/wp-json\/wp\/v2\/media?parent=30"}],"curies":[{"name":"wp","href":"https:\/\/api.w.org\/{rel}","templated":true}]}}