{"id":32,"date":"2020-04-20T08:06:49","date_gmt":"2020-04-20T11:06:49","guid":{"rendered":"https:\/\/fraterjmj.org\/es\/\/?page_id=32"},"modified":"2020-08-04T11:41:55","modified_gmt":"2020-08-04T14:41:55","slug":"natureza-juridica","status":"publish","type":"page","link":"https:\/\/fraterjmj.org\/es\/nossa-historia\/natureza-juridica\/","title":{"rendered":"Natureza Jur\u00eddica"},"content":{"rendered":"<p>A Fraternidade Jesus Maria Jos\u00e9, foi fundada em 10 de dezembro de 1992, em Luanda &#8211; Angola, como movimento laical vinculado ao Instituto Jesus Maria Jos\u00e9, de cujo esp\u00edrito participa. <em>(cf. CDC 303)<\/em> Organiza-se e estrutura-se como <strong>Associa\u00e7\u00e3o de Fi\u00e9is Leigos e Cl\u00e9rigos<\/strong>, de \u00e2mbito internacional, com autonomia jur\u00eddica, administrativa e financeira. <em>(cf. Diret\u00f3rio Fraternidade Jesus Maria Jos\u00e9 68)<\/em> Sua natureza associativa est\u00e1 estabelecida de acordo com o direito da Igreja. <em>(cf. CDC<\/em> <em>299, 301, 304, 312, 321-322)<\/em> Seus membros, leigos e cl\u00e9rigos, s\u00e3o iguais em dignidade, direitos e deveres.<\/p>\n<p>Nossa associa\u00e7\u00e3o foi reconhecida oficialmente pelo Instituto Jesus Maria Jos\u00e9, de direito pontif\u00edcio, em julho de 2012, quando da aprova\u00e7\u00e3o de suas novas Constitui\u00e7\u00f5es, homologadas pela Santa S\u00e9 a 21 de novembro de 2013, por meio da qual obteve o seu reconhecimento oficial da Igreja. A Superiora Geral do Instituto Jesus Maria Jos\u00e9, por ser a leg\u00edtima <em>Sucessora da Bem-Aventurada Rita Amada de Jesus<\/em>, exerce a sua autoridade em nossa associa\u00e7\u00e3o. <em>(cf. Diret\u00f3rio Fraternidade Jesus Maria Jos\u00e9 240)<\/em><\/p>\n<p>Desde 13 de abril de 2015 est\u00e1 aprovada como <em>Associa\u00e7\u00e3o Privada de Fi\u00e9is<\/em> pelo Bispo Diocesano de Mindelo &#8211; Cabo Verde. <em>(cf. CDC 299.3)<\/em>. Desde novembro de 2017 tem a sua sede na Diocese de Santo Amaro (S\u00e3o Paulo &#8211; Brasil), por autoriza\u00e7\u00e3o do seu Bispo Diocesano. <em>(cf. CDC 312.1.2.)<\/em> Rege-se pelo seu Diret\u00f3rio, aprovado <em>ad experimentum<\/em> pelo seu 1\u00ba Cen\u00e1culo Internacional (Assembleia Geral), a 1\u00ba de dezembro de 2017.<\/p>\n","protected":false},"excerpt":{"rendered":"<p>A Fraternidade Jesus Maria Jos\u00e9, foi fundada em 10 de dezembro de 1992, em Luanda &#8211; Angola, como movimento laical vinculado ao Instituto Jesus Maria Jos\u00e9, de cujo esp\u00edrito participa. (cf. CDC 303) Organiza-se e estrutura-se como Associa\u00e7\u00e3o de Fi\u00e9is Leigos e Cl\u00e9rigos, de \u00e2mbito internacional, com autonomia jur\u00eddica, administrativa e financeira. (cf. Diret\u00f3rio Fraternidade [&hellip;]<\/p>\n","protected":false},"author":1,"featured_media":0,"parent":26,"menu_order":0,"comment_status":"closed","ping_status":"closed","template":"","meta":[],"acf":[],"yoast_head":"<!-- This site is optimized with the Yoast SEO plugin v19.13 - https:\/\/yoast.com\/wordpress\/plugins\/seo\/ -->\n<title>Natureza Jur\u00eddica - Fraternidade Jesus Maria Jos\u00e9<\/title>\n<meta name=\"robots\" content=\"index, follow, max-snippet:-1, max-image-preview:large, max-video-preview:-1\" \/>\n<link rel=\"canonical\" href=\"https:\/\/fraterjmj.org\/es\/nossa-historia\/natureza-juridica\/\" \/>\n<meta property=\"og:locale\" content=\"pt_BR\" \/>\n<meta property=\"og:type\" content=\"article\" \/>\n<meta property=\"og:title\" content=\"Natureza Jur\u00eddica - Fraternidade Jesus Maria Jos\u00e9\" \/>\n<meta property=\"og:description\" content=\"A Fraternidade Jesus Maria Jos\u00e9, foi fundada em 10 de dezembro de 1992, em Luanda &#8211; Angola, como movimento laical vinculado ao Instituto Jesus Maria Jos\u00e9, de cujo esp\u00edrito participa. (cf. CDC 303) Organiza-se e estrutura-se como Associa\u00e7\u00e3o de Fi\u00e9is Leigos e Cl\u00e9rigos, de \u00e2mbito internacional, com autonomia jur\u00eddica, administrativa e financeira. (cf. Diret\u00f3rio Fraternidade [&hellip;]\" \/>\n<meta property=\"og:url\" content=\"https:\/\/fraterjmj.org\/es\/nossa-historia\/natureza-juridica\/\" \/>\n<meta property=\"og:site_name\" content=\"Fraternidade Jesus Maria Jos\u00e9\" \/>\n<meta property=\"article:modified_time\" content=\"2020-08-04T14:41:55+00:00\" \/>\n<meta name=\"twitter:card\" content=\"summary_large_image\" \/>\n<meta name=\"twitter:label1\" content=\"Est. tempo de leitura\" \/>\n\t<meta name=\"twitter:data1\" content=\"1 minuto\" \/>\n<script type=\"application\/ld+json\" class=\"yoast-schema-graph\">{\"@context\":\"https:\/\/schema.org\",\"@graph\":[{\"@type\":\"WebPage\",\"@id\":\"https:\/\/fraterjmj.org\/es\/nossa-historia\/natureza-juridica\/\",\"url\":\"https:\/\/fraterjmj.org\/es\/nossa-historia\/natureza-juridica\/\",\"name\":\"Natureza Jur\u00eddica - Fraternidade Jesus Maria Jos\u00e9\",\"isPartOf\":{\"@id\":\"https:\/\/fraterjmj.org\/es\/#website\"},\"datePublished\":\"2020-04-20T11:06:49+00:00\",\"dateModified\":\"2020-08-04T14:41:55+00:00\",\"breadcrumb\":{\"@id\":\"https:\/\/fraterjmj.org\/es\/nossa-historia\/natureza-juridica\/#breadcrumb\"},\"inLanguage\":\"pt-BR\",\"potentialAction\":[{\"@type\":\"ReadAction\",\"target\":[\"https:\/\/fraterjmj.org\/es\/nossa-historia\/natureza-juridica\/\"]}]},{\"@type\":\"BreadcrumbList\",\"@id\":\"https:\/\/fraterjmj.org\/es\/nossa-historia\/natureza-juridica\/#breadcrumb\",\"itemListElement\":[{\"@type\":\"ListItem\",\"position\":1,\"name\":\"In\u00edcio\",\"item\":\"https:\/\/fraterjmj.org\/es\/\"},{\"@type\":\"ListItem\",\"position\":2,\"name\":\"Nossa Hist\u00f3ria\",\"item\":\"https:\/\/fraterjmj.org\/es\/nossa-historia\/\"},{\"@type\":\"ListItem\",\"position\":3,\"name\":\"Natureza Jur\u00eddica\"}]},{\"@type\":\"WebSite\",\"@id\":\"https:\/\/fraterjmj.org\/es\/#website\",\"url\":\"https:\/\/fraterjmj.org\/es\/\",\"name\":\"Fraternidade Jesus Maria Jos\u00e9\",\"description\":\"\",\"potentialAction\":[{\"@type\":\"SearchAction\",\"target\":{\"@type\":\"EntryPoint\",\"urlTemplate\":\"https:\/\/fraterjmj.org\/es\/?s={search_term_string}\"},\"query-input\":\"required name=search_term_string\"}],\"inLanguage\":\"pt-BR\"}]}<\/script>\n<!-- \/ Yoast SEO plugin. -->","yoast_head_json":{"title":"Natureza Jur\u00eddica - Fraternidade Jesus Maria Jos\u00e9","robots":{"index":"index","follow":"follow","max-snippet":"max-snippet:-1","max-image-preview":"max-image-preview:large","max-video-preview":"max-video-preview:-1"},"canonical":"https:\/\/fraterjmj.org\/es\/nossa-historia\/natureza-juridica\/","og_locale":"pt_BR","og_type":"article","og_title":"Natureza Jur\u00eddica - Fraternidade Jesus Maria Jos\u00e9","og_description":"A Fraternidade Jesus Maria Jos\u00e9, foi fundada em 10 de dezembro de 1992, em Luanda &#8211; Angola, como movimento laical vinculado ao Instituto Jesus Maria Jos\u00e9, de cujo esp\u00edrito participa. (cf. CDC 303) Organiza-se e estrutura-se como Associa\u00e7\u00e3o de Fi\u00e9is Leigos e Cl\u00e9rigos, de \u00e2mbito internacional, com autonomia jur\u00eddica, administrativa e financeira. (cf. Diret\u00f3rio Fraternidade [&hellip;]","og_url":"https:\/\/fraterjmj.org\/es\/nossa-historia\/natureza-juridica\/","og_site_name":"Fraternidade Jesus Maria Jos\u00e9","article_modified_time":"2020-08-04T14:41:55+00:00","twitter_card":"summary_large_image","twitter_misc":{"Est. tempo de leitura":"1 minuto"},"schema":{"@context":"https:\/\/schema.org","@graph":[{"@type":"WebPage","@id":"https:\/\/fraterjmj.org\/es\/nossa-historia\/natureza-juridica\/","url":"https:\/\/fraterjmj.org\/es\/nossa-historia\/natureza-juridica\/","name":"Natureza Jur\u00eddica - Fraternidade Jesus Maria Jos\u00e9","isPartOf":{"@id":"https:\/\/fraterjmj.org\/es\/#website"},"datePublished":"2020-04-20T11:06:49+00:00","dateModified":"2020-08-04T14:41:55+00:00","breadcrumb":{"@id":"https:\/\/fraterjmj.org\/es\/nossa-historia\/natureza-juridica\/#breadcrumb"},"inLanguage":"pt-BR","potentialAction":[{"@type":"ReadAction","target":["https:\/\/fraterjmj.org\/es\/nossa-historia\/natureza-juridica\/"]}]},{"@type":"BreadcrumbList","@id":"https:\/\/fraterjmj.org\/es\/nossa-historia\/natureza-juridica\/#breadcrumb","itemListElement":[{"@type":"ListItem","position":1,"name":"In\u00edcio","item":"https:\/\/fraterjmj.org\/es\/"},{"@type":"ListItem","position":2,"name":"Nossa Hist\u00f3ria","item":"https:\/\/fraterjmj.org\/es\/nossa-historia\/"},{"@type":"ListItem","position":3,"name":"Natureza Jur\u00eddica"}]},{"@type":"WebSite","@id":"https:\/\/fraterjmj.org\/es\/#website","url":"https:\/\/fraterjmj.org\/es\/","name":"Fraternidade Jesus Maria Jos\u00e9","description":"","potentialAction":[{"@type":"SearchAction","target":{"@type":"EntryPoint","urlTemplate":"https:\/\/fraterjmj.org\/es\/?s={search_term_string}"},"query-input":"required name=search_term_string"}],"inLanguage":"pt-BR"}]}},"_links":{"self":[{"href":"https:\/\/fraterjmj.org\/es\/wp-json\/wp\/v2\/pages\/32"}],"collection":[{"href":"https:\/\/fraterjmj.org\/es\/wp-json\/wp\/v2\/pages"}],"about":[{"href":"https:\/\/fraterjmj.org\/es\/wp-json\/wp\/v2\/types\/page"}],"author":[{"embeddable":true,"href":"https:\/\/fraterjmj.org\/es\/wp-json\/wp\/v2\/users\/1"}],"replies":[{"embeddable":true,"href":"https:\/\/fraterjmj.org\/es\/wp-json\/wp\/v2\/comments?post=32"}],"version-history":[{"count":0,"href":"https:\/\/fraterjmj.org\/es\/wp-json\/wp\/v2\/pages\/32\/revisions"}],"up":[{"embeddable":true,"href":"https:\/\/fraterjmj.org\/es\/wp-json\/wp\/v2\/pages\/26"}],"wp:attachment":[{"href":"https:\/\/fraterjmj.org\/es\/wp-json\/wp\/v2\/media?parent=32"}],"curies":[{"name":"wp","href":"https:\/\/api.w.org\/{rel}","templated":true}]}}