{"id":326,"date":"2020-07-25T12:02:30","date_gmt":"2020-07-25T15:02:30","guid":{"rendered":"https:\/\/fraterjmj.org\/es\/?page_id=326"},"modified":"2020-08-05T10:11:55","modified_gmt":"2020-08-05T13:11:55","slug":"logomarca","status":"publish","type":"page","link":"https:\/\/fraterjmj.org\/es\/simbologia\/logomarca\/","title":{"rendered":"Logomarca"},"content":{"rendered":"<p><strong>A nossa logomarca constitui-se de Tr\u00eas Alian\u00e7as entrela\u00e7adas, com uma Cruz ao centro.<\/strong><\/p>\n<p><img loading=\"lazy\" class=\"alignnone wp-image-92\" src=\"https:\/\/fraterjmj.org\/es\/\/wp-content\/uploads\/2020\/04\/logo-300x216.jpg\" alt=\"\" width=\"222\" height=\"160\" srcset=\"https:\/\/fraterjmj.org\/es\/wp-content\/uploads\/2020\/04\/logo-300x216.jpg 300w, https:\/\/fraterjmj.org\/es\/wp-content\/uploads\/2020\/04\/logo.jpg 329w\" sizes=\"(max-width: 222px) 100vw, 222px\" \/><br \/>\nAs tr\u00eas alian\u00e7as testemunham nossa f\u00e9 na Trindade Santa, Pai, Filho e Esp\u00edrito Santo, a quem glorificamos pela nossa vida e por meio da nossa perten\u00e7a \u00e0 <em>Fraternidade Jesus Maria Jos\u00e9<\/em>.<\/p>\n<p>Cada uma das tr\u00eas alian\u00e7as, em uma de uma cor diferente, representa um dos nossos Patronos Jesus, Maria e Jos\u00e9; sintetizam e recordam a nossa <em>Espiritualidade<\/em> de imit\u00e1-Los na Sua <em>Vida Escondida em Nazar\u00e9<\/em>.<\/p>\n<p>&#8211; <strong>Jesus<\/strong> (<em>vermelha: Sangue Eucar\u00edstico &#8211; Paix\u00e3o e Morte &#8211; Convers\u00e3o<\/em>) &#8211; Ap\u00f3stolos da Eucaristia<br \/>\n&#8211; <strong>Maria<\/strong> (<em>azul: Imaculada &#8211; M\u00e3e de Deus &#8211; Celeste Intercessora<\/em>) &#8211; Ap\u00f3stolos do Ros\u00e1rio<br \/>\n&#8211; <strong>Jos\u00e9<\/strong> (<em>branco: Casto Esposo &#8211; servi\u00e7o e pureza &#8211; vida conjugal<\/em>) &#8211; Ap\u00f3stolos da Fam\u00edlia<\/p>\n<p>A CRUZ ao centro une as tr\u00eas alian\u00e7as a indicar centralidade do Mist\u00e9rio do Cristo na Igreja e em nosso Carisma: Mist\u00e9rio de Salva\u00e7\u00e3o &#8211; o Divino Redentor.<\/p>\n<p>As Alian\u00e7as s\u00e3o s\u00edmbolo da Alian\u00e7a de Deus com o seu Povo no Antigo Testamento; da Nova Alian\u00e7a de Jesus com a Humanidade redimida pela Sua Encarna\u00e7\u00e3o, Paix\u00e3o, Morte e Ressurrei\u00e7\u00e3o; da Alian\u00e7a Eterna do Par\u00e1clito com a Igreja Militante, na qual nos inserimos pelo batismo, comprometidos com a vida de santidade.<\/p>\n<p>As Alian\u00e7as significam tamb\u00e9m a uni\u00e3o conjugal, a defesa da fam\u00edlia, o servi\u00e7o aos pobres, express\u00f5es de nossa <em>Miss\u00e3o<\/em>.<\/p>\n<p>As Alian\u00e7as representam igualmente a Promessa de Compromisso que os Membros fazem ao ingressar definitivamente na <em>Fraternidade Jesus Maria Jos\u00e9<\/em>. Representa finalmente a uni\u00e3o dos Membros e das Comunidades da Fraternidade entre si, assim como a sua plena comunh\u00e3o com a <em>Fam\u00edlia Espiritual da Bem-Aventurada Rita Amada de Jesus.<\/em><\/p>\n<p>Ao redor das tr\u00eas alian\u00e7as est\u00e1 o nome da nossa associa\u00e7\u00e3o de fi\u00e9is leigos e cl\u00e9rigos: <strong><em>Fraternidade Jesus Maria Jos\u00e9<\/em><\/strong> &#8211; levamos os nossos Patronos em nosso nome e em nossos cora\u00e7\u00f5es.<\/p>\n<p>Nossa denomina\u00e7\u00e3o est\u00e1 grafada com tipologia moderna, a representar a nossa inser\u00e7\u00e3o no mundo contempor\u00e2neo, com as caracter\u00edsticas e os desafios que lhe s\u00e3o peculiares. Cada uma das letras est\u00e1 em posi\u00e7\u00e3o distinta, a indicar a diversidade existente entre n\u00f3s <em>(individualidades, culturas, na\u00e7\u00f5es etc),<\/em> mas sempre unidos na comunh\u00e3o que constitui a integralidade e totalidade de nossa associa\u00e7\u00e3o.<\/p>\n","protected":false},"excerpt":{"rendered":"<p>A nossa logomarca constitui-se de Tr\u00eas Alian\u00e7as entrela\u00e7adas, com uma Cruz ao centro. As tr\u00eas alian\u00e7as testemunham nossa f\u00e9 na Trindade Santa, Pai, Filho e Esp\u00edrito Santo, a quem glorificamos pela nossa vida e por meio da nossa perten\u00e7a \u00e0 Fraternidade Jesus Maria Jos\u00e9. Cada uma das tr\u00eas alian\u00e7as, em uma de uma cor diferente, [&hellip;]<\/p>\n","protected":false},"author":1,"featured_media":0,"parent":91,"menu_order":0,"comment_status":"closed","ping_status":"closed","template":"","meta":[],"acf":[],"yoast_head":"<!-- This site is optimized with the Yoast SEO plugin v19.13 - https:\/\/yoast.com\/wordpress\/plugins\/seo\/ -->\n<title>Logomarca - Fraternidade Jesus Maria Jos\u00e9<\/title>\n<meta name=\"robots\" content=\"index, follow, max-snippet:-1, max-image-preview:large, max-video-preview:-1\" \/>\n<link rel=\"canonical\" href=\"https:\/\/fraterjmj.org\/es\/simbologia\/logomarca\/\" \/>\n<meta property=\"og:locale\" content=\"pt_BR\" \/>\n<meta property=\"og:type\" content=\"article\" \/>\n<meta property=\"og:title\" content=\"Logomarca - Fraternidade Jesus Maria Jos\u00e9\" \/>\n<meta property=\"og:description\" content=\"A nossa logomarca constitui-se de Tr\u00eas Alian\u00e7as entrela\u00e7adas, com uma Cruz ao centro. As tr\u00eas alian\u00e7as testemunham nossa f\u00e9 na Trindade Santa, Pai, Filho e Esp\u00edrito Santo, a quem glorificamos pela nossa vida e por meio da nossa perten\u00e7a \u00e0 Fraternidade Jesus Maria Jos\u00e9. Cada uma das tr\u00eas alian\u00e7as, em uma de uma cor diferente, [&hellip;]\" \/>\n<meta property=\"og:url\" content=\"https:\/\/fraterjmj.org\/es\/simbologia\/logomarca\/\" \/>\n<meta property=\"og:site_name\" content=\"Fraternidade Jesus Maria Jos\u00e9\" \/>\n<meta property=\"article:modified_time\" content=\"2020-08-05T13:11:55+00:00\" \/>\n<meta property=\"og:image\" content=\"https:\/\/fraterjmj.org\/es\/\/wp-content\/uploads\/2020\/04\/logo-300x216.jpg\" \/>\n<meta name=\"twitter:card\" content=\"summary_large_image\" \/>\n<meta name=\"twitter:label1\" content=\"Est. tempo de leitura\" \/>\n\t<meta name=\"twitter:data1\" content=\"2 minutos\" \/>\n<script type=\"application\/ld+json\" class=\"yoast-schema-graph\">{\"@context\":\"https:\/\/schema.org\",\"@graph\":[{\"@type\":\"WebPage\",\"@id\":\"https:\/\/fraterjmj.org\/es\/simbologia\/logomarca\/\",\"url\":\"https:\/\/fraterjmj.org\/es\/simbologia\/logomarca\/\",\"name\":\"Logomarca - Fraternidade Jesus Maria Jos\u00e9\",\"isPartOf\":{\"@id\":\"https:\/\/fraterjmj.org\/es\/#website\"},\"datePublished\":\"2020-07-25T15:02:30+00:00\",\"dateModified\":\"2020-08-05T13:11:55+00:00\",\"breadcrumb\":{\"@id\":\"https:\/\/fraterjmj.org\/es\/simbologia\/logomarca\/#breadcrumb\"},\"inLanguage\":\"pt-BR\",\"potentialAction\":[{\"@type\":\"ReadAction\",\"target\":[\"https:\/\/fraterjmj.org\/es\/simbologia\/logomarca\/\"]}]},{\"@type\":\"BreadcrumbList\",\"@id\":\"https:\/\/fraterjmj.org\/es\/simbologia\/logomarca\/#breadcrumb\",\"itemListElement\":[{\"@type\":\"ListItem\",\"position\":1,\"name\":\"In\u00edcio\",\"item\":\"https:\/\/fraterjmj.org\/es\/\"},{\"@type\":\"ListItem\",\"position\":2,\"name\":\"Simbologia\",\"item\":\"https:\/\/fraterjmj.org\/es\/simbologia\/\"},{\"@type\":\"ListItem\",\"position\":3,\"name\":\"Logomarca\"}]},{\"@type\":\"WebSite\",\"@id\":\"https:\/\/fraterjmj.org\/es\/#website\",\"url\":\"https:\/\/fraterjmj.org\/es\/\",\"name\":\"Fraternidade Jesus Maria Jos\u00e9\",\"description\":\"\",\"potentialAction\":[{\"@type\":\"SearchAction\",\"target\":{\"@type\":\"EntryPoint\",\"urlTemplate\":\"https:\/\/fraterjmj.org\/es\/?s={search_term_string}\"},\"query-input\":\"required name=search_term_string\"}],\"inLanguage\":\"pt-BR\"}]}<\/script>\n<!-- \/ Yoast SEO plugin. -->","yoast_head_json":{"title":"Logomarca - Fraternidade Jesus Maria Jos\u00e9","robots":{"index":"index","follow":"follow","max-snippet":"max-snippet:-1","max-image-preview":"max-image-preview:large","max-video-preview":"max-video-preview:-1"},"canonical":"https:\/\/fraterjmj.org\/es\/simbologia\/logomarca\/","og_locale":"pt_BR","og_type":"article","og_title":"Logomarca - Fraternidade Jesus Maria Jos\u00e9","og_description":"A nossa logomarca constitui-se de Tr\u00eas Alian\u00e7as entrela\u00e7adas, com uma Cruz ao centro. As tr\u00eas alian\u00e7as testemunham nossa f\u00e9 na Trindade Santa, Pai, Filho e Esp\u00edrito Santo, a quem glorificamos pela nossa vida e por meio da nossa perten\u00e7a \u00e0 Fraternidade Jesus Maria Jos\u00e9. Cada uma das tr\u00eas alian\u00e7as, em uma de uma cor diferente, [&hellip;]","og_url":"https:\/\/fraterjmj.org\/es\/simbologia\/logomarca\/","og_site_name":"Fraternidade Jesus Maria Jos\u00e9","article_modified_time":"2020-08-05T13:11:55+00:00","og_image":[{"url":"https:\/\/fraterjmj.org\/es\/\/wp-content\/uploads\/2020\/04\/logo-300x216.jpg"}],"twitter_card":"summary_large_image","twitter_misc":{"Est. tempo de leitura":"2 minutos"},"schema":{"@context":"https:\/\/schema.org","@graph":[{"@type":"WebPage","@id":"https:\/\/fraterjmj.org\/es\/simbologia\/logomarca\/","url":"https:\/\/fraterjmj.org\/es\/simbologia\/logomarca\/","name":"Logomarca - Fraternidade Jesus Maria Jos\u00e9","isPartOf":{"@id":"https:\/\/fraterjmj.org\/es\/#website"},"datePublished":"2020-07-25T15:02:30+00:00","dateModified":"2020-08-05T13:11:55+00:00","breadcrumb":{"@id":"https:\/\/fraterjmj.org\/es\/simbologia\/logomarca\/#breadcrumb"},"inLanguage":"pt-BR","potentialAction":[{"@type":"ReadAction","target":["https:\/\/fraterjmj.org\/es\/simbologia\/logomarca\/"]}]},{"@type":"BreadcrumbList","@id":"https:\/\/fraterjmj.org\/es\/simbologia\/logomarca\/#breadcrumb","itemListElement":[{"@type":"ListItem","position":1,"name":"In\u00edcio","item":"https:\/\/fraterjmj.org\/es\/"},{"@type":"ListItem","position":2,"name":"Simbologia","item":"https:\/\/fraterjmj.org\/es\/simbologia\/"},{"@type":"ListItem","position":3,"name":"Logomarca"}]},{"@type":"WebSite","@id":"https:\/\/fraterjmj.org\/es\/#website","url":"https:\/\/fraterjmj.org\/es\/","name":"Fraternidade Jesus Maria Jos\u00e9","description":"","potentialAction":[{"@type":"SearchAction","target":{"@type":"EntryPoint","urlTemplate":"https:\/\/fraterjmj.org\/es\/?s={search_term_string}"},"query-input":"required name=search_term_string"}],"inLanguage":"pt-BR"}]}},"_links":{"self":[{"href":"https:\/\/fraterjmj.org\/es\/wp-json\/wp\/v2\/pages\/326"}],"collection":[{"href":"https:\/\/fraterjmj.org\/es\/wp-json\/wp\/v2\/pages"}],"about":[{"href":"https:\/\/fraterjmj.org\/es\/wp-json\/wp\/v2\/types\/page"}],"author":[{"embeddable":true,"href":"https:\/\/fraterjmj.org\/es\/wp-json\/wp\/v2\/users\/1"}],"replies":[{"embeddable":true,"href":"https:\/\/fraterjmj.org\/es\/wp-json\/wp\/v2\/comments?post=326"}],"version-history":[{"count":0,"href":"https:\/\/fraterjmj.org\/es\/wp-json\/wp\/v2\/pages\/326\/revisions"}],"up":[{"embeddable":true,"href":"https:\/\/fraterjmj.org\/es\/wp-json\/wp\/v2\/pages\/91"}],"wp:attachment":[{"href":"https:\/\/fraterjmj.org\/es\/wp-json\/wp\/v2\/media?parent=326"}],"curies":[{"name":"wp","href":"https:\/\/api.w.org\/{rel}","templated":true}]}}