{"id":327,"date":"2020-07-25T12:02:26","date_gmt":"2020-07-25T15:02:26","guid":{"rendered":"https:\/\/fraterjmj.org\/es\/?page_id=327"},"modified":"2020-12-15T10:22:17","modified_gmt":"2020-12-15T13:22:17","slug":"distintivo-simbologia","status":"publish","type":"page","link":"https:\/\/fraterjmj.org\/es\/simbologia\/distintivo-simbologia\/","title":{"rendered":"Distintivo"},"content":{"rendered":"<p style=\"text-align: center;\"><strong><em>DISTINTIVO DOS MEMBROS EFETIVOS<\/em><\/strong><\/p>\n<p><strong>O nosso distintivo \u00e9 a CRUZ de Jesus Cristo.<\/strong><\/p>\n<p><img loading=\"lazy\" class=\"alignnone size-medium wp-image-336\" src=\"https:\/\/fraterjmj.org\/es\/wp-content\/uploads\/2020\/07\/Distintivo-X-Frente-e-Verso-177x300.jpg\" alt=\"\" width=\"177\" height=\"300\" srcset=\"https:\/\/fraterjmj.org\/es\/wp-content\/uploads\/2020\/07\/Distintivo-X-Frente-e-Verso-177x300.jpg 177w, https:\/\/fraterjmj.org\/es\/wp-content\/uploads\/2020\/07\/Distintivo-X-Frente-e-Verso.jpg 400w\" sizes=\"(max-width: 177px) 100vw, 177px\" \/><\/p>\n<p><em>\u201cA Cruz, recebida por ocasi\u00e3o da Promessa de Compromisso, \u00e9 de uso pessoal e exclusivo dos Membros Efetivos. Sinal de nossa perten\u00e7a definitiva \u00e0 Fraternidade Jesus Maria Jos\u00e9, seu uso \u00e9 obrigat\u00f3rio em todos os momentos oficiais da programa\u00e7\u00e3o da Comunidade a qual se pertence, tais como reuni\u00f5es, celebra\u00e7\u00f5es e outros, bem como quando em seu nome se exerce uma a\u00e7\u00e3o apost\u00f3lica\u201d.<\/em> <em>(Diret\u00f3rio da Fraternidade Jesus Maria Jos\u00e9 194)<\/em><\/p>\n<p>Desde o in\u00edcio do cristianismo os crist\u00e3os buscam s\u00edmbolos que recordem Jesus Cristo e o seu compromisso com Ele. Com o tempo a CRUZ universaliza-se como o principal deles. Nos tempos atuais, de tanta arrog\u00e2ncia e indiferen\u00e7a religiosa por parte do homem, de tanto ego\u00edsmo e hedonismo, levar um crucifixo \u00e9 um testemunho de f\u00e9, esperan\u00e7a e amor. Portar um sinal sob a forma de crucifixo, no entanto, n\u00e3o faz de ningu\u00e9m \u201c<em>santo<\/em>\u201d, mas recorda o chamado a ser \u201c<em>santo<\/em>\u201d e exige uma postura \u201c<em>santa<\/em>\u201d, uma vida conforme os Santos Evangelhos, um <strong><em>testemunho de vida crist\u00e3 aut\u00eantica<\/em><\/strong>. N\u00e3o se pode levar um crucifixo ao peito e viver na aus\u00eancia de Deus e na indisponibilidade para o amor ao pr\u00f3ximo.<\/p>\n<p>Em nossa associa\u00e7\u00e3o n\u00e3o usamos jamais o distintivo que nos \u00e9 pr\u00f3prio como um amuleto, de forma supersticiosa, mas como sinal da ades\u00e3o ao discipulado de Jesus Cristo, dAquele que se humilhou at\u00e9 a morte de cruz <em>(cf. Fil. 2, 8)<\/em>. A cruz \u00e9 um sinal da presen\u00e7a salv\u00edfica de Deus em nossas vidas, sinal desse discipulado que assumimos com Jesus Cristo, de caminhar com Ele por toda a vida como Membro Efetivo da <em>Fraternidade Jesus Maria Jos\u00e9<\/em>. \u00c9 sinal da morte redentora de Cristo, daquele madeiro que se torna express\u00e3o da Sua Gl\u00f3ria. <strong><em>S\u00edmbolo de ades\u00e3o a Cristo, a cruz que carregamos no peito expressa o Evangelho da Convers\u00e3o que levamos em nossos cora\u00e7\u00f5es. <\/em><\/strong><\/p>\n<p><strong><em>AS 3 CRUZES<\/em><\/strong><\/p>\n<p><em>O nosso distintivo consiste em 3 cruzes superpostas.<\/em><br \/>\nO n\u00famero de tr\u00eas evoca a Sant\u00edssima Trindade e as cruzes no Calv\u00e1rio.<br \/>\nExpressa a universalidade da Igreja e do nosso Carisma, legado por <em>Rita Amada de Jesus<\/em>.<\/p>\n<p><strong><em>A Cruz Grega<\/em><\/strong> <strong><em>(quadrada)<\/em><\/strong><\/p>\n<p>A cruz &#8211; <em>crux immissa <\/em>&#8211; \u00e9 a Cruz da Crucifix\u00e3o de Jesus; aqui na sua vers\u00e3o quadrada (<em>crux immissa quadrata &#8211; <\/em>conhecida como <em>cruz grega<\/em>). A Cruz Grega simboliza a uni\u00e3o e a harmonia do que \u00e9 complementar. Formada por quatro bra\u00e7os iguais, representa o equil\u00edbrio entre o divino e o humano, entre a mat\u00e9ria e o esp\u00edrito, entre o masculino e o feminino. Com os bra\u00e7os exatamente do mesmo tamanho, representa um ponto central de uni\u00e3o e intersec\u00e7\u00e3o de diferentes elementos que se expandem para todos os pontos cardeais: norte e sul, leste e oeste; para todos os cantos da terra &#8211; a universalidade da f\u00e9 crist\u00e3. Nossa Fundadora est\u00e1 sempre disposta e pronta a \u201c<em>percorrer o mundo inteiro para salva uma s\u00f3 alma<\/em>\u201d e anunciar o <strong><em>Evangelho da Convers\u00e3o<\/em><\/strong>.<\/p>\n<p><strong><em>A Cruz de Portugal (bem-aventuran\u00e7as)<\/em><\/strong><\/p>\n<p>Uma cruz de oito pontas nas extremidades, e quatro v\u00e9rtices voltados para o centro, est\u00e1 cinzelada sobre a cruz grega, deseja simbolizar e evocar de uma forma estilizada a Cruz de Portugal, s\u00edmbolo nacional portugu\u00eas. Na iconografia crist\u00e3 ela \u00e9 uma variante de outras cruzes, como a cruz de malta. Tamb\u00e9m denominada de cruz da Ordem de Cristo, utilizada desde a primeira cruzada, foi o s\u00edmbolo das descobertas portuguesas, destinadas a espalhar o cristianismo pelo mundo.<\/p>\n<p>As 8 pontas indicam as Bem Aventuran\u00e7as anunciadas por Jesus no Serm\u00e3o da Montanha. <em>(ver. Mt. 5, 3-10)<\/em> Os 4 \u201cVs\u201d, voltados para o centro, indicam a nossa interioridade, a espiritualidade que nos move na busca incessante do Cristo, centro de nossas vidas. Esta cruz recorda Portugal, a p\u00e1tria de nossa Santa Fundadora, que centra a sua vida em Jesus, Maria e Jos\u00e9, e assim vive as bem-aventuran\u00e7as evang\u00e9licas em grau heroico, sendo proclamada <strong><em>Bem-Aventurada <\/em><\/strong>pelo Papa Bento XVI.<\/p>\n<p><strong><em>A Cruz Celta (i\u00f4nica)<\/em><\/strong><\/p>\n<p>A cruz celta \u00e9 s\u00edmbolo desse povo que abra\u00e7a a f\u00e9 crist\u00e3 no primeiro s\u00e9culo da nossa era. A cruz com um anel ao centro, onde os bra\u00e7os verticais e horizontais se encontram, expressa a espiritualidade focada na Cria\u00e7\u00e3o. Remete \u00e0 eternidade e ao equil\u00edbrio da vida pelos elementos essenciais: \u00e1gua, terra, fogo e ar, representados pelos quatro bra\u00e7os da cruz. O anel representa o Sol que oferece a vida a todos e a tudo. Estes quatro elementos e o Sol simbolizam a natureza. Os bra\u00e7os da cruz e o c\u00edrculo perfeito significam a continuidade da vida na eternidade.<\/p>\n<p>O culto ao Sol Invicto recorda o Cristo Ressuscitado, jamais vencido pelo mal e pela morte, e que sem cessar ilumina o mundo. No solst\u00edcio de inverno celebra-se o Natal do Senhor. O anel da cruz celta representa o Sol, express\u00e3o da for\u00e7a e da eternidade de Jesus Cristo e da f\u00e9 crist\u00e3, o renascimento e singularidade da vida. O anel remete \u00e0 coroa de espinhos, s\u00edmbolo da Paix\u00e3o e Morte do Senhor, e ainda a uma aur\u00e9ola, a recordar o chamado de todo batizado \u00e0 santidade. Ap\u00f3s o estabelecimento de um mosteiro na ilha de Iona na Esc\u00f3cia, \u00e9 chamada tamb\u00e9m de cruz i\u00f4nica.<\/p>\n<p>Para a <em>Fraternidade Jesus Maria Jos\u00e9,<\/em> o anel no centro da cruz simboliza tamb\u00e9m a H\u00f3stia Consagrada, o Mist\u00e9rio do Cristo Eucar\u00edstico, fundamento de toda a vida crist\u00e3 e da espiritualidade de <em>Rita Amada de Jesus<\/em>. Lembra-nos ainda as contas do Santo Ros\u00e1rio; e as alian\u00e7as dos c\u00f4njuges, origem e fundamento de uma nova fam\u00edlia crist\u00e3. Nossa Fundadora \u00e9 considerada <strong><em>Ap\u00f3stola da Eucaristia, do Ros\u00e1rio e da Fam\u00edlia.\u00a0<\/em><\/strong><\/p>\n<p>&nbsp;<\/p>\n<p><strong><em>O ANVERSO<\/em><\/strong><\/p>\n<p>Na frente da cruz est\u00e1 impresso o \u00edcone da Sagrada Fam\u00edlia, <strong><em>Jesus, Maria e Jos\u00e9<\/em><\/strong>.<\/p>\n<p>\u201c<em>Confiamos a Fraternidade Jesus Maria Jos\u00e9 aos nossos Patronos, que levamos em nosso nome e em nossos cora\u00e7\u00f5es, pois a Eles honramos com especial devo\u00e7\u00e3o\u201d. <\/em><em>(Diret\u00f3rio da Fraternidade Jesus Maria Jos\u00e9<\/em> 250) Esta mesma representa\u00e7\u00e3o iconogr\u00e1fica da Sagrada Fam\u00edlia \u00e9 s\u00edmbolo oficial de toda a <em>Fam\u00edlia Jesus Maria Jos\u00e9<\/em>. Expressa, assim, a nossa comunh\u00e3o e perten\u00e7a \u00e0 grande fam\u00edlia espiritual da <em>Bem-Aventurada Rita Amada de Jesus<\/em>.<\/p>\n<p>&nbsp;<\/p>\n<p><strong><em>O VERSO <\/em><\/strong><em>(mantem-se a representa\u00e7\u00e3o das 3 Cruzes)<\/em><\/p>\n<p><strong><em>A Sigla VJMJ<\/em><\/strong><\/p>\n<p>No verso da cruz est\u00e3o cunhadas as letras <strong><em>V J M J<\/em><\/strong>. Abrevia\u00e7\u00e3o da tradicional invoca\u00e7\u00e3o e jaculat\u00f3ria da Igreja em honra e louvor da Sagrada Fam\u00edlia: <em>VIVA JESUS, MARIA e JOS\u00c9!<\/em><\/p>\n<p>\u201c<em>Para sermos reconhecidos como membros da Fraternidade Jesus Maria Jos\u00e9, nos saudamos sempre com a jaculat\u00f3ria Viva Jesus, Maria e Jos\u00e9, ao que o interlocutor responde, para sempre em nossos cora\u00e7\u00f5es! Da mesma forma nossos documentos e escritos pessoais iniciam-se, sob forma de ep\u00edgrafe, com a exclama\u00e7\u00e3o Viva Jesus, Maria e Jos\u00e9!, ou a sua sigla correspondente V.J.M.J<\/em><em>.\u201d <\/em><em>(Diret\u00f3rio da Fraternidade Jesus Maria Jos\u00e9<\/em> 195)<\/p>\n<p>A nossa Fundadora, inicia com esta sigla a sua Autobiografia, onde se l\u00ea na 1.\u00aa p\u00e1gina: <em>V.(iva) JMJ. Uma pequena cruz encima o J. <\/em>\u00a0Utiliza a mesma invoca\u00e7\u00e3o em outros escritos de pr\u00f3prio punho. Seu uso constante integra os usos e costumes de nossa fam\u00edlia espiritual.<\/p>\n<p><strong><em>A Nossa LOGOMARCA <\/em><\/strong><em>(ver a respectiva explica\u00e7\u00e3o neste mesmo site)<\/em><\/p>\n<p>No anverso da cruz, abaixo da sigla VJMJ, se encontra tamb\u00e9m a Logomarca da <em>Fraternidade Jesus Maria Jos\u00e9<\/em>. Ela est\u00e1 localizada no centro da Cruz, para expressar o desejo sincero de nossa associa\u00e7\u00e3o, e de cada um dos seus membros, de estarmos humildemente presentes no cora\u00e7\u00e3o do Mist\u00e9rio do Cristo e da Sua Santa Igreja.<\/p>\n<p>&nbsp;<\/p>\n<p><strong><em>O CORD\u00c3O <\/em><\/strong><\/p>\n<p>Levamos o distintivo da Cruz pendente em um cord\u00e3o tricolor.<\/p>\n<p><strong><em>Vermelho &#8211; <\/em><\/strong><strong>Jesus: <\/strong><em>O Sangue Eucar\u00edstico &#8211; Paix\u00e3o e Morte &#8211; Convers\u00e3o<\/em> \u2013 <strong><em>Ap\u00f3stolos da Eucaristia<\/em><\/strong><br \/>\n<strong><em>Azul<\/em> &#8211; Maria: <\/strong><em>A Imaculada &#8211; M\u00e3e de Deus &#8211; Celeste Intercessora<\/em> \u2013 <strong><em>Ap\u00f3stolos do Ros\u00e1rio<\/em><\/strong><br \/>\n<strong><em>Branco<\/em> &#8211; Jos\u00e9: <\/strong><em>Casto Esposo &#8211; servi\u00e7o e pureza &#8211; vida conjugal<\/em> \u2013 <strong><em>Ap\u00f3stolos da Fam\u00edlia<\/em><\/strong><\/p>\n","protected":false},"excerpt":{"rendered":"<p>DISTINTIVO DOS MEMBROS EFETIVOS O nosso distintivo \u00e9 a CRUZ de Jesus Cristo. \u201cA Cruz, recebida por ocasi\u00e3o da Promessa de Compromisso, \u00e9 de uso pessoal e exclusivo dos Membros Efetivos. Sinal de nossa perten\u00e7a definitiva \u00e0 Fraternidade Jesus Maria Jos\u00e9, seu uso \u00e9 obrigat\u00f3rio em todos os momentos oficiais da programa\u00e7\u00e3o da Comunidade a [&hellip;]<\/p>\n","protected":false},"author":1,"featured_media":0,"parent":91,"menu_order":0,"comment_status":"closed","ping_status":"closed","template":"","meta":[],"acf":[],"yoast_head":"<!-- This site is optimized with the Yoast SEO plugin v19.13 - https:\/\/yoast.com\/wordpress\/plugins\/seo\/ -->\n<title>Distintivo - Fraternidade Jesus Maria Jos\u00e9<\/title>\n<meta name=\"robots\" content=\"index, follow, max-snippet:-1, max-image-preview:large, max-video-preview:-1\" \/>\n<link rel=\"canonical\" href=\"https:\/\/fraterjmj.org\/es\/simbologia\/distintivo-simbologia\/\" \/>\n<meta property=\"og:locale\" content=\"pt_BR\" \/>\n<meta property=\"og:type\" content=\"article\" \/>\n<meta property=\"og:title\" content=\"Distintivo - Fraternidade Jesus Maria Jos\u00e9\" \/>\n<meta property=\"og:description\" content=\"DISTINTIVO DOS MEMBROS EFETIVOS O nosso distintivo \u00e9 a CRUZ de Jesus Cristo. \u201cA Cruz, recebida por ocasi\u00e3o da Promessa de Compromisso, \u00e9 de uso pessoal e exclusivo dos Membros Efetivos. Sinal de nossa perten\u00e7a definitiva \u00e0 Fraternidade Jesus Maria Jos\u00e9, seu uso \u00e9 obrigat\u00f3rio em todos os momentos oficiais da programa\u00e7\u00e3o da Comunidade a [&hellip;]\" \/>\n<meta property=\"og:url\" content=\"https:\/\/fraterjmj.org\/es\/simbologia\/distintivo-simbologia\/\" \/>\n<meta property=\"og:site_name\" content=\"Fraternidade Jesus Maria Jos\u00e9\" \/>\n<meta property=\"article:modified_time\" content=\"2020-12-15T13:22:17+00:00\" \/>\n<meta property=\"og:image\" content=\"https:\/\/fraterjmj.org\/es\/wp-content\/uploads\/2020\/07\/Distintivo-X-Frente-e-Verso-177x300.jpg\" \/>\n<meta name=\"twitter:card\" content=\"summary_large_image\" \/>\n<meta name=\"twitter:label1\" content=\"Est. tempo de leitura\" \/>\n\t<meta name=\"twitter:data1\" content=\"7 minutos\" \/>\n<script type=\"application\/ld+json\" class=\"yoast-schema-graph\">{\"@context\":\"https:\/\/schema.org\",\"@graph\":[{\"@type\":\"WebPage\",\"@id\":\"https:\/\/fraterjmj.org\/es\/simbologia\/distintivo-simbologia\/\",\"url\":\"https:\/\/fraterjmj.org\/es\/simbologia\/distintivo-simbologia\/\",\"name\":\"Distintivo - Fraternidade Jesus Maria Jos\u00e9\",\"isPartOf\":{\"@id\":\"https:\/\/fraterjmj.org\/es\/#website\"},\"datePublished\":\"2020-07-25T15:02:26+00:00\",\"dateModified\":\"2020-12-15T13:22:17+00:00\",\"breadcrumb\":{\"@id\":\"https:\/\/fraterjmj.org\/es\/simbologia\/distintivo-simbologia\/#breadcrumb\"},\"inLanguage\":\"pt-BR\",\"potentialAction\":[{\"@type\":\"ReadAction\",\"target\":[\"https:\/\/fraterjmj.org\/es\/simbologia\/distintivo-simbologia\/\"]}]},{\"@type\":\"BreadcrumbList\",\"@id\":\"https:\/\/fraterjmj.org\/es\/simbologia\/distintivo-simbologia\/#breadcrumb\",\"itemListElement\":[{\"@type\":\"ListItem\",\"position\":1,\"name\":\"In\u00edcio\",\"item\":\"https:\/\/fraterjmj.org\/es\/\"},{\"@type\":\"ListItem\",\"position\":2,\"name\":\"Simbologia\",\"item\":\"https:\/\/fraterjmj.org\/es\/simbologia\/\"},{\"@type\":\"ListItem\",\"position\":3,\"name\":\"Distintivo\"}]},{\"@type\":\"WebSite\",\"@id\":\"https:\/\/fraterjmj.org\/es\/#website\",\"url\":\"https:\/\/fraterjmj.org\/es\/\",\"name\":\"Fraternidade Jesus Maria Jos\u00e9\",\"description\":\"\",\"potentialAction\":[{\"@type\":\"SearchAction\",\"target\":{\"@type\":\"EntryPoint\",\"urlTemplate\":\"https:\/\/fraterjmj.org\/es\/?s={search_term_string}\"},\"query-input\":\"required name=search_term_string\"}],\"inLanguage\":\"pt-BR\"}]}<\/script>\n<!-- \/ Yoast SEO plugin. -->","yoast_head_json":{"title":"Distintivo - Fraternidade Jesus Maria Jos\u00e9","robots":{"index":"index","follow":"follow","max-snippet":"max-snippet:-1","max-image-preview":"max-image-preview:large","max-video-preview":"max-video-preview:-1"},"canonical":"https:\/\/fraterjmj.org\/es\/simbologia\/distintivo-simbologia\/","og_locale":"pt_BR","og_type":"article","og_title":"Distintivo - Fraternidade Jesus Maria Jos\u00e9","og_description":"DISTINTIVO DOS MEMBROS EFETIVOS O nosso distintivo \u00e9 a CRUZ de Jesus Cristo. \u201cA Cruz, recebida por ocasi\u00e3o da Promessa de Compromisso, \u00e9 de uso pessoal e exclusivo dos Membros Efetivos. Sinal de nossa perten\u00e7a definitiva \u00e0 Fraternidade Jesus Maria Jos\u00e9, seu uso \u00e9 obrigat\u00f3rio em todos os momentos oficiais da programa\u00e7\u00e3o da Comunidade a [&hellip;]","og_url":"https:\/\/fraterjmj.org\/es\/simbologia\/distintivo-simbologia\/","og_site_name":"Fraternidade Jesus Maria Jos\u00e9","article_modified_time":"2020-12-15T13:22:17+00:00","og_image":[{"url":"https:\/\/fraterjmj.org\/es\/wp-content\/uploads\/2020\/07\/Distintivo-X-Frente-e-Verso-177x300.jpg"}],"twitter_card":"summary_large_image","twitter_misc":{"Est. tempo de leitura":"7 minutos"},"schema":{"@context":"https:\/\/schema.org","@graph":[{"@type":"WebPage","@id":"https:\/\/fraterjmj.org\/es\/simbologia\/distintivo-simbologia\/","url":"https:\/\/fraterjmj.org\/es\/simbologia\/distintivo-simbologia\/","name":"Distintivo - Fraternidade Jesus Maria Jos\u00e9","isPartOf":{"@id":"https:\/\/fraterjmj.org\/es\/#website"},"datePublished":"2020-07-25T15:02:26+00:00","dateModified":"2020-12-15T13:22:17+00:00","breadcrumb":{"@id":"https:\/\/fraterjmj.org\/es\/simbologia\/distintivo-simbologia\/#breadcrumb"},"inLanguage":"pt-BR","potentialAction":[{"@type":"ReadAction","target":["https:\/\/fraterjmj.org\/es\/simbologia\/distintivo-simbologia\/"]}]},{"@type":"BreadcrumbList","@id":"https:\/\/fraterjmj.org\/es\/simbologia\/distintivo-simbologia\/#breadcrumb","itemListElement":[{"@type":"ListItem","position":1,"name":"In\u00edcio","item":"https:\/\/fraterjmj.org\/es\/"},{"@type":"ListItem","position":2,"name":"Simbologia","item":"https:\/\/fraterjmj.org\/es\/simbologia\/"},{"@type":"ListItem","position":3,"name":"Distintivo"}]},{"@type":"WebSite","@id":"https:\/\/fraterjmj.org\/es\/#website","url":"https:\/\/fraterjmj.org\/es\/","name":"Fraternidade Jesus Maria Jos\u00e9","description":"","potentialAction":[{"@type":"SearchAction","target":{"@type":"EntryPoint","urlTemplate":"https:\/\/fraterjmj.org\/es\/?s={search_term_string}"},"query-input":"required name=search_term_string"}],"inLanguage":"pt-BR"}]}},"_links":{"self":[{"href":"https:\/\/fraterjmj.org\/es\/wp-json\/wp\/v2\/pages\/327"}],"collection":[{"href":"https:\/\/fraterjmj.org\/es\/wp-json\/wp\/v2\/pages"}],"about":[{"href":"https:\/\/fraterjmj.org\/es\/wp-json\/wp\/v2\/types\/page"}],"author":[{"embeddable":true,"href":"https:\/\/fraterjmj.org\/es\/wp-json\/wp\/v2\/users\/1"}],"replies":[{"embeddable":true,"href":"https:\/\/fraterjmj.org\/es\/wp-json\/wp\/v2\/comments?post=327"}],"version-history":[{"count":0,"href":"https:\/\/fraterjmj.org\/es\/wp-json\/wp\/v2\/pages\/327\/revisions"}],"up":[{"embeddable":true,"href":"https:\/\/fraterjmj.org\/es\/wp-json\/wp\/v2\/pages\/91"}],"wp:attachment":[{"href":"https:\/\/fraterjmj.org\/es\/wp-json\/wp\/v2\/media?parent=327"}],"curies":[{"name":"wp","href":"https:\/\/api.w.org\/{rel}","templated":true}]}}