{"id":34,"date":"2020-04-20T08:07:08","date_gmt":"2020-04-20T11:07:08","guid":{"rendered":"https:\/\/fraterjmj.org\/es\/\/?page_id=34"},"modified":"2020-08-04T11:39:31","modified_gmt":"2020-08-04T14:39:31","slug":"carisma","status":"publish","type":"page","link":"https:\/\/fraterjmj.org\/es\/nossa-historia\/carisma\/","title":{"rendered":"Carisma"},"content":{"rendered":"<h2 style=\"text-align: left;\">NOSSO CARISMA<\/h2>\n<h5 style=\"text-align: left;\">Imitar a Sagrada Fam\u00edlia em Nazar\u00e9 e Anunciar o Evangelho da Convers\u00e3o<\/h5>\n<p>\u201c<em>Um carisma \u00e9 sempre um dom que o Esp\u00edrito do Senhor concede \u00e0 sua Igreja, para o enriquecimento de toda a vida crist\u00e3. Como dom, permite que todo e qualquer crist\u00e3o, homem ou mulher, possa a ele aderir, independente do seu estado de vida e da sua op\u00e7\u00e3o vocacional. Cada carisma constitui-se em uma enorme riqueza para todo o Povo de Deus; perspectiva que expressa a sua universalidade<\/em>.\u201d <em>(Diret\u00f3rio Fraternidade Jesus Maria Jos\u00e9 54)<\/em><\/p>\n<p><em>&#8220;O carisma n\u00e3o se mant\u00eam na hist\u00f3ria como se mantem um patrim\u00f4nio de id\u00e9ias, de valores, de experi\u00eancias, somente porque \u00e9 poss\u00edvel contrastar com novas perspectivas e novas emerg\u00eancias. Mantem-se, sim, como uma &#8216;gra\u00e7a viva&#8217;, cuja din\u00e2mica pertence ao Esp\u00edrito Santo: come\u00e7a com um evento de gra\u00e7a\u00a0 que envolve o carism\u00e1tico em um ardente caminho para seguir a Cristo e pode permanecer na hist\u00f3ria somente como uma gra\u00e7a que sempre se renova.&#8221;<\/em> <em>(Antonio Maria Sicari, Gli antichi carisma nella Chiesa, Jaca Book, Milano, 2002, p. 32-33)<\/em>.<\/p>\n<p>\u201c<em>Um carisma se constitui em um conjunto de elementos hauridos do Evangelho<\/em> <em>de Jesus e da mais l\u00eddima Tradi\u00e7\u00e3o da Igreja, e partilhados por um grupo de<\/em> <em>crist\u00e3os. Todo carisma \u00e9, por isso, original e \u00fanico na sua totalidade, seja no<\/em> <em>conjunto dos elementos que o integram, seja na forma como interagem entre si<\/em> <em>e s\u00e3o vividos pessoal e comunitariamente por aqueles que a ele aderem.<\/em>\u201d <em>(Diret\u00f3rio Fraternidade Jesus Maria Jos\u00e9 56)<\/em><\/p>\n<p>Todo carisma na Igreja expressa-se em duas dimens\u00f5es: a <em>Espiritualidade<\/em> e a <em>Miss\u00e3o<\/em>. O nosso Carisma foi-nos outorgado pelo Esp\u00edrito Santo por meio de <em>Rita Amada de Jesus<\/em>. Com renovada fidelidade criativa a esse dom divino, o nosso Carisma tem a sua formula\u00e7\u00e3o atualizada na <strong><em>Imita\u00e7\u00e3o da Sagrada Fam\u00edlia em Nazar\u00e9<\/em> <\/strong>e no <em><strong>An\u00fancio do Evangelho da Convers\u00e3o<\/strong><\/em>. <em>(cf. Diret\u00f3rio Fraternidade Jesus Maria Jos\u00e9 59)<\/em><\/p>\n","protected":false},"excerpt":{"rendered":"<p>NOSSO CARISMA Imitar a Sagrada Fam\u00edlia em Nazar\u00e9 e Anunciar o Evangelho da Convers\u00e3o \u201cUm carisma \u00e9 sempre um dom que o Esp\u00edrito do Senhor concede \u00e0 sua Igreja, para o enriquecimento de toda a vida crist\u00e3. Como dom, permite que todo e qualquer crist\u00e3o, homem ou mulher, possa a ele aderir, independente do seu [&hellip;]<\/p>\n","protected":false},"author":1,"featured_media":0,"parent":26,"menu_order":0,"comment_status":"closed","ping_status":"closed","template":"","meta":[],"acf":[],"yoast_head":"<!-- This site is optimized with the Yoast SEO plugin v19.13 - https:\/\/yoast.com\/wordpress\/plugins\/seo\/ -->\n<title>Carisma - Fraternidade Jesus Maria Jos\u00e9<\/title>\n<meta name=\"robots\" content=\"index, follow, max-snippet:-1, max-image-preview:large, max-video-preview:-1\" \/>\n<link rel=\"canonical\" href=\"https:\/\/fraterjmj.org\/es\/nossa-historia\/carisma\/\" \/>\n<meta property=\"og:locale\" content=\"pt_BR\" \/>\n<meta property=\"og:type\" content=\"article\" \/>\n<meta property=\"og:title\" content=\"Carisma - Fraternidade Jesus Maria Jos\u00e9\" \/>\n<meta property=\"og:description\" content=\"NOSSO CARISMA Imitar a Sagrada Fam\u00edlia em Nazar\u00e9 e Anunciar o Evangelho da Convers\u00e3o \u201cUm carisma \u00e9 sempre um dom que o Esp\u00edrito do Senhor concede \u00e0 sua Igreja, para o enriquecimento de toda a vida crist\u00e3. Como dom, permite que todo e qualquer crist\u00e3o, homem ou mulher, possa a ele aderir, independente do seu [&hellip;]\" \/>\n<meta property=\"og:url\" content=\"https:\/\/fraterjmj.org\/es\/nossa-historia\/carisma\/\" \/>\n<meta property=\"og:site_name\" content=\"Fraternidade Jesus Maria Jos\u00e9\" \/>\n<meta property=\"article:modified_time\" content=\"2020-08-04T14:39:31+00:00\" \/>\n<meta name=\"twitter:card\" content=\"summary_large_image\" \/>\n<meta name=\"twitter:label1\" content=\"Est. tempo de leitura\" \/>\n\t<meta name=\"twitter:data1\" content=\"2 minutos\" \/>\n<script type=\"application\/ld+json\" class=\"yoast-schema-graph\">{\"@context\":\"https:\/\/schema.org\",\"@graph\":[{\"@type\":\"WebPage\",\"@id\":\"https:\/\/fraterjmj.org\/es\/nossa-historia\/carisma\/\",\"url\":\"https:\/\/fraterjmj.org\/es\/nossa-historia\/carisma\/\",\"name\":\"Carisma - Fraternidade Jesus Maria Jos\u00e9\",\"isPartOf\":{\"@id\":\"https:\/\/fraterjmj.org\/es\/#website\"},\"datePublished\":\"2020-04-20T11:07:08+00:00\",\"dateModified\":\"2020-08-04T14:39:31+00:00\",\"breadcrumb\":{\"@id\":\"https:\/\/fraterjmj.org\/es\/nossa-historia\/carisma\/#breadcrumb\"},\"inLanguage\":\"pt-BR\",\"potentialAction\":[{\"@type\":\"ReadAction\",\"target\":[\"https:\/\/fraterjmj.org\/es\/nossa-historia\/carisma\/\"]}]},{\"@type\":\"BreadcrumbList\",\"@id\":\"https:\/\/fraterjmj.org\/es\/nossa-historia\/carisma\/#breadcrumb\",\"itemListElement\":[{\"@type\":\"ListItem\",\"position\":1,\"name\":\"In\u00edcio\",\"item\":\"https:\/\/fraterjmj.org\/es\/\"},{\"@type\":\"ListItem\",\"position\":2,\"name\":\"Nossa Hist\u00f3ria\",\"item\":\"https:\/\/fraterjmj.org\/es\/nossa-historia\/\"},{\"@type\":\"ListItem\",\"position\":3,\"name\":\"Carisma\"}]},{\"@type\":\"WebSite\",\"@id\":\"https:\/\/fraterjmj.org\/es\/#website\",\"url\":\"https:\/\/fraterjmj.org\/es\/\",\"name\":\"Fraternidade Jesus Maria Jos\u00e9\",\"description\":\"\",\"potentialAction\":[{\"@type\":\"SearchAction\",\"target\":{\"@type\":\"EntryPoint\",\"urlTemplate\":\"https:\/\/fraterjmj.org\/es\/?s={search_term_string}\"},\"query-input\":\"required name=search_term_string\"}],\"inLanguage\":\"pt-BR\"}]}<\/script>\n<!-- \/ Yoast SEO plugin. -->","yoast_head_json":{"title":"Carisma - Fraternidade Jesus Maria Jos\u00e9","robots":{"index":"index","follow":"follow","max-snippet":"max-snippet:-1","max-image-preview":"max-image-preview:large","max-video-preview":"max-video-preview:-1"},"canonical":"https:\/\/fraterjmj.org\/es\/nossa-historia\/carisma\/","og_locale":"pt_BR","og_type":"article","og_title":"Carisma - Fraternidade Jesus Maria Jos\u00e9","og_description":"NOSSO CARISMA Imitar a Sagrada Fam\u00edlia em Nazar\u00e9 e Anunciar o Evangelho da Convers\u00e3o \u201cUm carisma \u00e9 sempre um dom que o Esp\u00edrito do Senhor concede \u00e0 sua Igreja, para o enriquecimento de toda a vida crist\u00e3. Como dom, permite que todo e qualquer crist\u00e3o, homem ou mulher, possa a ele aderir, independente do seu [&hellip;]","og_url":"https:\/\/fraterjmj.org\/es\/nossa-historia\/carisma\/","og_site_name":"Fraternidade Jesus Maria Jos\u00e9","article_modified_time":"2020-08-04T14:39:31+00:00","twitter_card":"summary_large_image","twitter_misc":{"Est. tempo de leitura":"2 minutos"},"schema":{"@context":"https:\/\/schema.org","@graph":[{"@type":"WebPage","@id":"https:\/\/fraterjmj.org\/es\/nossa-historia\/carisma\/","url":"https:\/\/fraterjmj.org\/es\/nossa-historia\/carisma\/","name":"Carisma - Fraternidade Jesus Maria Jos\u00e9","isPartOf":{"@id":"https:\/\/fraterjmj.org\/es\/#website"},"datePublished":"2020-04-20T11:07:08+00:00","dateModified":"2020-08-04T14:39:31+00:00","breadcrumb":{"@id":"https:\/\/fraterjmj.org\/es\/nossa-historia\/carisma\/#breadcrumb"},"inLanguage":"pt-BR","potentialAction":[{"@type":"ReadAction","target":["https:\/\/fraterjmj.org\/es\/nossa-historia\/carisma\/"]}]},{"@type":"BreadcrumbList","@id":"https:\/\/fraterjmj.org\/es\/nossa-historia\/carisma\/#breadcrumb","itemListElement":[{"@type":"ListItem","position":1,"name":"In\u00edcio","item":"https:\/\/fraterjmj.org\/es\/"},{"@type":"ListItem","position":2,"name":"Nossa Hist\u00f3ria","item":"https:\/\/fraterjmj.org\/es\/nossa-historia\/"},{"@type":"ListItem","position":3,"name":"Carisma"}]},{"@type":"WebSite","@id":"https:\/\/fraterjmj.org\/es\/#website","url":"https:\/\/fraterjmj.org\/es\/","name":"Fraternidade Jesus Maria Jos\u00e9","description":"","potentialAction":[{"@type":"SearchAction","target":{"@type":"EntryPoint","urlTemplate":"https:\/\/fraterjmj.org\/es\/?s={search_term_string}"},"query-input":"required name=search_term_string"}],"inLanguage":"pt-BR"}]}},"_links":{"self":[{"href":"https:\/\/fraterjmj.org\/es\/wp-json\/wp\/v2\/pages\/34"}],"collection":[{"href":"https:\/\/fraterjmj.org\/es\/wp-json\/wp\/v2\/pages"}],"about":[{"href":"https:\/\/fraterjmj.org\/es\/wp-json\/wp\/v2\/types\/page"}],"author":[{"embeddable":true,"href":"https:\/\/fraterjmj.org\/es\/wp-json\/wp\/v2\/users\/1"}],"replies":[{"embeddable":true,"href":"https:\/\/fraterjmj.org\/es\/wp-json\/wp\/v2\/comments?post=34"}],"version-history":[{"count":0,"href":"https:\/\/fraterjmj.org\/es\/wp-json\/wp\/v2\/pages\/34\/revisions"}],"up":[{"embeddable":true,"href":"https:\/\/fraterjmj.org\/es\/wp-json\/wp\/v2\/pages\/26"}],"wp:attachment":[{"href":"https:\/\/fraterjmj.org\/es\/wp-json\/wp\/v2\/media?parent=34"}],"curies":[{"name":"wp","href":"https:\/\/api.w.org\/{rel}","templated":true}]}}