{"id":36,"date":"2020-04-20T08:07:24","date_gmt":"2020-04-20T11:07:24","guid":{"rendered":"https:\/\/fraterjmj.org\/es\/\/?page_id=36"},"modified":"2020-08-04T15:05:58","modified_gmt":"2020-08-04T18:05:58","slug":"espiritualidade","status":"publish","type":"page","link":"https:\/\/fraterjmj.org\/es\/nossa-historia\/espiritualidade\/","title":{"rendered":"Espiritualidade"},"content":{"rendered":"<h2 style=\"text-align: left;\">NOSSA ESPIRITUALIDADE<\/h2>\n<h5>Imitar a Sagrada Fam\u00edlia em Nazar\u00e9<\/h5>\n<p><em>Espiritualidade<\/em> \u00e9 a dimens\u00e3o da vida que remete a um plano da exist\u00eancia que nos transcende a n\u00f3s mesmos e \u00e0 nossa hist\u00f3ria. A espiritualidade, para a vida crist\u00e3, \u00e9 a coluna vertebral e situa-se na ess\u00eancia da experi\u00eancia vital de seguir Jesus Cristo Ressuscitado e de aceit\u00e1-Lo como seu Senhor e Salvador.<em> (Diret\u00f3rio<\/em> <em>Fraternidade Jesus Maria Jos\u00e9 79)<\/em> A espiritualidade \u00e9 uma das duas dimens\u00f5es centrais do Carisma. Ela nutre a vida espiritual e m\u00edstica de um determinado grupo de crist\u00e3os, assim como orienta, informa e caracteriza a a\u00e7\u00e3o individual e comunit\u00e1ria de seus membros. A espiritualidade \u00e9 a dimens\u00e3o do SER de um Carisma. <em>(cf. idem 81).<\/em><\/p>\n<p>Nossa espiritualidade \u00e9 a <strong>Imita\u00e7\u00e3o da Sagrada Fam\u00edlia em Nazar\u00e9<\/strong> e emana do <em>Carisma de Rita Amada de Jesus<\/em>. Partilhamo-la com todos os que enra\u00edzam a sua vida crist\u00e3 nesse mesmo carisma. Juntos, somos desafiados a impregnar com essa espiritualidade as nossas vidas e as nossas a\u00e7\u00f5es, configurando-as \u00e0s vidas e \u00e0s a\u00e7\u00f5es de Jesus, de Maria e de Jos\u00e9, at\u00e9 sermos para o mundo \u00edcones da Sagrada Fam\u00edlia em Nazar\u00e9.<em> (cf. idem 82)<\/em><\/p>\n<p>Pela <em>contempla\u00e7\u00e3o e imita\u00e7\u00e3o da Sagrada Fam\u00edlia em Nazar\u00e9<\/em>, Rita Amada de Jesus hauriu o conjunto dos <strong>valores evang\u00e9licos<\/strong> que constituem nossa espiritualidade: <strong>simplicidade, pobreza, acolhimento, perseveran\u00e7a, trabalho, humildade,<\/strong> <strong>alegria, fidelidade, aud\u00e1cia, discernimento da Vontade de Deus e confian\u00e7a<\/strong> <strong>absoluta no Senhor<\/strong>. S\u00e3o valores vida de fam\u00edlia em Nazar\u00e9. A vida de fam\u00edlia \u00e9 elemento essencial de nossa humanidade que Jesus, o Verbo Encarnado, com Maria e Jos\u00e9, experimentou em Nazar\u00e9. \u00c0 imita\u00e7\u00e3o da Sagrada Fam\u00edlia em Nazar\u00e9, pautamos nosso estilo de vida por estes valores que expressam a nossa espiritualidade. <em>(cf. idem 88)<\/em><\/p>\n<p>A espiritualidade produz mudan\u00e7a de pensamento e de atitude em nossas vidas, assim como traduz um modo de viver; confere tamb\u00e9m sentido novo \u00e0 viv\u00eancia familiar, ao exerc\u00edcio profissional e \u00e0s atividades sociais. Vivemos nossa espiritualidade em nossa vida cotidiana, na fam\u00edlia e em outros ambientes sociais onde estamos inseridos. Nosso estado laical e secular nos proporciona condi\u00e7\u00f5es privilegiadas de testemunhar os valores pr\u00f3prios de nossa espiritualidade. <em>(cf. idem 93) <\/em>\u00c0 exemplo da fidelidade da Sagrada Fam\u00edlia \u00e0 miss\u00e3o vivida ocultamente em Nazar\u00e9, a <em>Fraternidade Jesus Maria Jos\u00e9,<\/em> fiel ao Senhor e \u00e0 Sua Igreja, adota como <em>via espiritual a<\/em><strong> vida escondida em Deus<\/strong>. <em>(cf. idem 105)<\/em><\/p>\n","protected":false},"excerpt":{"rendered":"<p>NOSSA ESPIRITUALIDADE Imitar a Sagrada Fam\u00edlia em Nazar\u00e9 Espiritualidade \u00e9 a dimens\u00e3o da vida que remete a um plano da exist\u00eancia que nos transcende a n\u00f3s mesmos e \u00e0 nossa hist\u00f3ria. A espiritualidade, para a vida crist\u00e3, \u00e9 a coluna vertebral e situa-se na ess\u00eancia da experi\u00eancia vital de seguir Jesus Cristo Ressuscitado e de [&hellip;]<\/p>\n","protected":false},"author":1,"featured_media":0,"parent":26,"menu_order":0,"comment_status":"closed","ping_status":"closed","template":"","meta":[],"acf":[],"yoast_head":"<!-- This site is optimized with the Yoast SEO plugin v19.13 - https:\/\/yoast.com\/wordpress\/plugins\/seo\/ -->\n<title>Espiritualidade - Fraternidade Jesus Maria Jos\u00e9<\/title>\n<meta name=\"robots\" content=\"index, follow, max-snippet:-1, max-image-preview:large, max-video-preview:-1\" \/>\n<link rel=\"canonical\" href=\"https:\/\/fraterjmj.org\/es\/nossa-historia\/espiritualidade\/\" \/>\n<meta property=\"og:locale\" content=\"pt_BR\" \/>\n<meta property=\"og:type\" content=\"article\" \/>\n<meta property=\"og:title\" content=\"Espiritualidade - Fraternidade Jesus Maria Jos\u00e9\" \/>\n<meta property=\"og:description\" content=\"NOSSA ESPIRITUALIDADE Imitar a Sagrada Fam\u00edlia em Nazar\u00e9 Espiritualidade \u00e9 a dimens\u00e3o da vida que remete a um plano da exist\u00eancia que nos transcende a n\u00f3s mesmos e \u00e0 nossa hist\u00f3ria. A espiritualidade, para a vida crist\u00e3, \u00e9 a coluna vertebral e situa-se na ess\u00eancia da experi\u00eancia vital de seguir Jesus Cristo Ressuscitado e de [&hellip;]\" \/>\n<meta property=\"og:url\" content=\"https:\/\/fraterjmj.org\/es\/nossa-historia\/espiritualidade\/\" \/>\n<meta property=\"og:site_name\" content=\"Fraternidade Jesus Maria Jos\u00e9\" \/>\n<meta property=\"article:modified_time\" content=\"2020-08-04T18:05:58+00:00\" \/>\n<meta name=\"twitter:card\" content=\"summary_large_image\" \/>\n<meta name=\"twitter:label1\" content=\"Est. tempo de leitura\" \/>\n\t<meta name=\"twitter:data1\" content=\"2 minutos\" \/>\n<script type=\"application\/ld+json\" class=\"yoast-schema-graph\">{\"@context\":\"https:\/\/schema.org\",\"@graph\":[{\"@type\":\"WebPage\",\"@id\":\"https:\/\/fraterjmj.org\/es\/nossa-historia\/espiritualidade\/\",\"url\":\"https:\/\/fraterjmj.org\/es\/nossa-historia\/espiritualidade\/\",\"name\":\"Espiritualidade - Fraternidade Jesus Maria Jos\u00e9\",\"isPartOf\":{\"@id\":\"https:\/\/fraterjmj.org\/es\/#website\"},\"datePublished\":\"2020-04-20T11:07:24+00:00\",\"dateModified\":\"2020-08-04T18:05:58+00:00\",\"breadcrumb\":{\"@id\":\"https:\/\/fraterjmj.org\/es\/nossa-historia\/espiritualidade\/#breadcrumb\"},\"inLanguage\":\"pt-BR\",\"potentialAction\":[{\"@type\":\"ReadAction\",\"target\":[\"https:\/\/fraterjmj.org\/es\/nossa-historia\/espiritualidade\/\"]}]},{\"@type\":\"BreadcrumbList\",\"@id\":\"https:\/\/fraterjmj.org\/es\/nossa-historia\/espiritualidade\/#breadcrumb\",\"itemListElement\":[{\"@type\":\"ListItem\",\"position\":1,\"name\":\"In\u00edcio\",\"item\":\"https:\/\/fraterjmj.org\/es\/\"},{\"@type\":\"ListItem\",\"position\":2,\"name\":\"Nossa Hist\u00f3ria\",\"item\":\"https:\/\/fraterjmj.org\/es\/nossa-historia\/\"},{\"@type\":\"ListItem\",\"position\":3,\"name\":\"Espiritualidade\"}]},{\"@type\":\"WebSite\",\"@id\":\"https:\/\/fraterjmj.org\/es\/#website\",\"url\":\"https:\/\/fraterjmj.org\/es\/\",\"name\":\"Fraternidade Jesus Maria Jos\u00e9\",\"description\":\"\",\"potentialAction\":[{\"@type\":\"SearchAction\",\"target\":{\"@type\":\"EntryPoint\",\"urlTemplate\":\"https:\/\/fraterjmj.org\/es\/?s={search_term_string}\"},\"query-input\":\"required name=search_term_string\"}],\"inLanguage\":\"pt-BR\"}]}<\/script>\n<!-- \/ Yoast SEO plugin. -->","yoast_head_json":{"title":"Espiritualidade - Fraternidade Jesus Maria Jos\u00e9","robots":{"index":"index","follow":"follow","max-snippet":"max-snippet:-1","max-image-preview":"max-image-preview:large","max-video-preview":"max-video-preview:-1"},"canonical":"https:\/\/fraterjmj.org\/es\/nossa-historia\/espiritualidade\/","og_locale":"pt_BR","og_type":"article","og_title":"Espiritualidade - Fraternidade Jesus Maria Jos\u00e9","og_description":"NOSSA ESPIRITUALIDADE Imitar a Sagrada Fam\u00edlia em Nazar\u00e9 Espiritualidade \u00e9 a dimens\u00e3o da vida que remete a um plano da exist\u00eancia que nos transcende a n\u00f3s mesmos e \u00e0 nossa hist\u00f3ria. A espiritualidade, para a vida crist\u00e3, \u00e9 a coluna vertebral e situa-se na ess\u00eancia da experi\u00eancia vital de seguir Jesus Cristo Ressuscitado e de [&hellip;]","og_url":"https:\/\/fraterjmj.org\/es\/nossa-historia\/espiritualidade\/","og_site_name":"Fraternidade Jesus Maria Jos\u00e9","article_modified_time":"2020-08-04T18:05:58+00:00","twitter_card":"summary_large_image","twitter_misc":{"Est. tempo de leitura":"2 minutos"},"schema":{"@context":"https:\/\/schema.org","@graph":[{"@type":"WebPage","@id":"https:\/\/fraterjmj.org\/es\/nossa-historia\/espiritualidade\/","url":"https:\/\/fraterjmj.org\/es\/nossa-historia\/espiritualidade\/","name":"Espiritualidade - Fraternidade Jesus Maria Jos\u00e9","isPartOf":{"@id":"https:\/\/fraterjmj.org\/es\/#website"},"datePublished":"2020-04-20T11:07:24+00:00","dateModified":"2020-08-04T18:05:58+00:00","breadcrumb":{"@id":"https:\/\/fraterjmj.org\/es\/nossa-historia\/espiritualidade\/#breadcrumb"},"inLanguage":"pt-BR","potentialAction":[{"@type":"ReadAction","target":["https:\/\/fraterjmj.org\/es\/nossa-historia\/espiritualidade\/"]}]},{"@type":"BreadcrumbList","@id":"https:\/\/fraterjmj.org\/es\/nossa-historia\/espiritualidade\/#breadcrumb","itemListElement":[{"@type":"ListItem","position":1,"name":"In\u00edcio","item":"https:\/\/fraterjmj.org\/es\/"},{"@type":"ListItem","position":2,"name":"Nossa Hist\u00f3ria","item":"https:\/\/fraterjmj.org\/es\/nossa-historia\/"},{"@type":"ListItem","position":3,"name":"Espiritualidade"}]},{"@type":"WebSite","@id":"https:\/\/fraterjmj.org\/es\/#website","url":"https:\/\/fraterjmj.org\/es\/","name":"Fraternidade Jesus Maria Jos\u00e9","description":"","potentialAction":[{"@type":"SearchAction","target":{"@type":"EntryPoint","urlTemplate":"https:\/\/fraterjmj.org\/es\/?s={search_term_string}"},"query-input":"required name=search_term_string"}],"inLanguage":"pt-BR"}]}},"_links":{"self":[{"href":"https:\/\/fraterjmj.org\/es\/wp-json\/wp\/v2\/pages\/36"}],"collection":[{"href":"https:\/\/fraterjmj.org\/es\/wp-json\/wp\/v2\/pages"}],"about":[{"href":"https:\/\/fraterjmj.org\/es\/wp-json\/wp\/v2\/types\/page"}],"author":[{"embeddable":true,"href":"https:\/\/fraterjmj.org\/es\/wp-json\/wp\/v2\/users\/1"}],"replies":[{"embeddable":true,"href":"https:\/\/fraterjmj.org\/es\/wp-json\/wp\/v2\/comments?post=36"}],"version-history":[{"count":0,"href":"https:\/\/fraterjmj.org\/es\/wp-json\/wp\/v2\/pages\/36\/revisions"}],"up":[{"embeddable":true,"href":"https:\/\/fraterjmj.org\/es\/wp-json\/wp\/v2\/pages\/26"}],"wp:attachment":[{"href":"https:\/\/fraterjmj.org\/es\/wp-json\/wp\/v2\/media?parent=36"}],"curies":[{"name":"wp","href":"https:\/\/api.w.org\/{rel}","templated":true}]}}