{"id":38,"date":"2020-04-20T08:07:36","date_gmt":"2020-04-20T11:07:36","guid":{"rendered":"https:\/\/fraterjmj.org\/es\/\/?page_id=38"},"modified":"2020-08-05T06:37:19","modified_gmt":"2020-08-05T09:37:19","slug":"missao","status":"publish","type":"page","link":"https:\/\/fraterjmj.org\/es\/nossa-historia\/missao\/","title":{"rendered":"Miss\u00e3o"},"content":{"rendered":"<h2 style=\"text-align: left;\">NOSSA MISS\u00c3O<\/h2>\n<h5>Anunciar o Evangelho da Convers\u00e3o<\/h5>\n<p>A <em>Miss\u00e3o<\/em> da Igreja \u00e9 Evangelizar, prolongar a Miss\u00e3o de Jesus e anunciar o Seu Evangelho. A miss\u00e3o \u00e9 um servi\u00e7o, por meio do qual o Esp\u00edrito Santo age na Igreja e no Mundo. Jesus envia a sua Igreja. Assim, somos todos enviados e, por isso mesmo, toda a Igreja \u00e9 mission\u00e1ria. A Miss\u00e3o de Evangelizar se expressa em duas dimens\u00f5es: a constru\u00e7\u00e3o da Igreja &#8211; servi\u00e7o aos crist\u00e3os, e a proclama\u00e7\u00e3o do Reino de Deus- servi\u00e7o \u00e0 Humanidade. <em>(cf. Diret\u00f3rio da Fraternidade Jesus Maria Jos\u00e9 100)<\/em><\/p>\n<p>A miss\u00e3o \u00e9 a outra das duas dimens\u00f5es centrais do carisma. Ela d\u00e1 sentido \u00e0 espiritualidade da qual se nutre, pois, a f\u00e9 sem obras \u00e9 v\u00e3. <em>(cf. Tg. 2, 17)<\/em> A miss\u00e3o engaja cada comunidade crist\u00e3 na salva\u00e7\u00e3o dos seus membros, na edifica\u00e7\u00e3o da Igreja e na implanta\u00e7\u00e3o do Reino de Deus, por meio de a\u00e7\u00f5es individuais e comunit\u00e1rias. A miss\u00e3o \u00e9 a dimens\u00e3o do AGIR de um Carisma. <em>(cf. idem 103)<\/em><\/p>\n<p>Nossa miss\u00e3o \u00e9 o <strong>An\u00fancio do Evangelho da Convers\u00e3o<\/strong> que, assim como a nossa espiritualidade, emana do <em>Carisma de Rita Amada de Jesus<\/em>. Comungamos da mesma miss\u00e3o com todos os fi\u00e9is que aderem a este mesmo carisma. A miss\u00e3o para a qual o Senhor nos envia est\u00e1 no centro da identidade e da vida da nossa associa\u00e7\u00e3o. <em>(cf. idem 104)<\/em><\/p>\n<p>Cada membro da <em>Fraternidade Jesus Maria Jos\u00e9<\/em>, a exemplo de <em>Rita Amada de Jesus,<\/em> empenha-se com ousadia e determina\u00e7\u00e3o em promover a pr\u00f3pria <em>convers\u00e3o<\/em>, e em prop\u00f4-la a outros. Em nossa a\u00e7\u00e3o evangelizadora privilegiamos especialmente as fam\u00edlias, desestruturadas ou em situa\u00e7\u00e3o de crise; as crian\u00e7as e os jovens, em processo preventivo de forma\u00e7\u00e3o; e os pobres, em situa\u00e7\u00e3o que degrade a dignidade humana. <em>(cf. idem 106)<\/em><\/p>\n<p>A perten\u00e7a \u00e0 <em>Fraternidade Jesus Maria Jos\u00e9<\/em> encontra sua legitimidade na coer\u00eancia pessoal do testemunho de vida de cada membro. O nosso apostolado tem seu fundamento no testemunho individual, cuja responsabilidade \u00e9 indeleg\u00e1vel. <em>(cf. idem 119)<\/em><\/p>\n<p>Como <em>Rita Amada de Jesus<\/em>, somos chamados a ser <strong>Ap\u00f3stolos da Eucaristia, do Ros\u00e1rio e da Fam\u00edlia. <\/strong>Amar profundamente a Eucaristia, perseverar na ora\u00e7\u00e3o do ter\u00e7o, e trabalhar na defesa das fam\u00edlias pelo combate \u00e0s ideologias que pretendem destru\u00ed-la, \u00e9 miss\u00e3o de nossa associa\u00e7\u00e3o e est\u00e1 ao alcance de todos. <em>(cf. idem 115)<\/em><\/p>\n<p>Nas pastorais da Igreja engajamo-nos preferencialmente nas que se harmonizam com a nossa miss\u00e3o, a saber: a pastoral familiar e conjugal, a catequ\u00e9tica, a juvenil, a vocacional e a eucar\u00edstica. Tamb\u00e9m nos comprometemos de forma sistem\u00e1tica na propaga\u00e7\u00e3o da devo\u00e7\u00e3o ao Santo Ros\u00e1rio, na difus\u00e3o da vida e obra da <em>Bem-Aventurada Rita Amada de Jesus<\/em>. <em>(cf. idem 132)<\/em><\/p>\n<p>Outras realidades do mundo temporal<strong>,<\/strong> para al\u00e9m das fam\u00edlias, s\u00e3o tamb\u00e9m nosso campo apost\u00f3lico onde pela palavra, mas, sobretudo pelo testemunho de vida, semeamos o <em>Evangelho da Convers\u00e3o<\/em>, como por exemplo, o mundo do trabalho, da cultura, da pol\u00edtica, da ci\u00eancia, da educa\u00e7\u00e3o e das artes, dentre outros. <em>(cf. idem 77)<\/em><\/p>\n","protected":false},"excerpt":{"rendered":"<p>NOSSA MISS\u00c3O Anunciar o Evangelho da Convers\u00e3o A Miss\u00e3o da Igreja \u00e9 Evangelizar, prolongar a Miss\u00e3o de Jesus e anunciar o Seu Evangelho. A miss\u00e3o \u00e9 um servi\u00e7o, por meio do qual o Esp\u00edrito Santo age na Igreja e no Mundo. Jesus envia a sua Igreja. Assim, somos todos enviados e, por isso mesmo, toda [&hellip;]<\/p>\n","protected":false},"author":1,"featured_media":0,"parent":26,"menu_order":0,"comment_status":"closed","ping_status":"closed","template":"","meta":[],"acf":[],"yoast_head":"<!-- This site is optimized with the Yoast SEO plugin v19.13 - https:\/\/yoast.com\/wordpress\/plugins\/seo\/ -->\n<title>Miss\u00e3o - Fraternidade Jesus Maria Jos\u00e9<\/title>\n<meta name=\"robots\" content=\"index, follow, max-snippet:-1, max-image-preview:large, max-video-preview:-1\" \/>\n<link rel=\"canonical\" href=\"https:\/\/fraterjmj.org\/es\/nossa-historia\/missao\/\" \/>\n<meta property=\"og:locale\" content=\"pt_BR\" \/>\n<meta property=\"og:type\" content=\"article\" \/>\n<meta property=\"og:title\" content=\"Miss\u00e3o - Fraternidade Jesus Maria Jos\u00e9\" \/>\n<meta property=\"og:description\" content=\"NOSSA MISS\u00c3O Anunciar o Evangelho da Convers\u00e3o A Miss\u00e3o da Igreja \u00e9 Evangelizar, prolongar a Miss\u00e3o de Jesus e anunciar o Seu Evangelho. A miss\u00e3o \u00e9 um servi\u00e7o, por meio do qual o Esp\u00edrito Santo age na Igreja e no Mundo. Jesus envia a sua Igreja. Assim, somos todos enviados e, por isso mesmo, toda [&hellip;]\" \/>\n<meta property=\"og:url\" content=\"https:\/\/fraterjmj.org\/es\/nossa-historia\/missao\/\" \/>\n<meta property=\"og:site_name\" content=\"Fraternidade Jesus Maria Jos\u00e9\" \/>\n<meta property=\"article:modified_time\" content=\"2020-08-05T09:37:19+00:00\" \/>\n<meta name=\"twitter:card\" content=\"summary_large_image\" \/>\n<meta name=\"twitter:label1\" content=\"Est. tempo de leitura\" \/>\n\t<meta name=\"twitter:data1\" content=\"3 minutos\" \/>\n<script type=\"application\/ld+json\" class=\"yoast-schema-graph\">{\"@context\":\"https:\/\/schema.org\",\"@graph\":[{\"@type\":\"WebPage\",\"@id\":\"https:\/\/fraterjmj.org\/es\/nossa-historia\/missao\/\",\"url\":\"https:\/\/fraterjmj.org\/es\/nossa-historia\/missao\/\",\"name\":\"Miss\u00e3o - Fraternidade Jesus Maria Jos\u00e9\",\"isPartOf\":{\"@id\":\"https:\/\/fraterjmj.org\/es\/#website\"},\"datePublished\":\"2020-04-20T11:07:36+00:00\",\"dateModified\":\"2020-08-05T09:37:19+00:00\",\"breadcrumb\":{\"@id\":\"https:\/\/fraterjmj.org\/es\/nossa-historia\/missao\/#breadcrumb\"},\"inLanguage\":\"pt-BR\",\"potentialAction\":[{\"@type\":\"ReadAction\",\"target\":[\"https:\/\/fraterjmj.org\/es\/nossa-historia\/missao\/\"]}]},{\"@type\":\"BreadcrumbList\",\"@id\":\"https:\/\/fraterjmj.org\/es\/nossa-historia\/missao\/#breadcrumb\",\"itemListElement\":[{\"@type\":\"ListItem\",\"position\":1,\"name\":\"In\u00edcio\",\"item\":\"https:\/\/fraterjmj.org\/es\/\"},{\"@type\":\"ListItem\",\"position\":2,\"name\":\"Nossa Hist\u00f3ria\",\"item\":\"https:\/\/fraterjmj.org\/es\/nossa-historia\/\"},{\"@type\":\"ListItem\",\"position\":3,\"name\":\"Miss\u00e3o\"}]},{\"@type\":\"WebSite\",\"@id\":\"https:\/\/fraterjmj.org\/es\/#website\",\"url\":\"https:\/\/fraterjmj.org\/es\/\",\"name\":\"Fraternidade Jesus Maria Jos\u00e9\",\"description\":\"\",\"potentialAction\":[{\"@type\":\"SearchAction\",\"target\":{\"@type\":\"EntryPoint\",\"urlTemplate\":\"https:\/\/fraterjmj.org\/es\/?s={search_term_string}\"},\"query-input\":\"required name=search_term_string\"}],\"inLanguage\":\"pt-BR\"}]}<\/script>\n<!-- \/ Yoast SEO plugin. -->","yoast_head_json":{"title":"Miss\u00e3o - Fraternidade Jesus Maria Jos\u00e9","robots":{"index":"index","follow":"follow","max-snippet":"max-snippet:-1","max-image-preview":"max-image-preview:large","max-video-preview":"max-video-preview:-1"},"canonical":"https:\/\/fraterjmj.org\/es\/nossa-historia\/missao\/","og_locale":"pt_BR","og_type":"article","og_title":"Miss\u00e3o - Fraternidade Jesus Maria Jos\u00e9","og_description":"NOSSA MISS\u00c3O Anunciar o Evangelho da Convers\u00e3o A Miss\u00e3o da Igreja \u00e9 Evangelizar, prolongar a Miss\u00e3o de Jesus e anunciar o Seu Evangelho. A miss\u00e3o \u00e9 um servi\u00e7o, por meio do qual o Esp\u00edrito Santo age na Igreja e no Mundo. Jesus envia a sua Igreja. Assim, somos todos enviados e, por isso mesmo, toda [&hellip;]","og_url":"https:\/\/fraterjmj.org\/es\/nossa-historia\/missao\/","og_site_name":"Fraternidade Jesus Maria Jos\u00e9","article_modified_time":"2020-08-05T09:37:19+00:00","twitter_card":"summary_large_image","twitter_misc":{"Est. tempo de leitura":"3 minutos"},"schema":{"@context":"https:\/\/schema.org","@graph":[{"@type":"WebPage","@id":"https:\/\/fraterjmj.org\/es\/nossa-historia\/missao\/","url":"https:\/\/fraterjmj.org\/es\/nossa-historia\/missao\/","name":"Miss\u00e3o - Fraternidade Jesus Maria Jos\u00e9","isPartOf":{"@id":"https:\/\/fraterjmj.org\/es\/#website"},"datePublished":"2020-04-20T11:07:36+00:00","dateModified":"2020-08-05T09:37:19+00:00","breadcrumb":{"@id":"https:\/\/fraterjmj.org\/es\/nossa-historia\/missao\/#breadcrumb"},"inLanguage":"pt-BR","potentialAction":[{"@type":"ReadAction","target":["https:\/\/fraterjmj.org\/es\/nossa-historia\/missao\/"]}]},{"@type":"BreadcrumbList","@id":"https:\/\/fraterjmj.org\/es\/nossa-historia\/missao\/#breadcrumb","itemListElement":[{"@type":"ListItem","position":1,"name":"In\u00edcio","item":"https:\/\/fraterjmj.org\/es\/"},{"@type":"ListItem","position":2,"name":"Nossa Hist\u00f3ria","item":"https:\/\/fraterjmj.org\/es\/nossa-historia\/"},{"@type":"ListItem","position":3,"name":"Miss\u00e3o"}]},{"@type":"WebSite","@id":"https:\/\/fraterjmj.org\/es\/#website","url":"https:\/\/fraterjmj.org\/es\/","name":"Fraternidade Jesus Maria Jos\u00e9","description":"","potentialAction":[{"@type":"SearchAction","target":{"@type":"EntryPoint","urlTemplate":"https:\/\/fraterjmj.org\/es\/?s={search_term_string}"},"query-input":"required name=search_term_string"}],"inLanguage":"pt-BR"}]}},"_links":{"self":[{"href":"https:\/\/fraterjmj.org\/es\/wp-json\/wp\/v2\/pages\/38"}],"collection":[{"href":"https:\/\/fraterjmj.org\/es\/wp-json\/wp\/v2\/pages"}],"about":[{"href":"https:\/\/fraterjmj.org\/es\/wp-json\/wp\/v2\/types\/page"}],"author":[{"embeddable":true,"href":"https:\/\/fraterjmj.org\/es\/wp-json\/wp\/v2\/users\/1"}],"replies":[{"embeddable":true,"href":"https:\/\/fraterjmj.org\/es\/wp-json\/wp\/v2\/comments?post=38"}],"version-history":[{"count":0,"href":"https:\/\/fraterjmj.org\/es\/wp-json\/wp\/v2\/pages\/38\/revisions"}],"up":[{"embeddable":true,"href":"https:\/\/fraterjmj.org\/es\/wp-json\/wp\/v2\/pages\/26"}],"wp:attachment":[{"href":"https:\/\/fraterjmj.org\/es\/wp-json\/wp\/v2\/media?parent=38"}],"curies":[{"name":"wp","href":"https:\/\/api.w.org\/{rel}","templated":true}]}}