{"id":40,"date":"2020-04-20T08:07:48","date_gmt":"2020-04-20T11:07:48","guid":{"rendered":"https:\/\/fraterjmj.org\/es\/\/?page_id=40"},"modified":"2020-08-05T06:43:06","modified_gmt":"2020-08-05T09:43:06","slug":"lema","status":"publish","type":"page","link":"https:\/\/fraterjmj.org\/es\/nossa-historia\/lema\/","title":{"rendered":"Lema"},"content":{"rendered":"<h2 style=\"text-align: left;\">NOSSO LEMA<\/h2>\n<h5>Percorrer o mundo por uma alma!<\/h5>\n<p>\u00c9 uma constante na a\u00e7\u00e3o apost\u00f3lica de <em>Rita Amada de Jesus<\/em> zelar para que os destinat\u00e1rios de sua mensagem mudem de atitude ao falar-lhes do amor de Deus, e ela demonstra esse amor com o seu pr\u00f3prio testemunho de vida. <em>(cf. Diret\u00f3rio da Fraternidade<\/em> <em>Jesus Maria Jos\u00e9 120)<\/em> \u201cDesde muito jovem ela manifesta grande zelo pela gl\u00f3ria de Deus e a <strong>salva\u00e7\u00e3o das almas<\/strong>.\u201d<em> (Patrim\u00f4nio Espiritual de Rita Amada de Jesus 110)<\/em><\/p>\n<p>Nossa Fundadora entrega-se sem reservas ao seu prop\u00f3sito evangelizador ao percorrer as aldeias ao encontro das pessoas que n\u00e3o vivem de acordo com a Lei de Deus, para convert\u00ea-las ao bem. <em>(cf. Diret\u00f3rio da Fraternidade Jesus Maria Jos\u00e9 120)<\/em> Ela dizia continuamente que <em>\u201cse poss\u00edvel fosse, percorreria todo o mundo da melhor boa vontade, s\u00f3 para sofrer mais alguma coisa por amor de Jesus\u201d<\/em>; <em>(Autobiografia de Rita Amada de Jesus 64)<\/em> assim como <em>\u201cdisse que com gosto daria a sua vida pela <strong>convers\u00e3o de uma s\u00f3 alma<\/strong>\u201d<\/em>. <em>(Patrim\u00f4nio Espiritual de Rita Amada de Jesus 144)<\/em><\/p>\n<p>Com efeito, do esp\u00edrito destas express\u00f5es que nossa Santa Fundadora n\u00e3o cessava de repetir com a palavra e com a vida, emerge o lema da <em>Fraternidade Jesus Maria Jos\u00e9: <strong>Percorrer o mundo por uma alma!<\/strong><\/em> Ele nos inspira e motiva a caminhar com o mesmo zelo apost\u00f3lico de <em>Rita Amada de Jesus<\/em>, para que, com o nosso pr\u00f3prio testemunho de crist\u00e3os convertidos ao Senhor , possamos anunciar aos outros o <strong>Evangelho de Jesus Cristo sob a forma de apelo concreto de<\/strong> <strong>convers\u00e3o<\/strong>. <em>(cf. Diret\u00f3rio da Fraternidade Jesus Maria Jos\u00e9 121) <\/em><\/p>\n","protected":false},"excerpt":{"rendered":"<p>NOSSO LEMA Percorrer o mundo por uma alma! \u00c9 uma constante na a\u00e7\u00e3o apost\u00f3lica de Rita Amada de Jesus zelar para que os destinat\u00e1rios de sua mensagem mudem de atitude ao falar-lhes do amor de Deus, e ela demonstra esse amor com o seu pr\u00f3prio testemunho de vida. (cf. Diret\u00f3rio da Fraternidade Jesus Maria Jos\u00e9 [&hellip;]<\/p>\n","protected":false},"author":1,"featured_media":0,"parent":26,"menu_order":0,"comment_status":"closed","ping_status":"closed","template":"","meta":[],"acf":[],"yoast_head":"<!-- This site is optimized with the Yoast SEO plugin v19.13 - https:\/\/yoast.com\/wordpress\/plugins\/seo\/ -->\n<title>Lema - Fraternidade Jesus Maria Jos\u00e9<\/title>\n<meta name=\"robots\" content=\"index, follow, max-snippet:-1, max-image-preview:large, max-video-preview:-1\" \/>\n<link rel=\"canonical\" href=\"https:\/\/fraterjmj.org\/es\/nossa-historia\/lema\/\" \/>\n<meta property=\"og:locale\" content=\"pt_BR\" \/>\n<meta property=\"og:type\" content=\"article\" \/>\n<meta property=\"og:title\" content=\"Lema - Fraternidade Jesus Maria Jos\u00e9\" \/>\n<meta property=\"og:description\" content=\"NOSSO LEMA Percorrer o mundo por uma alma! \u00c9 uma constante na a\u00e7\u00e3o apost\u00f3lica de Rita Amada de Jesus zelar para que os destinat\u00e1rios de sua mensagem mudem de atitude ao falar-lhes do amor de Deus, e ela demonstra esse amor com o seu pr\u00f3prio testemunho de vida. (cf. Diret\u00f3rio da Fraternidade Jesus Maria Jos\u00e9 [&hellip;]\" \/>\n<meta property=\"og:url\" content=\"https:\/\/fraterjmj.org\/es\/nossa-historia\/lema\/\" \/>\n<meta property=\"og:site_name\" content=\"Fraternidade Jesus Maria Jos\u00e9\" \/>\n<meta property=\"article:modified_time\" content=\"2020-08-05T09:43:06+00:00\" \/>\n<meta name=\"twitter:card\" content=\"summary_large_image\" \/>\n<meta name=\"twitter:label1\" content=\"Est. tempo de leitura\" \/>\n\t<meta name=\"twitter:data1\" content=\"1 minuto\" \/>\n<script type=\"application\/ld+json\" class=\"yoast-schema-graph\">{\"@context\":\"https:\/\/schema.org\",\"@graph\":[{\"@type\":\"WebPage\",\"@id\":\"https:\/\/fraterjmj.org\/es\/nossa-historia\/lema\/\",\"url\":\"https:\/\/fraterjmj.org\/es\/nossa-historia\/lema\/\",\"name\":\"Lema - Fraternidade Jesus Maria Jos\u00e9\",\"isPartOf\":{\"@id\":\"https:\/\/fraterjmj.org\/es\/#website\"},\"datePublished\":\"2020-04-20T11:07:48+00:00\",\"dateModified\":\"2020-08-05T09:43:06+00:00\",\"breadcrumb\":{\"@id\":\"https:\/\/fraterjmj.org\/es\/nossa-historia\/lema\/#breadcrumb\"},\"inLanguage\":\"pt-BR\",\"potentialAction\":[{\"@type\":\"ReadAction\",\"target\":[\"https:\/\/fraterjmj.org\/es\/nossa-historia\/lema\/\"]}]},{\"@type\":\"BreadcrumbList\",\"@id\":\"https:\/\/fraterjmj.org\/es\/nossa-historia\/lema\/#breadcrumb\",\"itemListElement\":[{\"@type\":\"ListItem\",\"position\":1,\"name\":\"In\u00edcio\",\"item\":\"https:\/\/fraterjmj.org\/es\/\"},{\"@type\":\"ListItem\",\"position\":2,\"name\":\"Nossa Hist\u00f3ria\",\"item\":\"https:\/\/fraterjmj.org\/es\/nossa-historia\/\"},{\"@type\":\"ListItem\",\"position\":3,\"name\":\"Lema\"}]},{\"@type\":\"WebSite\",\"@id\":\"https:\/\/fraterjmj.org\/es\/#website\",\"url\":\"https:\/\/fraterjmj.org\/es\/\",\"name\":\"Fraternidade Jesus Maria Jos\u00e9\",\"description\":\"\",\"potentialAction\":[{\"@type\":\"SearchAction\",\"target\":{\"@type\":\"EntryPoint\",\"urlTemplate\":\"https:\/\/fraterjmj.org\/es\/?s={search_term_string}\"},\"query-input\":\"required name=search_term_string\"}],\"inLanguage\":\"pt-BR\"}]}<\/script>\n<!-- \/ Yoast SEO plugin. -->","yoast_head_json":{"title":"Lema - Fraternidade Jesus Maria Jos\u00e9","robots":{"index":"index","follow":"follow","max-snippet":"max-snippet:-1","max-image-preview":"max-image-preview:large","max-video-preview":"max-video-preview:-1"},"canonical":"https:\/\/fraterjmj.org\/es\/nossa-historia\/lema\/","og_locale":"pt_BR","og_type":"article","og_title":"Lema - Fraternidade Jesus Maria Jos\u00e9","og_description":"NOSSO LEMA Percorrer o mundo por uma alma! \u00c9 uma constante na a\u00e7\u00e3o apost\u00f3lica de Rita Amada de Jesus zelar para que os destinat\u00e1rios de sua mensagem mudem de atitude ao falar-lhes do amor de Deus, e ela demonstra esse amor com o seu pr\u00f3prio testemunho de vida. (cf. Diret\u00f3rio da Fraternidade Jesus Maria Jos\u00e9 [&hellip;]","og_url":"https:\/\/fraterjmj.org\/es\/nossa-historia\/lema\/","og_site_name":"Fraternidade Jesus Maria Jos\u00e9","article_modified_time":"2020-08-05T09:43:06+00:00","twitter_card":"summary_large_image","twitter_misc":{"Est. tempo de leitura":"1 minuto"},"schema":{"@context":"https:\/\/schema.org","@graph":[{"@type":"WebPage","@id":"https:\/\/fraterjmj.org\/es\/nossa-historia\/lema\/","url":"https:\/\/fraterjmj.org\/es\/nossa-historia\/lema\/","name":"Lema - Fraternidade Jesus Maria Jos\u00e9","isPartOf":{"@id":"https:\/\/fraterjmj.org\/es\/#website"},"datePublished":"2020-04-20T11:07:48+00:00","dateModified":"2020-08-05T09:43:06+00:00","breadcrumb":{"@id":"https:\/\/fraterjmj.org\/es\/nossa-historia\/lema\/#breadcrumb"},"inLanguage":"pt-BR","potentialAction":[{"@type":"ReadAction","target":["https:\/\/fraterjmj.org\/es\/nossa-historia\/lema\/"]}]},{"@type":"BreadcrumbList","@id":"https:\/\/fraterjmj.org\/es\/nossa-historia\/lema\/#breadcrumb","itemListElement":[{"@type":"ListItem","position":1,"name":"In\u00edcio","item":"https:\/\/fraterjmj.org\/es\/"},{"@type":"ListItem","position":2,"name":"Nossa Hist\u00f3ria","item":"https:\/\/fraterjmj.org\/es\/nossa-historia\/"},{"@type":"ListItem","position":3,"name":"Lema"}]},{"@type":"WebSite","@id":"https:\/\/fraterjmj.org\/es\/#website","url":"https:\/\/fraterjmj.org\/es\/","name":"Fraternidade Jesus Maria Jos\u00e9","description":"","potentialAction":[{"@type":"SearchAction","target":{"@type":"EntryPoint","urlTemplate":"https:\/\/fraterjmj.org\/es\/?s={search_term_string}"},"query-input":"required name=search_term_string"}],"inLanguage":"pt-BR"}]}},"_links":{"self":[{"href":"https:\/\/fraterjmj.org\/es\/wp-json\/wp\/v2\/pages\/40"}],"collection":[{"href":"https:\/\/fraterjmj.org\/es\/wp-json\/wp\/v2\/pages"}],"about":[{"href":"https:\/\/fraterjmj.org\/es\/wp-json\/wp\/v2\/types\/page"}],"author":[{"embeddable":true,"href":"https:\/\/fraterjmj.org\/es\/wp-json\/wp\/v2\/users\/1"}],"replies":[{"embeddable":true,"href":"https:\/\/fraterjmj.org\/es\/wp-json\/wp\/v2\/comments?post=40"}],"version-history":[{"count":0,"href":"https:\/\/fraterjmj.org\/es\/wp-json\/wp\/v2\/pages\/40\/revisions"}],"up":[{"embeddable":true,"href":"https:\/\/fraterjmj.org\/es\/wp-json\/wp\/v2\/pages\/26"}],"wp:attachment":[{"href":"https:\/\/fraterjmj.org\/es\/wp-json\/wp\/v2\/media?parent=40"}],"curies":[{"name":"wp","href":"https:\/\/api.w.org\/{rel}","templated":true}]}}