{"id":42,"date":"2020-04-20T08:08:12","date_gmt":"2020-04-20T11:08:12","guid":{"rendered":"https:\/\/fraterjmj.org\/es\/\/?page_id=42"},"modified":"2020-08-05T10:30:21","modified_gmt":"2020-08-05T13:30:21","slug":"familia-jesus-maria-jose","status":"publish","type":"page","link":"https:\/\/fraterjmj.org\/es\/nossa-historia\/familia-jesus-maria-jose\/","title":{"rendered":"Fam\u00edlia Jesus Maria Jos\u00e9"},"content":{"rendered":"<p>A grande fam\u00edlia espiritual da<strong> Bem-Aventurada Rita Amada de Jesus <\/strong>na Igreja, comumente denominada <em><strong>Fam\u00edlia Jesus Maria Jos\u00e9<\/strong><\/em>, \u00e9 constitu\u00edda pelas Irm\u00e3s do Instituto Jesus Maria Jos\u00e9, fundado em 1880; pelos Membros da Fraternidade Jesus Maria Jos\u00e9, fundada em 1992; e por in\u00fameros outros crist\u00e3os que em todo o mundo, de alguma forma, est\u00e3o vinculadas \u00e0 Obra e ao Carisma de nossa Santa Fundadora.\u201c<em>Vivemos a mesma espiritualidade na imita\u00e7\u00e3o da Sagrada Fam\u00edlia em Nazar\u00e9 e o mesmo compromisso apost\u00f3lico pelo an\u00fancio do Evangelho da Convers\u00e3o\u201d. <\/em><em>(Diret\u00f3rio da Fraternidade Jesus Maria Jos\u00e9 237)<\/em><\/p>\n<p>Estamos unidos espiritualmente a todos estes homens e mulheres, aos quais devotamos especial estima e considera\u00e7\u00e3o. Com as Irm\u00e3s do Instituto Jesus Maria Jos\u00e9, os membros da Fraternidade Jesus Maria Jos\u00e9, leigos e cl\u00e9rigos, prolongam na Igreja e na Sociedade o Carisma da <em>Bem-Aventurada Rita Amada de Jesus<\/em>. <em>(cf. idem 238)<\/em> <em>\u201cA comunh\u00e3o entre o Instituto e a Fraternidade Jesus Maria Jos\u00e9 \u00e9 indispens\u00e1vel para a propaga\u00e7\u00e3o e vitalidade do Carisma que abra\u00e7amos\u201d. (idem 239)<\/em><\/p>\n<p>A <em>Fraternidade Jesus Maria Jos\u00e9<\/em> integra, a t\u00edtulo pleno, esta imensa<strong> fam\u00edlia espiritual c<\/strong>ongregada em torno do Carisma legado por <em>Rita Amada de Jesus.<\/em>\u00a0<em>(cf. idem 67)<\/em> A Superiora Geral do Instituto Jesus Maria Jos\u00e9, l\u00eddima sucessora de <em>Rita Amada de Jesus<\/em>, \u00e9 o centro de unidade desta verdadeira fam\u00edlia. Reunimos-nos em torno dela, em filial comunh\u00e3o, como garantia de nossa fidelidade ao Carisma. <em>(cf. idem 240)<\/em><\/p>\n<p>Articulamo-nos organicamente em uma \u00fanica e mesma fam\u00edlia espiritual na Igreja. <em>(cf. idem 71)<\/em> Confiamos a grande <em>Fam\u00edlia Jesus Maria Jos\u00e9<\/em> aos nossos Santos Patronos, que levamos em nosso nome e em nossos cora\u00e7\u00f5es, pois a Eles honramos com especial devo\u00e7\u00e3o. Imploramos a ben\u00e7\u00e3o da <em>Bem-Aventurada Rita Amada de Jesus<\/em>, convictos de que esta fam\u00edlia espiritual \u00e9 milagre seu na Igreja. <em>(cf. idem 250)<\/em><\/p>\n","protected":false},"excerpt":{"rendered":"<p>A grande fam\u00edlia espiritual da Bem-Aventurada Rita Amada de Jesus na Igreja, comumente denominada Fam\u00edlia Jesus Maria Jos\u00e9, \u00e9 constitu\u00edda pelas Irm\u00e3s do Instituto Jesus Maria Jos\u00e9, fundado em 1880; pelos Membros da Fraternidade Jesus Maria Jos\u00e9, fundada em 1992; e por in\u00fameros outros crist\u00e3os que em todo o mundo, de alguma forma, est\u00e3o vinculadas [&hellip;]<\/p>\n","protected":false},"author":1,"featured_media":0,"parent":26,"menu_order":0,"comment_status":"closed","ping_status":"closed","template":"","meta":[],"acf":[],"yoast_head":"<!-- This site is optimized with the Yoast SEO plugin v19.13 - https:\/\/yoast.com\/wordpress\/plugins\/seo\/ -->\n<title>Fam\u00edlia Jesus Maria Jos\u00e9 - Fraternidade Jesus Maria Jos\u00e9<\/title>\n<meta name=\"robots\" content=\"index, follow, max-snippet:-1, max-image-preview:large, max-video-preview:-1\" \/>\n<link rel=\"canonical\" href=\"https:\/\/fraterjmj.org\/es\/nossa-historia\/familia-jesus-maria-jose\/\" \/>\n<meta property=\"og:locale\" content=\"pt_BR\" \/>\n<meta property=\"og:type\" content=\"article\" \/>\n<meta property=\"og:title\" content=\"Fam\u00edlia Jesus Maria Jos\u00e9 - Fraternidade Jesus Maria Jos\u00e9\" \/>\n<meta property=\"og:description\" content=\"A grande fam\u00edlia espiritual da Bem-Aventurada Rita Amada de Jesus na Igreja, comumente denominada Fam\u00edlia Jesus Maria Jos\u00e9, \u00e9 constitu\u00edda pelas Irm\u00e3s do Instituto Jesus Maria Jos\u00e9, fundado em 1880; pelos Membros da Fraternidade Jesus Maria Jos\u00e9, fundada em 1992; e por in\u00fameros outros crist\u00e3os que em todo o mundo, de alguma forma, est\u00e3o vinculadas [&hellip;]\" \/>\n<meta property=\"og:url\" content=\"https:\/\/fraterjmj.org\/es\/nossa-historia\/familia-jesus-maria-jose\/\" \/>\n<meta property=\"og:site_name\" content=\"Fraternidade Jesus Maria Jos\u00e9\" \/>\n<meta property=\"article:modified_time\" content=\"2020-08-05T13:30:21+00:00\" \/>\n<meta name=\"twitter:card\" content=\"summary_large_image\" \/>\n<meta name=\"twitter:label1\" content=\"Est. tempo de leitura\" \/>\n\t<meta name=\"twitter:data1\" content=\"2 minutos\" \/>\n<script type=\"application\/ld+json\" class=\"yoast-schema-graph\">{\"@context\":\"https:\/\/schema.org\",\"@graph\":[{\"@type\":\"WebPage\",\"@id\":\"https:\/\/fraterjmj.org\/es\/nossa-historia\/familia-jesus-maria-jose\/\",\"url\":\"https:\/\/fraterjmj.org\/es\/nossa-historia\/familia-jesus-maria-jose\/\",\"name\":\"Fam\u00edlia Jesus Maria Jos\u00e9 - Fraternidade Jesus Maria Jos\u00e9\",\"isPartOf\":{\"@id\":\"https:\/\/fraterjmj.org\/es\/#website\"},\"datePublished\":\"2020-04-20T11:08:12+00:00\",\"dateModified\":\"2020-08-05T13:30:21+00:00\",\"breadcrumb\":{\"@id\":\"https:\/\/fraterjmj.org\/es\/nossa-historia\/familia-jesus-maria-jose\/#breadcrumb\"},\"inLanguage\":\"pt-BR\",\"potentialAction\":[{\"@type\":\"ReadAction\",\"target\":[\"https:\/\/fraterjmj.org\/es\/nossa-historia\/familia-jesus-maria-jose\/\"]}]},{\"@type\":\"BreadcrumbList\",\"@id\":\"https:\/\/fraterjmj.org\/es\/nossa-historia\/familia-jesus-maria-jose\/#breadcrumb\",\"itemListElement\":[{\"@type\":\"ListItem\",\"position\":1,\"name\":\"In\u00edcio\",\"item\":\"https:\/\/fraterjmj.org\/es\/\"},{\"@type\":\"ListItem\",\"position\":2,\"name\":\"Nossa Hist\u00f3ria\",\"item\":\"https:\/\/fraterjmj.org\/es\/nossa-historia\/\"},{\"@type\":\"ListItem\",\"position\":3,\"name\":\"Fam\u00edlia Jesus Maria Jos\u00e9\"}]},{\"@type\":\"WebSite\",\"@id\":\"https:\/\/fraterjmj.org\/es\/#website\",\"url\":\"https:\/\/fraterjmj.org\/es\/\",\"name\":\"Fraternidade Jesus Maria Jos\u00e9\",\"description\":\"\",\"potentialAction\":[{\"@type\":\"SearchAction\",\"target\":{\"@type\":\"EntryPoint\",\"urlTemplate\":\"https:\/\/fraterjmj.org\/es\/?s={search_term_string}\"},\"query-input\":\"required name=search_term_string\"}],\"inLanguage\":\"pt-BR\"}]}<\/script>\n<!-- \/ Yoast SEO plugin. -->","yoast_head_json":{"title":"Fam\u00edlia Jesus Maria Jos\u00e9 - Fraternidade Jesus Maria Jos\u00e9","robots":{"index":"index","follow":"follow","max-snippet":"max-snippet:-1","max-image-preview":"max-image-preview:large","max-video-preview":"max-video-preview:-1"},"canonical":"https:\/\/fraterjmj.org\/es\/nossa-historia\/familia-jesus-maria-jose\/","og_locale":"pt_BR","og_type":"article","og_title":"Fam\u00edlia Jesus Maria Jos\u00e9 - Fraternidade Jesus Maria Jos\u00e9","og_description":"A grande fam\u00edlia espiritual da Bem-Aventurada Rita Amada de Jesus na Igreja, comumente denominada Fam\u00edlia Jesus Maria Jos\u00e9, \u00e9 constitu\u00edda pelas Irm\u00e3s do Instituto Jesus Maria Jos\u00e9, fundado em 1880; pelos Membros da Fraternidade Jesus Maria Jos\u00e9, fundada em 1992; e por in\u00fameros outros crist\u00e3os que em todo o mundo, de alguma forma, est\u00e3o vinculadas [&hellip;]","og_url":"https:\/\/fraterjmj.org\/es\/nossa-historia\/familia-jesus-maria-jose\/","og_site_name":"Fraternidade Jesus Maria Jos\u00e9","article_modified_time":"2020-08-05T13:30:21+00:00","twitter_card":"summary_large_image","twitter_misc":{"Est. tempo de leitura":"2 minutos"},"schema":{"@context":"https:\/\/schema.org","@graph":[{"@type":"WebPage","@id":"https:\/\/fraterjmj.org\/es\/nossa-historia\/familia-jesus-maria-jose\/","url":"https:\/\/fraterjmj.org\/es\/nossa-historia\/familia-jesus-maria-jose\/","name":"Fam\u00edlia Jesus Maria Jos\u00e9 - Fraternidade Jesus Maria Jos\u00e9","isPartOf":{"@id":"https:\/\/fraterjmj.org\/es\/#website"},"datePublished":"2020-04-20T11:08:12+00:00","dateModified":"2020-08-05T13:30:21+00:00","breadcrumb":{"@id":"https:\/\/fraterjmj.org\/es\/nossa-historia\/familia-jesus-maria-jose\/#breadcrumb"},"inLanguage":"pt-BR","potentialAction":[{"@type":"ReadAction","target":["https:\/\/fraterjmj.org\/es\/nossa-historia\/familia-jesus-maria-jose\/"]}]},{"@type":"BreadcrumbList","@id":"https:\/\/fraterjmj.org\/es\/nossa-historia\/familia-jesus-maria-jose\/#breadcrumb","itemListElement":[{"@type":"ListItem","position":1,"name":"In\u00edcio","item":"https:\/\/fraterjmj.org\/es\/"},{"@type":"ListItem","position":2,"name":"Nossa Hist\u00f3ria","item":"https:\/\/fraterjmj.org\/es\/nossa-historia\/"},{"@type":"ListItem","position":3,"name":"Fam\u00edlia Jesus Maria Jos\u00e9"}]},{"@type":"WebSite","@id":"https:\/\/fraterjmj.org\/es\/#website","url":"https:\/\/fraterjmj.org\/es\/","name":"Fraternidade Jesus Maria Jos\u00e9","description":"","potentialAction":[{"@type":"SearchAction","target":{"@type":"EntryPoint","urlTemplate":"https:\/\/fraterjmj.org\/es\/?s={search_term_string}"},"query-input":"required name=search_term_string"}],"inLanguage":"pt-BR"}]}},"_links":{"self":[{"href":"https:\/\/fraterjmj.org\/es\/wp-json\/wp\/v2\/pages\/42"}],"collection":[{"href":"https:\/\/fraterjmj.org\/es\/wp-json\/wp\/v2\/pages"}],"about":[{"href":"https:\/\/fraterjmj.org\/es\/wp-json\/wp\/v2\/types\/page"}],"author":[{"embeddable":true,"href":"https:\/\/fraterjmj.org\/es\/wp-json\/wp\/v2\/users\/1"}],"replies":[{"embeddable":true,"href":"https:\/\/fraterjmj.org\/es\/wp-json\/wp\/v2\/comments?post=42"}],"version-history":[{"count":0,"href":"https:\/\/fraterjmj.org\/es\/wp-json\/wp\/v2\/pages\/42\/revisions"}],"up":[{"embeddable":true,"href":"https:\/\/fraterjmj.org\/es\/wp-json\/wp\/v2\/pages\/26"}],"wp:attachment":[{"href":"https:\/\/fraterjmj.org\/es\/wp-json\/wp\/v2\/media?parent=42"}],"curies":[{"name":"wp","href":"https:\/\/api.w.org\/{rel}","templated":true}]}}