{"id":47,"date":"2020-04-20T08:30:23","date_gmt":"2020-04-20T11:30:23","guid":{"rendered":"https:\/\/fraterjmj.org\/es\/\/?page_id=47"},"modified":"2020-08-05T11:06:05","modified_gmt":"2020-08-05T14:06:05","slug":"resumo-biografico","status":"publish","type":"page","link":"https:\/\/fraterjmj.org\/es\/nossa-fundadora\/resumo-biografico\/","title":{"rendered":"Resumo Biogr\u00e1fico"},"content":{"rendered":"<h2 style=\"text-align: center;\"><em><strong>RITA AMADA DE JESUS<\/strong><\/em><\/h2>\n<h2 style=\"text-align: left;\"><em><strong>Fundadora da Fraternidade e do Instituto Jesus Maria Jos\u00e9<\/strong><\/em><\/h2>\n<p>Rita Amada de Jesus nasce a 5 de mar\u00e7o de 1848, no local de Casalmendinho, pequeno povoado da Freguesia e Par\u00f3quia de Ribafeita, Diocese de Viseu &#8211; Portugal. Seus pais eram Manoel Lopes e Josefa de Almeida, de Ribafeita; os av\u00f3s paternos Jos\u00e9 Lopes e Anna Francisca, de Pindelo dos Milagres; e os av\u00f3s maternos Jo\u00e3o Almeida e Maria Martinha, de Ribafeita.\u00a0 \u00c9 batizada com o nome de Rita Lopes de Almeida, no dia 13 de mar\u00e7o do mesmo ano, pelas m\u00e3os do Padre Jos\u00e9 de Oliveira Bernardo, e tem como padrinhos Manoel de Almeida Santos, de Ribafeita, e Rita Maria, de Ma\u00e7\u00e2medes. Ela \u00e9 a quarta de seis irm\u00e3os.<\/p>\n<p>Ela cresce em um ambiente familiar muito piedoso, onde \u00e0 noite se rezava e se faz leitura espiritual, sobretudo da vida dos santos, os quais deseja ardentemente imitar. Desde crian\u00e7a manifesta uma especial devo\u00e7\u00e3o por Jesus Eucar\u00edstico, pela Virgem Maria, Nossa Senhora, e por S\u00e3o Jos\u00e9, tendo ela mesma ingressado ainda bem jovem na Confraria do Sant\u00edssimo Sacramento e no Apostolado da Ora\u00e7\u00e3o. Torna-se incans\u00e1vel em visitar as casas de seus coet\u00e2neos para lhes levar a Palavra de Deus e Sua Mensagem de Convers\u00e3o.<\/p>\n<p>Em Portugal, na d\u00e9cada de trinta do s\u00e9culo XIX, o Estado se apodera dos bens eclesi\u00e1sticos, manda encerrar todas as casas religiosas masculinas, e nas femininas proibia a admiss\u00e3o de qualquer novi\u00e7a. Tais medidas afetam a vitalidade do cristianismo e a evangeliza\u00e7\u00e3o das popula\u00e7\u00f5es, \u00e0s quais \u00e9 negada adequada educa\u00e7\u00e3o religiosa. Al\u00e9m disso, muitos bispos, e at\u00e9 sacerdotes, descuram de seus deveres, pelas constantes lutas pol\u00edticas em que se viam envolvidos. O Papa em Roma, por essas alturas, vive atribula\u00e7\u00f5es, a ponto de se ver exilado, e depois espoliado dos Estados Pontif\u00edcios.<\/p>\n<p>Todos no lar desta jovem, a come\u00e7ar pelos pais, experimentam uma aut\u00eantica viv\u00eancia crist\u00e3 e um profundo desejo de comunic\u00e1-la aos outros da comunidade. Deus fez nascer em Rita Lopes de Almeida uma voca\u00e7\u00e3o mission\u00e1ria destinada a arrancar os jovens da indiferen\u00e7a religiosa, do relativismo moral, da pobreza material, e a exercer um forte apostolado em prol das fam\u00edlias. Ela anda de aldeia em aldeia a evangelizar, a ensinar a ora\u00e7\u00e3o do ter\u00e7o, e a espalhar a vontade sincera de imitar a Nossa Senhora. Ela tamb\u00e9m se revela logo uma ex\u00edmia e dedicada catequista de crian\u00e7as e jovens.<\/p>\n<p>Em sua lide apost\u00f3lica encontra pessoas de vida menos exemplar, especialmente jovens e mulheres, e fazia tudo quanto estava ao seu alcance para que Nosso Senhor as arrancasse do mal e as trouxesse de volta para o bem. N\u00e3o tardam as amea\u00e7as de morte, sofre inclusive uma tentativa frustrada de homic\u00eddio. Testemunha que o seu caminho \u00e9 a pr\u00e1tica do bem e o combate do mal, por meio da ora\u00e7\u00e3o e do zelo pela convers\u00e3o dos pecadores e das fam\u00edlias desagregadas. Avan\u00e7a na vida sempre determinada a fazer a Vontade de Deus e a amar o pr\u00f3ximo, principalmente os mais pobres e oprimidos.<\/p>\n<p>\u00c0 ora\u00e7\u00e3o constante associa o jejum e a penit\u00eancia. Nas in\u00fameras idas at\u00e9 Viseu para receber os sacramentos (18 kms a p\u00e9), contata as Irm\u00e3s Beneditinas do Convento de Jesus e consegue delas alguns \u201cinstrumentos de mortifica\u00e7\u00e3o\u201d. Desde bem cedo d\u00e1 conta, juntamente com seu confessor, que Jesus a chama a uma vida de especial consagra\u00e7\u00e3o, para o Seu santo servi\u00e7o. Enquanto isso ela prossegue na vida secular-laical, inserida no \u201cmundo\u201d, entregue ao seu \u00e1rduo apostolado e \u00e0s mortifica\u00e7\u00f5es, sempre plena de esperan\u00e7a de que um dia h\u00e1 de alcan\u00e7ar a gra\u00e7a da consagra\u00e7\u00e3o total a Deus. Por isso, rejeita peremptoriamente diversos pretendentes ao matrim\u00f4nio, alguns deles ricos, porque no seu \u00edntimo j\u00e1 estava h\u00e1 muito \u201cconsagrada\u201d ao seu Deus.<\/p>\n<p>Celebra regularmente a comunh\u00e3o reparadora; cresce no fervor eucar\u00edstico, na devo\u00e7\u00e3o ao Sagrado Cora\u00e7\u00e3o de Jesus e no forte desejo de salvar almas, torna-se uma jovem leiga mission\u00e1ria e ap\u00f3stola entre o seu povo, especialmente os pobres, os abandonados, e os que est\u00e3o afastados de Deus. Seus caridosos pais comungam no apostolado de Rita, a ponto de albergar em sua pr\u00f3pria casa mulheres desejosas de convers\u00e3o, dispostas a mudar de atitudes e de comportamentos morais que tinham contribu\u00eddo para a destrui\u00e7\u00e3o de suas pr\u00f3prias fam\u00edlias.<\/p>\n<p>Com cerca de 20 anos de idade, segura de que tem que consagrar-se a Deus na Vida Religiosa, confidencia muito tal desejo \u00e0 sua m\u00e3e, que est\u00e1 de acordo. J\u00e1 o seu pai, embora muito piedoso, por sentir por aquela filha uma especial predile\u00e7\u00e3o, op\u00f5e-se a tal desiderato. A jovem Rita Lopes de Almeida sabe que importa obedecer mais a Deus que aos homens, e por isso jamais esmorece em sua voca\u00e7\u00e3o. Aos 29 anos, ingressa em um convento de religiosas; uma congrega\u00e7\u00e3o que em Portugal, por ser estrangeira e por se dedicar apenas \u00e0 assist\u00eancia social, pode receber candidatas. Ao confrontar o carisma daquelas Irm\u00e3s com o que o Esp\u00edrito Santo lhe ia plasmando na alma; d\u00e1-se conta de que o g\u00eanero de vida e de apostolado daquelas religiosas n\u00e3o se coaduna com aquele para o qual ela se sentia inclinada.<\/p>\n<p>O Diretor Espiritual, com quem se abre inteiramente, verifica ser outra a Vontade de Deus para aquela jovem que aspira recolher e educar meninas pobres e abandonadas. De comum acordo com este sacerdote ela deixa aquelas religiosas de origem francesa, e procura outros meios para melhor se preparar para o futuro e urgente desempenho da especial miss\u00e3o que brota em seu jovem e decidido cora\u00e7\u00e3o, iluminado pelo Esp\u00edrito de Deus. Transfere-se para um Col\u00e9gio onde aprende como lidar com as exig\u00eancias estatais e religiosas de uma obra educativa. Humanamente rica de predicados e virtudes, e profundamente piedosa, levada pelo desejo de cumprir a Vontade de Deus a seu respeito, decide finalmente concretizar o seu projeto de vida, ap\u00f3s devidamente autorizada pelo seu confessor.<\/p>\n<p>Rita Lopes de Almeida, aos 32 anos de idade, repleta de vigor f\u00edsico e espiritual, consegue vencer as dificuldades de natureza pol\u00edtica, religiosa, familiar, material e outras e, a 24 de setembro de 1880, na par\u00f3quia de Ribafeita, localidade de Gumiei, inicia um Col\u00e9gio. Junto com essa obra educativa funda, gradativa e simultaneamente, o <em>Instituto Jesus Maria Jos\u00e9<\/em>, cujas religiosas s\u00e3o orientadas a viver sua consagra\u00e7\u00e3o \u00e0 imagem da Sagrada Fam\u00edlia em Nazar\u00e9. Em breve espa\u00e7o de tempo sua obra apost\u00f3lica se estende a outras Par\u00f3quias e Dioceses em Portugal <em>(Dioceses de Viseu, Lamego, Porto e Guarda)<\/em>. Tudo isso sob a lideran\u00e7a l\u00facida e eficaz daquela que nesse momento toma o nome religioso de Rita Amada de Jesus.<\/p>\n<p><strong><em>\u00a0<\/em><\/strong>A Fundadora, ap\u00f3s estabelecer a sede da sua obra e o centro de forma\u00e7\u00e3o das candidatas em Louri\u00e7al do Campo, <em>(Guarda &#8211; Portugal)<\/em> conhece um santo jesu\u00edta, o Padre Jos\u00e9 Joaquim Udalrico da Lapa Rodriguez. Admira o seu estilo de pregar o Evangelho, bom como tudo em sua pessoa modesta, simples e s\u00e1bia. O sacerdote passa a ser seu confessor e diretor espiritual. Auxilia-a na organiza\u00e7\u00e3o da obra que fundara 13 anos antes e que se desenvolve rapidamente. O seu novo diretor espiritual imprime um ritmo de seguran\u00e7a n\u00e3o s\u00f3 em Rita Amada de Jesus, mas em todas as suas companheiras da primeira hora. O prudente sacerdote solicita-lhe descrever toda a sua vida, a partir da inf\u00e2ncia, para expressar os fatos e as mo\u00e7\u00f5es espirituais da sua trajet\u00f3ria. Assim nasce em 1894 a sua Autobiografia, importante legado para a sua fam\u00edlia espiritual. Sobre ele dir\u00e1 mais tarde: <em>\u201cfoi um anjo enviado por Deus para me ajudar a levar at\u00e9 o fim a obra come\u00e7ada em Gumiei\u201d.<\/em><\/p>\n<p>Os pol\u00edticos locais, impregnados de anticlericalismo, inimigos da f\u00e9 crist\u00e3, procuram por todos os meios obrigar Rita Amada de Jesus a encerrar a sua obra educativa e evangelizadora. N\u00e3o lhe faltaram tamb\u00e9m dificuldades econ\u00f4micas, al\u00e9m de grave problema interno com uma das suas religiosas. Apesar de tudo, a sua obra cresce e produz in\u00fameros frutos. Por\u00e9m, em Portugal no ano de 1910, com a implanta\u00e7\u00e3o da Rep\u00fablica, desencadeia-se uma persegui\u00e7\u00e3o feroz contra a Igreja. O Estado abole as Ordens Religiosas, dispersa os religiosos e apodera-se dos seus patrim\u00f4nios. As autoridades tomam os bens que o Instituto Jesus Maria Jos\u00e9 possui e expulsam as Irm\u00e3s de suas casas religiosas, que neste momento contavam em n\u00famero de sete entre Col\u00e9gios, Asilos e Orfanatos.<\/p>\n<p><strong><em>\u00a0<\/em><\/strong>Rita Amada de Jesus se refugia na terra natal. Da\u00ed mesmo consegue localizar e reunir algumas Irm\u00e3s dispersas e, ao reagrup\u00e1-las aos poucos em uma humilde casa, consegue salvar a obra que lhe \u00e9 t\u00e3o querida. Assim, em pequenos grupos, envia essas Irm\u00e3s para o Brasil, a fim de que l\u00e1 pudessem preservar o Carisma que o Esp\u00edrito Santo legara \u00e0 Sua Igreja e ao mundo, atrav\u00e9s da Fundadora. Ela entrega a sua alma a Deus em Casalmendinho, Par\u00f3quia de Ribafeita, seu torr\u00e3o natal, no dia 6 de janeiro de 1913. Confortada pelos \u00faltimos sacramentos, morre em total odor de santidade. Essa alma de escol, tendo cumprido integralmente nessa vida a Santa Vontade de Deus, segue para a eternidade, para o definitivo encontro com o seu Amado Jesus.<\/p>\n<p>O seu funeral no cemit\u00e9rio paroquial, presidido pelo Vig\u00e1rio Geral da Diocese, foi um elogio f\u00fanebre em a\u00e7\u00e3o de gra\u00e7as pelo dom desta extraordin\u00e1ria e carism\u00e1tica mulher, crist\u00e3, religiosa e fundadora. Os seus restos mortais foram transferidos muitos anos depois para o cemit\u00e9rio de Viseu e, finalmente em 2007, para o Centro Jesus Maria Jos\u00e9 na mesma cidade. L\u00e1 encontram-se em uma bel\u00edssima e art\u00edstica urna relic\u00e1rio de bronze, obra do artista de Bergamo &#8211; It\u00e1lia, Alessandro Verdi, a espera de ser trasladada para o definitivo jazigo na Capela Mortu\u00e1ria, que est\u00e1 a ser erigida no Santu\u00e1rio Diocesano da Bem-Aventurada Rita Amada de Jesus <em>(Diocese de Viseu &#8211; Portugal<\/em>).<\/p>\n<p>O Instituto Jesus Maria Jos\u00e9, cresce no Brasil, de onde retorna mais tarde para o Portugal que a vira nascer. De l\u00e1 segue a se desenvolver para a \u00c1frica, e depois para as Am\u00e9ricas. Seu Carisma, espraiado por tr\u00eas continentes, segue a tocar o cora\u00e7\u00e3o de muitas religiosas. Tamb\u00e9m leigos, leigas e sacerdotes, sentem-se chamados a viver o mesmo Carisma e, com essa finalidade, funda-se em Luanda &#8211; Angola, a 10 de dezembro de 1992, a <strong><em>Fraternidade Jesus Maria Jos\u00e9<\/em><\/strong>, associa\u00e7\u00e3o de fi\u00e9is, leigos e cl\u00e9rigos. As duas institui\u00e7\u00f5es nascem do cora\u00e7\u00e3o e do Carisma legado por Rita Amada de Jesus, com a finalidade de <strong><em>Imitar a Sagrada Fam\u00edlia em Nazar\u00e9 <\/em><\/strong>e <strong><em>Anunciar o Evangelho da Convers\u00e3o<\/em><\/strong>.<\/p>\n<p>Ap\u00f3s longo e acurado processo, a Santa S\u00e9 reconhece a santidade de Rita Amada de Jesus. O Santo Padre, o Papa Bento XVI, no dia 28 de maio de 2006, proclama-a oficialmente <em>Bem-Aventurada<\/em>. O ato d\u00e1-se durante Solene Celebra\u00e7\u00e3o Eucar\u00edstica, que ocorre na S\u00e9 Catedral de Viseu &#8211; Portugal, presidida pelo Prefeito da Sagrada Congrega\u00e7\u00e3o para a Causa dos Santos, Sua Emin\u00eancia o Cardeal Jos\u00e9 Saraiva Martins, CMF. A partir de ent\u00e3o, aquela jovem, de origem t\u00e3o simples e humilde, passa a ser venerada nos altares, como modelo de exemplar vida crist\u00e3 &#8211; <em>Ap\u00f3stola da Eucaristia, do Ros\u00e1rio e da Fam\u00edlia<\/em>.<\/p>\n<p style=\"text-align: center;\"><em><strong>Bem-Aventurada Rita Amada de Jesus, rogai por n\u00f3s !<\/strong><\/em><\/p>\n","protected":false},"excerpt":{"rendered":"<p>RITA AMADA DE JESUS Fundadora da Fraternidade e do Instituto Jesus Maria Jos\u00e9 Rita Amada de Jesus nasce a 5 de mar\u00e7o de 1848, no local de Casalmendinho, pequeno povoado da Freguesia e Par\u00f3quia de Ribafeita, Diocese de Viseu &#8211; Portugal. Seus pais eram Manoel Lopes e Josefa de Almeida, de Ribafeita; os av\u00f3s paternos [&hellip;]<\/p>\n","protected":false},"author":1,"featured_media":0,"parent":45,"menu_order":0,"comment_status":"closed","ping_status":"closed","template":"","meta":[],"acf":[],"yoast_head":"<!-- This site is optimized with the Yoast SEO plugin v19.13 - https:\/\/yoast.com\/wordpress\/plugins\/seo\/ -->\n<title>Resumo Biogr\u00e1fico - Fraternidade Jesus Maria Jos\u00e9<\/title>\n<meta name=\"robots\" content=\"index, follow, max-snippet:-1, max-image-preview:large, max-video-preview:-1\" \/>\n<link rel=\"canonical\" href=\"https:\/\/fraterjmj.org\/es\/nossa-fundadora\/resumo-biografico\/\" \/>\n<meta property=\"og:locale\" content=\"pt_BR\" \/>\n<meta property=\"og:type\" content=\"article\" \/>\n<meta property=\"og:title\" content=\"Resumo Biogr\u00e1fico - Fraternidade Jesus Maria Jos\u00e9\" \/>\n<meta property=\"og:description\" content=\"RITA AMADA DE JESUS Fundadora da Fraternidade e do Instituto Jesus Maria Jos\u00e9 Rita Amada de Jesus nasce a 5 de mar\u00e7o de 1848, no local de Casalmendinho, pequeno povoado da Freguesia e Par\u00f3quia de Ribafeita, Diocese de Viseu &#8211; Portugal. Seus pais eram Manoel Lopes e Josefa de Almeida, de Ribafeita; os av\u00f3s paternos [&hellip;]\" \/>\n<meta property=\"og:url\" content=\"https:\/\/fraterjmj.org\/es\/nossa-fundadora\/resumo-biografico\/\" \/>\n<meta property=\"og:site_name\" content=\"Fraternidade Jesus Maria Jos\u00e9\" \/>\n<meta property=\"article:modified_time\" content=\"2020-08-05T14:06:05+00:00\" \/>\n<meta name=\"twitter:card\" content=\"summary_large_image\" \/>\n<meta name=\"twitter:label1\" content=\"Est. tempo de leitura\" \/>\n\t<meta name=\"twitter:data1\" content=\"10 minutos\" \/>\n<script type=\"application\/ld+json\" class=\"yoast-schema-graph\">{\"@context\":\"https:\/\/schema.org\",\"@graph\":[{\"@type\":\"WebPage\",\"@id\":\"https:\/\/fraterjmj.org\/es\/nossa-fundadora\/resumo-biografico\/\",\"url\":\"https:\/\/fraterjmj.org\/es\/nossa-fundadora\/resumo-biografico\/\",\"name\":\"Resumo Biogr\u00e1fico - Fraternidade Jesus Maria Jos\u00e9\",\"isPartOf\":{\"@id\":\"https:\/\/fraterjmj.org\/es\/#website\"},\"datePublished\":\"2020-04-20T11:30:23+00:00\",\"dateModified\":\"2020-08-05T14:06:05+00:00\",\"breadcrumb\":{\"@id\":\"https:\/\/fraterjmj.org\/es\/nossa-fundadora\/resumo-biografico\/#breadcrumb\"},\"inLanguage\":\"pt-BR\",\"potentialAction\":[{\"@type\":\"ReadAction\",\"target\":[\"https:\/\/fraterjmj.org\/es\/nossa-fundadora\/resumo-biografico\/\"]}]},{\"@type\":\"BreadcrumbList\",\"@id\":\"https:\/\/fraterjmj.org\/es\/nossa-fundadora\/resumo-biografico\/#breadcrumb\",\"itemListElement\":[{\"@type\":\"ListItem\",\"position\":1,\"name\":\"In\u00edcio\",\"item\":\"https:\/\/fraterjmj.org\/es\/\"},{\"@type\":\"ListItem\",\"position\":2,\"name\":\"Nossa Fundadora\",\"item\":\"https:\/\/fraterjmj.org\/es\/nossa-fundadora\/\"},{\"@type\":\"ListItem\",\"position\":3,\"name\":\"Resumo Biogr\u00e1fico\"}]},{\"@type\":\"WebSite\",\"@id\":\"https:\/\/fraterjmj.org\/es\/#website\",\"url\":\"https:\/\/fraterjmj.org\/es\/\",\"name\":\"Fraternidade Jesus Maria Jos\u00e9\",\"description\":\"\",\"potentialAction\":[{\"@type\":\"SearchAction\",\"target\":{\"@type\":\"EntryPoint\",\"urlTemplate\":\"https:\/\/fraterjmj.org\/es\/?s={search_term_string}\"},\"query-input\":\"required name=search_term_string\"}],\"inLanguage\":\"pt-BR\"}]}<\/script>\n<!-- \/ Yoast SEO plugin. -->","yoast_head_json":{"title":"Resumo Biogr\u00e1fico - Fraternidade Jesus Maria Jos\u00e9","robots":{"index":"index","follow":"follow","max-snippet":"max-snippet:-1","max-image-preview":"max-image-preview:large","max-video-preview":"max-video-preview:-1"},"canonical":"https:\/\/fraterjmj.org\/es\/nossa-fundadora\/resumo-biografico\/","og_locale":"pt_BR","og_type":"article","og_title":"Resumo Biogr\u00e1fico - Fraternidade Jesus Maria Jos\u00e9","og_description":"RITA AMADA DE JESUS Fundadora da Fraternidade e do Instituto Jesus Maria Jos\u00e9 Rita Amada de Jesus nasce a 5 de mar\u00e7o de 1848, no local de Casalmendinho, pequeno povoado da Freguesia e Par\u00f3quia de Ribafeita, Diocese de Viseu &#8211; Portugal. Seus pais eram Manoel Lopes e Josefa de Almeida, de Ribafeita; os av\u00f3s paternos [&hellip;]","og_url":"https:\/\/fraterjmj.org\/es\/nossa-fundadora\/resumo-biografico\/","og_site_name":"Fraternidade Jesus Maria Jos\u00e9","article_modified_time":"2020-08-05T14:06:05+00:00","twitter_card":"summary_large_image","twitter_misc":{"Est. tempo de leitura":"10 minutos"},"schema":{"@context":"https:\/\/schema.org","@graph":[{"@type":"WebPage","@id":"https:\/\/fraterjmj.org\/es\/nossa-fundadora\/resumo-biografico\/","url":"https:\/\/fraterjmj.org\/es\/nossa-fundadora\/resumo-biografico\/","name":"Resumo Biogr\u00e1fico - Fraternidade Jesus Maria Jos\u00e9","isPartOf":{"@id":"https:\/\/fraterjmj.org\/es\/#website"},"datePublished":"2020-04-20T11:30:23+00:00","dateModified":"2020-08-05T14:06:05+00:00","breadcrumb":{"@id":"https:\/\/fraterjmj.org\/es\/nossa-fundadora\/resumo-biografico\/#breadcrumb"},"inLanguage":"pt-BR","potentialAction":[{"@type":"ReadAction","target":["https:\/\/fraterjmj.org\/es\/nossa-fundadora\/resumo-biografico\/"]}]},{"@type":"BreadcrumbList","@id":"https:\/\/fraterjmj.org\/es\/nossa-fundadora\/resumo-biografico\/#breadcrumb","itemListElement":[{"@type":"ListItem","position":1,"name":"In\u00edcio","item":"https:\/\/fraterjmj.org\/es\/"},{"@type":"ListItem","position":2,"name":"Nossa Fundadora","item":"https:\/\/fraterjmj.org\/es\/nossa-fundadora\/"},{"@type":"ListItem","position":3,"name":"Resumo Biogr\u00e1fico"}]},{"@type":"WebSite","@id":"https:\/\/fraterjmj.org\/es\/#website","url":"https:\/\/fraterjmj.org\/es\/","name":"Fraternidade Jesus Maria Jos\u00e9","description":"","potentialAction":[{"@type":"SearchAction","target":{"@type":"EntryPoint","urlTemplate":"https:\/\/fraterjmj.org\/es\/?s={search_term_string}"},"query-input":"required name=search_term_string"}],"inLanguage":"pt-BR"}]}},"_links":{"self":[{"href":"https:\/\/fraterjmj.org\/es\/wp-json\/wp\/v2\/pages\/47"}],"collection":[{"href":"https:\/\/fraterjmj.org\/es\/wp-json\/wp\/v2\/pages"}],"about":[{"href":"https:\/\/fraterjmj.org\/es\/wp-json\/wp\/v2\/types\/page"}],"author":[{"embeddable":true,"href":"https:\/\/fraterjmj.org\/es\/wp-json\/wp\/v2\/users\/1"}],"replies":[{"embeddable":true,"href":"https:\/\/fraterjmj.org\/es\/wp-json\/wp\/v2\/comments?post=47"}],"version-history":[{"count":0,"href":"https:\/\/fraterjmj.org\/es\/wp-json\/wp\/v2\/pages\/47\/revisions"}],"up":[{"embeddable":true,"href":"https:\/\/fraterjmj.org\/es\/wp-json\/wp\/v2\/pages\/45"}],"wp:attachment":[{"href":"https:\/\/fraterjmj.org\/es\/wp-json\/wp\/v2\/media?parent=47"}],"curies":[{"name":"wp","href":"https:\/\/api.w.org\/{rel}","templated":true}]}}