{"id":58,"date":"2020-04-20T08:33:44","date_gmt":"2020-04-20T11:33:44","guid":{"rendered":"https:\/\/fraterjmj.org\/es\/\/?page_id=58"},"modified":"2020-08-05T07:22:35","modified_gmt":"2020-08-05T10:22:35","slug":"nossas-estruturas","status":"publish","type":"page","link":"https:\/\/fraterjmj.org\/es\/nossa-organizacao\/nossas-estruturas\/","title":{"rendered":"Nossas Estruturas"},"content":{"rendered":"<p><span style=\"font-weight: 400;\">As estruturas de Organiza\u00e7\u00e3o Institucional, Anima\u00e7\u00e3o e Governo, e Administra\u00e7\u00e3o dos Bens , est\u00e3o sempre \u00e0 servi\u00e7o da nossa Miss\u00e3o, sem jamais esquecer que s\u00e3o somente media\u00e7\u00f5es que n\u00e3o exaurem o nosso zelo apost\u00f3lico. <\/span><i><span style=\"font-weight: 400;\">(cf. Diret\u00f3rio Fraternidade Jesus Maria Jos\u00e9 123) <\/span><\/i><i><span style=\"font-weight: 400;\">\u201cNossa estrutura organizacional leve, \u00e1gil, flex\u00edvel, condizente com a nossa realidade. Estamos sempre vigilantes a fim de que a estrutura jamais subjugue o Carisma ao qual deve servir.\u201d<\/span><\/i> <i><span style=\"font-weight: 400;\">(idem 206)<\/span><\/i><\/p>\n<p><span style=\"font-weight: 400;\">\u201c<\/span><i><span style=\"font-weight: 400;\">A estrutura organizacional se estabelece em tr\u00eas n\u00edveis: Comunit\u00e1rio (local), Regional e Geral. Cada n\u00edvel responde a objetivos distintos segundo os quais opera. A autonomia, direitos e prerrogativas dos diversos n\u00edveis s\u00e3o preservados, assim como os deveres e obriga\u00e7\u00f5es entre eles. O princ\u00edpio da organicidade expressa <\/span><\/i><b><i>a comunh\u00e3o entre todos os membros <\/i><\/b><i><span style=\"font-weight: 400;\">da Fraternidade.<\/span><\/i><span style=\"font-weight: 400;\">\u201d <\/span><i><span style=\"font-weight: 400;\">(idem 207) <\/span><\/i><span style=\"font-weight: 400;\">A origem e o principal fundamento da estrutura organizacional s\u00e3o os associados, ao lhe darem vida e usufru\u00edrem dos seus servi\u00e7os.\u00a0<\/span><\/p>\n","protected":false},"excerpt":{"rendered":"<p>As estruturas de Organiza\u00e7\u00e3o Institucional, Anima\u00e7\u00e3o e Governo, e Administra\u00e7\u00e3o dos Bens , est\u00e3o sempre \u00e0 servi\u00e7o da nossa Miss\u00e3o, sem jamais esquecer que s\u00e3o somente media\u00e7\u00f5es que n\u00e3o exaurem o nosso zelo apost\u00f3lico. (cf. Diret\u00f3rio Fraternidade Jesus Maria Jos\u00e9 123) \u201cNossa estrutura organizacional leve, \u00e1gil, flex\u00edvel, condizente com a nossa realidade. Estamos sempre vigilantes [&hellip;]<\/p>\n","protected":false},"author":1,"featured_media":0,"parent":56,"menu_order":0,"comment_status":"closed","ping_status":"closed","template":"","meta":[],"acf":[],"yoast_head":"<!-- This site is optimized with the Yoast SEO plugin v19.13 - https:\/\/yoast.com\/wordpress\/plugins\/seo\/ -->\n<title>Nossas Estruturas - Fraternidade Jesus Maria Jos\u00e9<\/title>\n<meta name=\"robots\" content=\"index, follow, max-snippet:-1, max-image-preview:large, max-video-preview:-1\" \/>\n<link rel=\"canonical\" href=\"https:\/\/fraterjmj.org\/es\/nossa-organizacao\/nossas-estruturas\/\" \/>\n<meta property=\"og:locale\" content=\"pt_BR\" \/>\n<meta property=\"og:type\" content=\"article\" \/>\n<meta property=\"og:title\" content=\"Nossas Estruturas - Fraternidade Jesus Maria Jos\u00e9\" \/>\n<meta property=\"og:description\" content=\"As estruturas de Organiza\u00e7\u00e3o Institucional, Anima\u00e7\u00e3o e Governo, e Administra\u00e7\u00e3o dos Bens , est\u00e3o sempre \u00e0 servi\u00e7o da nossa Miss\u00e3o, sem jamais esquecer que s\u00e3o somente media\u00e7\u00f5es que n\u00e3o exaurem o nosso zelo apost\u00f3lico. (cf. Diret\u00f3rio Fraternidade Jesus Maria Jos\u00e9 123) \u201cNossa estrutura organizacional leve, \u00e1gil, flex\u00edvel, condizente com a nossa realidade. Estamos sempre vigilantes [&hellip;]\" \/>\n<meta property=\"og:url\" content=\"https:\/\/fraterjmj.org\/es\/nossa-organizacao\/nossas-estruturas\/\" \/>\n<meta property=\"og:site_name\" content=\"Fraternidade Jesus Maria Jos\u00e9\" \/>\n<meta property=\"article:modified_time\" content=\"2020-08-05T10:22:35+00:00\" \/>\n<meta name=\"twitter:card\" content=\"summary_large_image\" \/>\n<meta name=\"twitter:label1\" content=\"Est. tempo de leitura\" \/>\n\t<meta name=\"twitter:data1\" content=\"1 minuto\" \/>\n<script type=\"application\/ld+json\" class=\"yoast-schema-graph\">{\"@context\":\"https:\/\/schema.org\",\"@graph\":[{\"@type\":\"WebPage\",\"@id\":\"https:\/\/fraterjmj.org\/es\/nossa-organizacao\/nossas-estruturas\/\",\"url\":\"https:\/\/fraterjmj.org\/es\/nossa-organizacao\/nossas-estruturas\/\",\"name\":\"Nossas Estruturas - Fraternidade Jesus Maria Jos\u00e9\",\"isPartOf\":{\"@id\":\"https:\/\/fraterjmj.org\/es\/#website\"},\"datePublished\":\"2020-04-20T11:33:44+00:00\",\"dateModified\":\"2020-08-05T10:22:35+00:00\",\"breadcrumb\":{\"@id\":\"https:\/\/fraterjmj.org\/es\/nossa-organizacao\/nossas-estruturas\/#breadcrumb\"},\"inLanguage\":\"pt-BR\",\"potentialAction\":[{\"@type\":\"ReadAction\",\"target\":[\"https:\/\/fraterjmj.org\/es\/nossa-organizacao\/nossas-estruturas\/\"]}]},{\"@type\":\"BreadcrumbList\",\"@id\":\"https:\/\/fraterjmj.org\/es\/nossa-organizacao\/nossas-estruturas\/#breadcrumb\",\"itemListElement\":[{\"@type\":\"ListItem\",\"position\":1,\"name\":\"In\u00edcio\",\"item\":\"https:\/\/fraterjmj.org\/es\/\"},{\"@type\":\"ListItem\",\"position\":2,\"name\":\"Nossa Organiza\u00e7\u00e3o\",\"item\":\"https:\/\/fraterjmj.org\/es\/nossa-organizacao\/\"},{\"@type\":\"ListItem\",\"position\":3,\"name\":\"Nossas Estruturas\"}]},{\"@type\":\"WebSite\",\"@id\":\"https:\/\/fraterjmj.org\/es\/#website\",\"url\":\"https:\/\/fraterjmj.org\/es\/\",\"name\":\"Fraternidade Jesus Maria Jos\u00e9\",\"description\":\"\",\"potentialAction\":[{\"@type\":\"SearchAction\",\"target\":{\"@type\":\"EntryPoint\",\"urlTemplate\":\"https:\/\/fraterjmj.org\/es\/?s={search_term_string}\"},\"query-input\":\"required name=search_term_string\"}],\"inLanguage\":\"pt-BR\"}]}<\/script>\n<!-- \/ Yoast SEO plugin. -->","yoast_head_json":{"title":"Nossas Estruturas - Fraternidade Jesus Maria Jos\u00e9","robots":{"index":"index","follow":"follow","max-snippet":"max-snippet:-1","max-image-preview":"max-image-preview:large","max-video-preview":"max-video-preview:-1"},"canonical":"https:\/\/fraterjmj.org\/es\/nossa-organizacao\/nossas-estruturas\/","og_locale":"pt_BR","og_type":"article","og_title":"Nossas Estruturas - Fraternidade Jesus Maria Jos\u00e9","og_description":"As estruturas de Organiza\u00e7\u00e3o Institucional, Anima\u00e7\u00e3o e Governo, e Administra\u00e7\u00e3o dos Bens , est\u00e3o sempre \u00e0 servi\u00e7o da nossa Miss\u00e3o, sem jamais esquecer que s\u00e3o somente media\u00e7\u00f5es que n\u00e3o exaurem o nosso zelo apost\u00f3lico. (cf. Diret\u00f3rio Fraternidade Jesus Maria Jos\u00e9 123) \u201cNossa estrutura organizacional leve, \u00e1gil, flex\u00edvel, condizente com a nossa realidade. Estamos sempre vigilantes [&hellip;]","og_url":"https:\/\/fraterjmj.org\/es\/nossa-organizacao\/nossas-estruturas\/","og_site_name":"Fraternidade Jesus Maria Jos\u00e9","article_modified_time":"2020-08-05T10:22:35+00:00","twitter_card":"summary_large_image","twitter_misc":{"Est. tempo de leitura":"1 minuto"},"schema":{"@context":"https:\/\/schema.org","@graph":[{"@type":"WebPage","@id":"https:\/\/fraterjmj.org\/es\/nossa-organizacao\/nossas-estruturas\/","url":"https:\/\/fraterjmj.org\/es\/nossa-organizacao\/nossas-estruturas\/","name":"Nossas Estruturas - Fraternidade Jesus Maria Jos\u00e9","isPartOf":{"@id":"https:\/\/fraterjmj.org\/es\/#website"},"datePublished":"2020-04-20T11:33:44+00:00","dateModified":"2020-08-05T10:22:35+00:00","breadcrumb":{"@id":"https:\/\/fraterjmj.org\/es\/nossa-organizacao\/nossas-estruturas\/#breadcrumb"},"inLanguage":"pt-BR","potentialAction":[{"@type":"ReadAction","target":["https:\/\/fraterjmj.org\/es\/nossa-organizacao\/nossas-estruturas\/"]}]},{"@type":"BreadcrumbList","@id":"https:\/\/fraterjmj.org\/es\/nossa-organizacao\/nossas-estruturas\/#breadcrumb","itemListElement":[{"@type":"ListItem","position":1,"name":"In\u00edcio","item":"https:\/\/fraterjmj.org\/es\/"},{"@type":"ListItem","position":2,"name":"Nossa Organiza\u00e7\u00e3o","item":"https:\/\/fraterjmj.org\/es\/nossa-organizacao\/"},{"@type":"ListItem","position":3,"name":"Nossas Estruturas"}]},{"@type":"WebSite","@id":"https:\/\/fraterjmj.org\/es\/#website","url":"https:\/\/fraterjmj.org\/es\/","name":"Fraternidade Jesus Maria Jos\u00e9","description":"","potentialAction":[{"@type":"SearchAction","target":{"@type":"EntryPoint","urlTemplate":"https:\/\/fraterjmj.org\/es\/?s={search_term_string}"},"query-input":"required name=search_term_string"}],"inLanguage":"pt-BR"}]}},"_links":{"self":[{"href":"https:\/\/fraterjmj.org\/es\/wp-json\/wp\/v2\/pages\/58"}],"collection":[{"href":"https:\/\/fraterjmj.org\/es\/wp-json\/wp\/v2\/pages"}],"about":[{"href":"https:\/\/fraterjmj.org\/es\/wp-json\/wp\/v2\/types\/page"}],"author":[{"embeddable":true,"href":"https:\/\/fraterjmj.org\/es\/wp-json\/wp\/v2\/users\/1"}],"replies":[{"embeddable":true,"href":"https:\/\/fraterjmj.org\/es\/wp-json\/wp\/v2\/comments?post=58"}],"version-history":[{"count":0,"href":"https:\/\/fraterjmj.org\/es\/wp-json\/wp\/v2\/pages\/58\/revisions"}],"up":[{"embeddable":true,"href":"https:\/\/fraterjmj.org\/es\/wp-json\/wp\/v2\/pages\/56"}],"wp:attachment":[{"href":"https:\/\/fraterjmj.org\/es\/wp-json\/wp\/v2\/media?parent=58"}],"curies":[{"name":"wp","href":"https:\/\/api.w.org\/{rel}","templated":true}]}}