{"id":63,"date":"2020-04-20T08:34:18","date_gmt":"2020-04-20T11:34:18","guid":{"rendered":"https:\/\/fraterjmj.org\/es\/\/?page_id=63"},"modified":"2020-08-05T07:40:06","modified_gmt":"2020-08-05T10:40:06","slug":"comunidades","status":"publish","type":"page","link":"https:\/\/fraterjmj.org\/es\/nossa-organizacao\/comunidades\/","title":{"rendered":"Comunidades"},"content":{"rendered":"<p>\u201c<em>A Comunidade \u00e9 a unidade de base da estrutura organizacional. Cada<\/em> <em>Comunidade \u00e9 uma c\u00e9lula que constitui o nosso corpo institucional. Nela a vida,<\/em> <em>a espiritualidade e a miss\u00e3o se tornam realidade; (&#8230;). De certa forma, tudo na<\/em> <em>estrutura organizacional de nossa associa\u00e7\u00e3o se estabelece em fun\u00e7\u00e3o da vida<\/em> <em>de nossas Comunidades<\/em>.\u201d <em>(Diret\u00f3rio Fraternidade Jesus Maria Jos\u00e9 197)<\/em><\/p>\n<p>\u201c<em>Nossas Comunidades se alicer\u00e7am na Casa de Nazar\u00e9, da qual buscam ser a<\/em> <em>imagem. Cada Comunidade estabelece sua organiza\u00e7\u00e3o, sua vida espiritual e<\/em> <em>sua a\u00e7\u00e3o evangelizadora, a fim de converter-se em outra Casa de Nazar\u00e9 ao<\/em> <em>imitar a vida da Sagrada Fam\u00edlia. (idem 198) Na escola da Casa de Nazar\u00e9<\/em> <em>aprendemos a ser Comunidade e a assumir a Promessa de Compromisso que<\/em> <em>fizemos ao ingressar definitivamente na Fraternidade Jesus Maria Jos\u00e9<\/em>.\u201d <em>(idem 199)<\/em><\/p>\n<p>Nossas Comunidades s\u00e3o grupos de crist\u00e3os que animam as suas vidas e o seu compromisso batismal a partir do Carisma legado por <em>Rita Amada de Jesus<\/em>. Identificamo-nos como <em><strong>Comunidade de Vida Apost\u00f3lica<\/strong><\/em>, pois na nossa Miss\u00e3o reside a raz\u00e3o \u00faltima da estrutura organizacional. Reunirmos para partilhar a vida \u00e0 luz da Palavra de Deus e, assim, crescer na f\u00e9 e em nosso Carisma. Perseverar nessa forma de organiza\u00e7\u00e3o associativa, na ora\u00e7\u00e3o comunit\u00e1ria e na viv\u00eancia da Palavra de Deus, nos ajuda no processo cont\u00ednuo da pr\u00f3pria <em>convers\u00e3o<\/em> e a adotar novas atitudes e novas pr\u00e1ticas em nossa vida crist\u00e3.<\/p>\n<p>A comunidade re\u00fane-se pelo menos uma vez ao m\u00eas, e tem a sua anima\u00e7\u00e3o a cargo de uma equipe de coordena\u00e7\u00e3o, eleita pelos seus membros, para um mandato de tr\u00eas anos. Uma comunidade estabelece-se a partir de cinco membros efetivos. Excepcionalmente pode haver um membro efetivo onde n\u00e3o h\u00e1 uma comunidade. \u201c<em>Comunidades vivas, fortes, atuantes e engajadas, \u00e0 imagem da<\/em> <em>Casa de Nazar\u00e9, s\u00e3o a base sobre a qual edificamos a Fraternidade Jesus Maria<\/em> <em>Jos\u00e9. Com tais Comunidades constru\u00edmos sobre a rocha esta obra nascida do<\/em> <em>cora\u00e7\u00e3o e do Carisma de Rita Amada de Jesus<\/em>.\u201d <em>(idem 200)<\/em><\/p>\n","protected":false},"excerpt":{"rendered":"<p>\u201cA Comunidade \u00e9 a unidade de base da estrutura organizacional. Cada Comunidade \u00e9 uma c\u00e9lula que constitui o nosso corpo institucional. Nela a vida, a espiritualidade e a miss\u00e3o se tornam realidade; (&#8230;). De certa forma, tudo na estrutura organizacional de nossa associa\u00e7\u00e3o se estabelece em fun\u00e7\u00e3o da vida de nossas Comunidades.\u201d (Diret\u00f3rio Fraternidade Jesus [&hellip;]<\/p>\n","protected":false},"author":1,"featured_media":0,"parent":56,"menu_order":0,"comment_status":"closed","ping_status":"closed","template":"","meta":[],"acf":[],"yoast_head":"<!-- This site is optimized with the Yoast SEO plugin v19.13 - https:\/\/yoast.com\/wordpress\/plugins\/seo\/ -->\n<title>Comunidades - Fraternidade Jesus Maria Jos\u00e9<\/title>\n<meta name=\"robots\" content=\"index, follow, max-snippet:-1, max-image-preview:large, max-video-preview:-1\" \/>\n<link rel=\"canonical\" href=\"https:\/\/fraterjmj.org\/es\/nossa-organizacao\/comunidades\/\" \/>\n<meta property=\"og:locale\" content=\"pt_BR\" \/>\n<meta property=\"og:type\" content=\"article\" \/>\n<meta property=\"og:title\" content=\"Comunidades - Fraternidade Jesus Maria Jos\u00e9\" \/>\n<meta property=\"og:description\" content=\"\u201cA Comunidade \u00e9 a unidade de base da estrutura organizacional. Cada Comunidade \u00e9 uma c\u00e9lula que constitui o nosso corpo institucional. Nela a vida, a espiritualidade e a miss\u00e3o se tornam realidade; (&#8230;). De certa forma, tudo na estrutura organizacional de nossa associa\u00e7\u00e3o se estabelece em fun\u00e7\u00e3o da vida de nossas Comunidades.\u201d (Diret\u00f3rio Fraternidade Jesus [&hellip;]\" \/>\n<meta property=\"og:url\" content=\"https:\/\/fraterjmj.org\/es\/nossa-organizacao\/comunidades\/\" \/>\n<meta property=\"og:site_name\" content=\"Fraternidade Jesus Maria Jos\u00e9\" \/>\n<meta property=\"article:modified_time\" content=\"2020-08-05T10:40:06+00:00\" \/>\n<meta name=\"twitter:card\" content=\"summary_large_image\" \/>\n<meta name=\"twitter:label1\" content=\"Est. tempo de leitura\" \/>\n\t<meta name=\"twitter:data1\" content=\"2 minutos\" \/>\n<script type=\"application\/ld+json\" class=\"yoast-schema-graph\">{\"@context\":\"https:\/\/schema.org\",\"@graph\":[{\"@type\":\"WebPage\",\"@id\":\"https:\/\/fraterjmj.org\/es\/nossa-organizacao\/comunidades\/\",\"url\":\"https:\/\/fraterjmj.org\/es\/nossa-organizacao\/comunidades\/\",\"name\":\"Comunidades - Fraternidade Jesus Maria Jos\u00e9\",\"isPartOf\":{\"@id\":\"https:\/\/fraterjmj.org\/es\/#website\"},\"datePublished\":\"2020-04-20T11:34:18+00:00\",\"dateModified\":\"2020-08-05T10:40:06+00:00\",\"breadcrumb\":{\"@id\":\"https:\/\/fraterjmj.org\/es\/nossa-organizacao\/comunidades\/#breadcrumb\"},\"inLanguage\":\"pt-BR\",\"potentialAction\":[{\"@type\":\"ReadAction\",\"target\":[\"https:\/\/fraterjmj.org\/es\/nossa-organizacao\/comunidades\/\"]}]},{\"@type\":\"BreadcrumbList\",\"@id\":\"https:\/\/fraterjmj.org\/es\/nossa-organizacao\/comunidades\/#breadcrumb\",\"itemListElement\":[{\"@type\":\"ListItem\",\"position\":1,\"name\":\"In\u00edcio\",\"item\":\"https:\/\/fraterjmj.org\/es\/\"},{\"@type\":\"ListItem\",\"position\":2,\"name\":\"Nossa Organiza\u00e7\u00e3o\",\"item\":\"https:\/\/fraterjmj.org\/es\/nossa-organizacao\/\"},{\"@type\":\"ListItem\",\"position\":3,\"name\":\"Comunidades\"}]},{\"@type\":\"WebSite\",\"@id\":\"https:\/\/fraterjmj.org\/es\/#website\",\"url\":\"https:\/\/fraterjmj.org\/es\/\",\"name\":\"Fraternidade Jesus Maria Jos\u00e9\",\"description\":\"\",\"potentialAction\":[{\"@type\":\"SearchAction\",\"target\":{\"@type\":\"EntryPoint\",\"urlTemplate\":\"https:\/\/fraterjmj.org\/es\/?s={search_term_string}\"},\"query-input\":\"required name=search_term_string\"}],\"inLanguage\":\"pt-BR\"}]}<\/script>\n<!-- \/ Yoast SEO plugin. -->","yoast_head_json":{"title":"Comunidades - Fraternidade Jesus Maria Jos\u00e9","robots":{"index":"index","follow":"follow","max-snippet":"max-snippet:-1","max-image-preview":"max-image-preview:large","max-video-preview":"max-video-preview:-1"},"canonical":"https:\/\/fraterjmj.org\/es\/nossa-organizacao\/comunidades\/","og_locale":"pt_BR","og_type":"article","og_title":"Comunidades - Fraternidade Jesus Maria Jos\u00e9","og_description":"\u201cA Comunidade \u00e9 a unidade de base da estrutura organizacional. Cada Comunidade \u00e9 uma c\u00e9lula que constitui o nosso corpo institucional. Nela a vida, a espiritualidade e a miss\u00e3o se tornam realidade; (&#8230;). De certa forma, tudo na estrutura organizacional de nossa associa\u00e7\u00e3o se estabelece em fun\u00e7\u00e3o da vida de nossas Comunidades.\u201d (Diret\u00f3rio Fraternidade Jesus [&hellip;]","og_url":"https:\/\/fraterjmj.org\/es\/nossa-organizacao\/comunidades\/","og_site_name":"Fraternidade Jesus Maria Jos\u00e9","article_modified_time":"2020-08-05T10:40:06+00:00","twitter_card":"summary_large_image","twitter_misc":{"Est. tempo de leitura":"2 minutos"},"schema":{"@context":"https:\/\/schema.org","@graph":[{"@type":"WebPage","@id":"https:\/\/fraterjmj.org\/es\/nossa-organizacao\/comunidades\/","url":"https:\/\/fraterjmj.org\/es\/nossa-organizacao\/comunidades\/","name":"Comunidades - Fraternidade Jesus Maria Jos\u00e9","isPartOf":{"@id":"https:\/\/fraterjmj.org\/es\/#website"},"datePublished":"2020-04-20T11:34:18+00:00","dateModified":"2020-08-05T10:40:06+00:00","breadcrumb":{"@id":"https:\/\/fraterjmj.org\/es\/nossa-organizacao\/comunidades\/#breadcrumb"},"inLanguage":"pt-BR","potentialAction":[{"@type":"ReadAction","target":["https:\/\/fraterjmj.org\/es\/nossa-organizacao\/comunidades\/"]}]},{"@type":"BreadcrumbList","@id":"https:\/\/fraterjmj.org\/es\/nossa-organizacao\/comunidades\/#breadcrumb","itemListElement":[{"@type":"ListItem","position":1,"name":"In\u00edcio","item":"https:\/\/fraterjmj.org\/es\/"},{"@type":"ListItem","position":2,"name":"Nossa Organiza\u00e7\u00e3o","item":"https:\/\/fraterjmj.org\/es\/nossa-organizacao\/"},{"@type":"ListItem","position":3,"name":"Comunidades"}]},{"@type":"WebSite","@id":"https:\/\/fraterjmj.org\/es\/#website","url":"https:\/\/fraterjmj.org\/es\/","name":"Fraternidade Jesus Maria Jos\u00e9","description":"","potentialAction":[{"@type":"SearchAction","target":{"@type":"EntryPoint","urlTemplate":"https:\/\/fraterjmj.org\/es\/?s={search_term_string}"},"query-input":"required name=search_term_string"}],"inLanguage":"pt-BR"}]}},"_links":{"self":[{"href":"https:\/\/fraterjmj.org\/es\/wp-json\/wp\/v2\/pages\/63"}],"collection":[{"href":"https:\/\/fraterjmj.org\/es\/wp-json\/wp\/v2\/pages"}],"about":[{"href":"https:\/\/fraterjmj.org\/es\/wp-json\/wp\/v2\/types\/page"}],"author":[{"embeddable":true,"href":"https:\/\/fraterjmj.org\/es\/wp-json\/wp\/v2\/users\/1"}],"replies":[{"embeddable":true,"href":"https:\/\/fraterjmj.org\/es\/wp-json\/wp\/v2\/comments?post=63"}],"version-history":[{"count":0,"href":"https:\/\/fraterjmj.org\/es\/wp-json\/wp\/v2\/pages\/63\/revisions"}],"up":[{"embeddable":true,"href":"https:\/\/fraterjmj.org\/es\/wp-json\/wp\/v2\/pages\/56"}],"wp:attachment":[{"href":"https:\/\/fraterjmj.org\/es\/wp-json\/wp\/v2\/media?parent=63"}],"curies":[{"name":"wp","href":"https:\/\/api.w.org\/{rel}","templated":true}]}}