{"id":65,"date":"2020-04-20T08:34:36","date_gmt":"2020-04-20T11:34:36","guid":{"rendered":"https:\/\/fraterjmj.org\/es\/\/?page_id=65"},"modified":"2020-08-06T16:34:19","modified_gmt":"2020-08-06T19:34:19","slug":"coordenacao-geral","status":"publish","type":"page","link":"https:\/\/fraterjmj.org\/es\/nossa-organizacao\/coordenacao-geral\/","title":{"rendered":"Coordena\u00e7\u00e3o Geral"},"content":{"rendered":"<p><em>\u201c<strong>A Fraternidade Jesus Maria Jos\u00e9, na sua anima\u00e7\u00e3o e governo, adota o princ\u00edpio<\/strong> <strong>da colegialidade<\/strong>.\u201d (Diret\u00f3rio Fraternidade Jesus Maria Jos\u00e9 220) <\/em><\/p>\n<p>A <strong><em>Coordena\u00e7\u00e3o Geral<\/em> <\/strong>\u00e9 uma estrutura colegiada, seu \u00e2mbito de atua\u00e7\u00e3o \u00e9 mundial, e abrange a <em>Fraternidade Jesus Maria Jos\u00e9<\/em> em toda a sua extens\u00e3o e em todos os n\u00edveis. A Coordena\u00e7\u00e3o Geral \u00e9 constitu\u00edda por Coordenador Geral, Secret\u00e1rio Geral, Administrador Geral, Assistentes Regionais e Assistente Espiritual. A Coordena\u00e7\u00e3o Geral \u00e9 eleita pelo Cen\u00e1culo Internacional para um mandato de quatro anos. <em>(cf. idem 212)<\/em><\/p>\n<p>O Coordenador Geral \u00e9 o primeiro respons\u00e1vel pela anima\u00e7\u00e3o e governo da <em>Fraternidade Jesus Maria Jos\u00e9;<\/em> zela pela fidelidade \u00e0 sua identidade e ao <em>Carisma de Rita Amada de Jesus,<\/em> e pelo cumprimento do Diret\u00f3rio. Tem autoridade direta sobre todas as comunidades e membros da associa\u00e7\u00e3o. Nas suas fun\u00e7\u00f5es \u00e9 auxiliado pelos outros membros da Coordena\u00e7\u00e3o Geral. O Coordenador Geral tem a sua elei\u00e7\u00e3o homologada pela Superiora Geral do Instituto Jesus Maria Jos\u00e9, sucessora de <em>Rita Amada de Jesus. (cf. idem 214)<\/em><\/p>\n<h3>Coordena\u00e7\u00e3o Geral eleita para o Quadri\u00eanio 2017-2021:<\/h3>\n<p>Coordenador Geral: <em>Manoel Alves<\/em> (Bras\u00edlia &#8211; Brasil)<br \/>\nSecret\u00e1ria Geral: <em>Carolina Lurdes Silva Abreu<\/em> (Ovar &#8211; Portugal)<br \/>\nAdministradora Geral: <em>Anisabel Duarte Moreno<\/em> (Cidade da Praia &#8211; Cabo-Verde)<br \/>\nAssistente Regional \u00c1frica: <em>Julieta Silimuila Alberto Cassinda<\/em> (Benguela &#8211; Angola)<br \/>\nAssistente Regional Am\u00e9rica Latina: <em>Carlos Jos\u00e9 Mendes de Ara\u00fajo<\/em> (Bras\u00edlia &#8211; Brasil)<br \/>\nAssistente Regional Cabo-Verde Portugal: <em>Rosa da Concei\u00e7\u00e3o Tavares Correia Landim<\/em> (Assomada &#8211; Cabo-Verde)<br \/>\nAssistente Espiritual: <em>Irm\u00e3 Nilva Barros da Costa, jmj<\/em>\u00a0(Porangatu &#8211; Brasil)<\/p>\n<p><em><strong>A sede da Fraternidade Jesus Maria Jos\u00e9 \u00e9 em Santo Amaro (S\u00e3o Paulo) &#8211; Brasil.<\/strong><\/em><\/p>\n","protected":false},"excerpt":{"rendered":"<p>\u201cA Fraternidade Jesus Maria Jos\u00e9, na sua anima\u00e7\u00e3o e governo, adota o princ\u00edpio da colegialidade.\u201d (Diret\u00f3rio Fraternidade Jesus Maria Jos\u00e9 220) A Coordena\u00e7\u00e3o Geral \u00e9 uma estrutura colegiada, seu \u00e2mbito de atua\u00e7\u00e3o \u00e9 mundial, e abrange a Fraternidade Jesus Maria Jos\u00e9 em toda a sua extens\u00e3o e em todos os n\u00edveis. A Coordena\u00e7\u00e3o Geral \u00e9 [&hellip;]<\/p>\n","protected":false},"author":1,"featured_media":0,"parent":56,"menu_order":0,"comment_status":"closed","ping_status":"closed","template":"","meta":[],"acf":[],"yoast_head":"<!-- This site is optimized with the Yoast SEO plugin v19.13 - https:\/\/yoast.com\/wordpress\/plugins\/seo\/ -->\n<title>Coordena\u00e7\u00e3o Geral - Fraternidade Jesus Maria Jos\u00e9<\/title>\n<meta name=\"robots\" content=\"index, follow, max-snippet:-1, max-image-preview:large, max-video-preview:-1\" \/>\n<link rel=\"canonical\" href=\"https:\/\/fraterjmj.org\/es\/nossa-organizacao\/coordenacao-geral\/\" \/>\n<meta property=\"og:locale\" content=\"pt_BR\" \/>\n<meta property=\"og:type\" content=\"article\" \/>\n<meta property=\"og:title\" content=\"Coordena\u00e7\u00e3o Geral - Fraternidade Jesus Maria Jos\u00e9\" \/>\n<meta property=\"og:description\" content=\"\u201cA Fraternidade Jesus Maria Jos\u00e9, na sua anima\u00e7\u00e3o e governo, adota o princ\u00edpio da colegialidade.\u201d (Diret\u00f3rio Fraternidade Jesus Maria Jos\u00e9 220) A Coordena\u00e7\u00e3o Geral \u00e9 uma estrutura colegiada, seu \u00e2mbito de atua\u00e7\u00e3o \u00e9 mundial, e abrange a Fraternidade Jesus Maria Jos\u00e9 em toda a sua extens\u00e3o e em todos os n\u00edveis. A Coordena\u00e7\u00e3o Geral \u00e9 [&hellip;]\" \/>\n<meta property=\"og:url\" content=\"https:\/\/fraterjmj.org\/es\/nossa-organizacao\/coordenacao-geral\/\" \/>\n<meta property=\"og:site_name\" content=\"Fraternidade Jesus Maria Jos\u00e9\" \/>\n<meta property=\"article:modified_time\" content=\"2020-08-06T19:34:19+00:00\" \/>\n<meta name=\"twitter:card\" content=\"summary_large_image\" \/>\n<meta name=\"twitter:label1\" content=\"Est. tempo de leitura\" \/>\n\t<meta name=\"twitter:data1\" content=\"1 minuto\" \/>\n<script type=\"application\/ld+json\" class=\"yoast-schema-graph\">{\"@context\":\"https:\/\/schema.org\",\"@graph\":[{\"@type\":\"WebPage\",\"@id\":\"https:\/\/fraterjmj.org\/es\/nossa-organizacao\/coordenacao-geral\/\",\"url\":\"https:\/\/fraterjmj.org\/es\/nossa-organizacao\/coordenacao-geral\/\",\"name\":\"Coordena\u00e7\u00e3o Geral - Fraternidade Jesus Maria Jos\u00e9\",\"isPartOf\":{\"@id\":\"https:\/\/fraterjmj.org\/es\/#website\"},\"datePublished\":\"2020-04-20T11:34:36+00:00\",\"dateModified\":\"2020-08-06T19:34:19+00:00\",\"breadcrumb\":{\"@id\":\"https:\/\/fraterjmj.org\/es\/nossa-organizacao\/coordenacao-geral\/#breadcrumb\"},\"inLanguage\":\"pt-BR\",\"potentialAction\":[{\"@type\":\"ReadAction\",\"target\":[\"https:\/\/fraterjmj.org\/es\/nossa-organizacao\/coordenacao-geral\/\"]}]},{\"@type\":\"BreadcrumbList\",\"@id\":\"https:\/\/fraterjmj.org\/es\/nossa-organizacao\/coordenacao-geral\/#breadcrumb\",\"itemListElement\":[{\"@type\":\"ListItem\",\"position\":1,\"name\":\"In\u00edcio\",\"item\":\"https:\/\/fraterjmj.org\/es\/\"},{\"@type\":\"ListItem\",\"position\":2,\"name\":\"Nossa Organiza\u00e7\u00e3o\",\"item\":\"https:\/\/fraterjmj.org\/es\/nossa-organizacao\/\"},{\"@type\":\"ListItem\",\"position\":3,\"name\":\"Coordena\u00e7\u00e3o Geral\"}]},{\"@type\":\"WebSite\",\"@id\":\"https:\/\/fraterjmj.org\/es\/#website\",\"url\":\"https:\/\/fraterjmj.org\/es\/\",\"name\":\"Fraternidade Jesus Maria Jos\u00e9\",\"description\":\"\",\"potentialAction\":[{\"@type\":\"SearchAction\",\"target\":{\"@type\":\"EntryPoint\",\"urlTemplate\":\"https:\/\/fraterjmj.org\/es\/?s={search_term_string}\"},\"query-input\":\"required name=search_term_string\"}],\"inLanguage\":\"pt-BR\"}]}<\/script>\n<!-- \/ Yoast SEO plugin. -->","yoast_head_json":{"title":"Coordena\u00e7\u00e3o Geral - Fraternidade Jesus Maria Jos\u00e9","robots":{"index":"index","follow":"follow","max-snippet":"max-snippet:-1","max-image-preview":"max-image-preview:large","max-video-preview":"max-video-preview:-1"},"canonical":"https:\/\/fraterjmj.org\/es\/nossa-organizacao\/coordenacao-geral\/","og_locale":"pt_BR","og_type":"article","og_title":"Coordena\u00e7\u00e3o Geral - Fraternidade Jesus Maria Jos\u00e9","og_description":"\u201cA Fraternidade Jesus Maria Jos\u00e9, na sua anima\u00e7\u00e3o e governo, adota o princ\u00edpio da colegialidade.\u201d (Diret\u00f3rio Fraternidade Jesus Maria Jos\u00e9 220) A Coordena\u00e7\u00e3o Geral \u00e9 uma estrutura colegiada, seu \u00e2mbito de atua\u00e7\u00e3o \u00e9 mundial, e abrange a Fraternidade Jesus Maria Jos\u00e9 em toda a sua extens\u00e3o e em todos os n\u00edveis. A Coordena\u00e7\u00e3o Geral \u00e9 [&hellip;]","og_url":"https:\/\/fraterjmj.org\/es\/nossa-organizacao\/coordenacao-geral\/","og_site_name":"Fraternidade Jesus Maria Jos\u00e9","article_modified_time":"2020-08-06T19:34:19+00:00","twitter_card":"summary_large_image","twitter_misc":{"Est. tempo de leitura":"1 minuto"},"schema":{"@context":"https:\/\/schema.org","@graph":[{"@type":"WebPage","@id":"https:\/\/fraterjmj.org\/es\/nossa-organizacao\/coordenacao-geral\/","url":"https:\/\/fraterjmj.org\/es\/nossa-organizacao\/coordenacao-geral\/","name":"Coordena\u00e7\u00e3o Geral - Fraternidade Jesus Maria Jos\u00e9","isPartOf":{"@id":"https:\/\/fraterjmj.org\/es\/#website"},"datePublished":"2020-04-20T11:34:36+00:00","dateModified":"2020-08-06T19:34:19+00:00","breadcrumb":{"@id":"https:\/\/fraterjmj.org\/es\/nossa-organizacao\/coordenacao-geral\/#breadcrumb"},"inLanguage":"pt-BR","potentialAction":[{"@type":"ReadAction","target":["https:\/\/fraterjmj.org\/es\/nossa-organizacao\/coordenacao-geral\/"]}]},{"@type":"BreadcrumbList","@id":"https:\/\/fraterjmj.org\/es\/nossa-organizacao\/coordenacao-geral\/#breadcrumb","itemListElement":[{"@type":"ListItem","position":1,"name":"In\u00edcio","item":"https:\/\/fraterjmj.org\/es\/"},{"@type":"ListItem","position":2,"name":"Nossa Organiza\u00e7\u00e3o","item":"https:\/\/fraterjmj.org\/es\/nossa-organizacao\/"},{"@type":"ListItem","position":3,"name":"Coordena\u00e7\u00e3o Geral"}]},{"@type":"WebSite","@id":"https:\/\/fraterjmj.org\/es\/#website","url":"https:\/\/fraterjmj.org\/es\/","name":"Fraternidade Jesus Maria Jos\u00e9","description":"","potentialAction":[{"@type":"SearchAction","target":{"@type":"EntryPoint","urlTemplate":"https:\/\/fraterjmj.org\/es\/?s={search_term_string}"},"query-input":"required name=search_term_string"}],"inLanguage":"pt-BR"}]}},"_links":{"self":[{"href":"https:\/\/fraterjmj.org\/es\/wp-json\/wp\/v2\/pages\/65"}],"collection":[{"href":"https:\/\/fraterjmj.org\/es\/wp-json\/wp\/v2\/pages"}],"about":[{"href":"https:\/\/fraterjmj.org\/es\/wp-json\/wp\/v2\/types\/page"}],"author":[{"embeddable":true,"href":"https:\/\/fraterjmj.org\/es\/wp-json\/wp\/v2\/users\/1"}],"replies":[{"embeddable":true,"href":"https:\/\/fraterjmj.org\/es\/wp-json\/wp\/v2\/comments?post=65"}],"version-history":[{"count":0,"href":"https:\/\/fraterjmj.org\/es\/wp-json\/wp\/v2\/pages\/65\/revisions"}],"up":[{"embeddable":true,"href":"https:\/\/fraterjmj.org\/es\/wp-json\/wp\/v2\/pages\/56"}],"wp:attachment":[{"href":"https:\/\/fraterjmj.org\/es\/wp-json\/wp\/v2\/media?parent=65"}],"curies":[{"name":"wp","href":"https:\/\/api.w.org\/{rel}","templated":true}]}}