{"id":69,"date":"2020-04-20T08:35:03","date_gmt":"2020-04-20T11:35:03","guid":{"rendered":"https:\/\/fraterjmj.org\/es\/\/?page_id=69"},"modified":"2020-08-05T10:29:50","modified_gmt":"2020-08-05T13:29:50","slug":"relacao-com-o-instituto-jesus-maria-jose","status":"publish","type":"page","link":"https:\/\/fraterjmj.org\/es\/nossa-organizacao\/relacao-com-o-instituto-jesus-maria-jose\/","title":{"rendered":"Rela\u00e7\u00e3o com o Instituto Jesus Maria Jos\u00e9"},"content":{"rendered":"<p>Irm\u00e3os e irm\u00e3s de uma mesma fam\u00edlia, filhas e filhos espirituais de Rita Amada de Jesus, de quem recebemos o dom do seu Carisma que nutre nossa vida crist\u00e3, nossas institui\u00e7\u00f5es e seus membros, as Irm\u00e3s do Instituto Jesus Maria Jos\u00e9 e nossos associados est\u00e3o \u00edntima e fortemente vinculados. <em>(cf. Diret\u00f3rio da Fraternidade Jesus Maria Jos\u00e9 233)<\/em><\/p>\n<p>As rela\u00e7\u00f5es entre os membros das duas institui\u00e7\u00f5es s\u00e3o marcadas por afeto fraternal e confian\u00e7a rec\u00edproca. \u201c<em>Testemunhamos a riqueza do Carisma na complementaridade de cada uma de<\/em> <em>nossas voca\u00e7\u00f5es, recordando-nos que a vida consagrada e as vidas laical e<\/em> <em>clerical se enriquecem reciprocamente quando uma d\u00e1 e recebe da outra. Nas<\/em> <em>m\u00fatuas rela\u00e7\u00f5es, cada grupo oferece o que lhe \u00e9 peculiar, pois somente uma<\/em> <em>rela\u00e7\u00e3o de comunh\u00e3o torna cred\u00edvel e eficaz nossas distintas identidades.<\/em>\u201d <em>(idem 234)<\/em><\/p>\n<p>Nossas estruturas estabelecem formas de rela\u00e7\u00e3o formal, especialmente pelo fato da Fraternidade e o Instituto Jesus Maria Jos\u00e9 compartilharem da autoridade da Superiora Geral, a quem todos consideramos como a leg\u00edtima Sucessora de <em>Rita Amada de Jesus<\/em>. Contamos com uma Irm\u00e3 do Instituto Jesus Maria Jos\u00e9 na Coordena\u00e7\u00e3o Geral, assim como algumas Irm\u00e3s s\u00e3o assistentes espirituais em diversas de nossas comunidades. Al\u00e9m disso, ainda que sem deliberar, as Superioras Maiores do Instituto Jesus Maria Jos\u00e9 s\u00e3o membros de direito do Cen\u00e1culo Internacional.<\/p>\n","protected":false},"excerpt":{"rendered":"<p>Irm\u00e3os e irm\u00e3s de uma mesma fam\u00edlia, filhas e filhos espirituais de Rita Amada de Jesus, de quem recebemos o dom do seu Carisma que nutre nossa vida crist\u00e3, nossas institui\u00e7\u00f5es e seus membros, as Irm\u00e3s do Instituto Jesus Maria Jos\u00e9 e nossos associados est\u00e3o \u00edntima e fortemente vinculados. (cf. Diret\u00f3rio da Fraternidade Jesus Maria [&hellip;]<\/p>\n","protected":false},"author":1,"featured_media":0,"parent":56,"menu_order":0,"comment_status":"closed","ping_status":"closed","template":"","meta":[],"acf":[],"yoast_head":"<!-- This site is optimized with the Yoast SEO plugin v19.13 - https:\/\/yoast.com\/wordpress\/plugins\/seo\/ -->\n<title>Rela\u00e7\u00e3o com o Instituto Jesus Maria Jos\u00e9 - Fraternidade Jesus Maria Jos\u00e9<\/title>\n<meta name=\"robots\" content=\"index, follow, max-snippet:-1, max-image-preview:large, max-video-preview:-1\" \/>\n<link rel=\"canonical\" href=\"https:\/\/fraterjmj.org\/es\/nossa-organizacao\/relacao-com-o-instituto-jesus-maria-jose\/\" \/>\n<meta property=\"og:locale\" content=\"pt_BR\" \/>\n<meta property=\"og:type\" content=\"article\" \/>\n<meta property=\"og:title\" content=\"Rela\u00e7\u00e3o com o Instituto Jesus Maria Jos\u00e9 - Fraternidade Jesus Maria Jos\u00e9\" \/>\n<meta property=\"og:description\" content=\"Irm\u00e3os e irm\u00e3s de uma mesma fam\u00edlia, filhas e filhos espirituais de Rita Amada de Jesus, de quem recebemos o dom do seu Carisma que nutre nossa vida crist\u00e3, nossas institui\u00e7\u00f5es e seus membros, as Irm\u00e3s do Instituto Jesus Maria Jos\u00e9 e nossos associados est\u00e3o \u00edntima e fortemente vinculados. (cf. Diret\u00f3rio da Fraternidade Jesus Maria [&hellip;]\" \/>\n<meta property=\"og:url\" content=\"https:\/\/fraterjmj.org\/es\/nossa-organizacao\/relacao-com-o-instituto-jesus-maria-jose\/\" \/>\n<meta property=\"og:site_name\" content=\"Fraternidade Jesus Maria Jos\u00e9\" \/>\n<meta property=\"article:modified_time\" content=\"2020-08-05T13:29:50+00:00\" \/>\n<meta name=\"twitter:card\" content=\"summary_large_image\" \/>\n<meta name=\"twitter:label1\" content=\"Est. tempo de leitura\" \/>\n\t<meta name=\"twitter:data1\" content=\"1 minuto\" \/>\n<script type=\"application\/ld+json\" class=\"yoast-schema-graph\">{\"@context\":\"https:\/\/schema.org\",\"@graph\":[{\"@type\":\"WebPage\",\"@id\":\"https:\/\/fraterjmj.org\/es\/nossa-organizacao\/relacao-com-o-instituto-jesus-maria-jose\/\",\"url\":\"https:\/\/fraterjmj.org\/es\/nossa-organizacao\/relacao-com-o-instituto-jesus-maria-jose\/\",\"name\":\"Rela\u00e7\u00e3o com o Instituto Jesus Maria Jos\u00e9 - Fraternidade Jesus Maria Jos\u00e9\",\"isPartOf\":{\"@id\":\"https:\/\/fraterjmj.org\/es\/#website\"},\"datePublished\":\"2020-04-20T11:35:03+00:00\",\"dateModified\":\"2020-08-05T13:29:50+00:00\",\"breadcrumb\":{\"@id\":\"https:\/\/fraterjmj.org\/es\/nossa-organizacao\/relacao-com-o-instituto-jesus-maria-jose\/#breadcrumb\"},\"inLanguage\":\"pt-BR\",\"potentialAction\":[{\"@type\":\"ReadAction\",\"target\":[\"https:\/\/fraterjmj.org\/es\/nossa-organizacao\/relacao-com-o-instituto-jesus-maria-jose\/\"]}]},{\"@type\":\"BreadcrumbList\",\"@id\":\"https:\/\/fraterjmj.org\/es\/nossa-organizacao\/relacao-com-o-instituto-jesus-maria-jose\/#breadcrumb\",\"itemListElement\":[{\"@type\":\"ListItem\",\"position\":1,\"name\":\"In\u00edcio\",\"item\":\"https:\/\/fraterjmj.org\/es\/\"},{\"@type\":\"ListItem\",\"position\":2,\"name\":\"Nossa Organiza\u00e7\u00e3o\",\"item\":\"https:\/\/fraterjmj.org\/es\/nossa-organizacao\/\"},{\"@type\":\"ListItem\",\"position\":3,\"name\":\"Rela\u00e7\u00e3o com o Instituto Jesus Maria Jos\u00e9\"}]},{\"@type\":\"WebSite\",\"@id\":\"https:\/\/fraterjmj.org\/es\/#website\",\"url\":\"https:\/\/fraterjmj.org\/es\/\",\"name\":\"Fraternidade Jesus Maria Jos\u00e9\",\"description\":\"\",\"potentialAction\":[{\"@type\":\"SearchAction\",\"target\":{\"@type\":\"EntryPoint\",\"urlTemplate\":\"https:\/\/fraterjmj.org\/es\/?s={search_term_string}\"},\"query-input\":\"required name=search_term_string\"}],\"inLanguage\":\"pt-BR\"}]}<\/script>\n<!-- \/ Yoast SEO plugin. -->","yoast_head_json":{"title":"Rela\u00e7\u00e3o com o Instituto Jesus Maria Jos\u00e9 - Fraternidade Jesus Maria Jos\u00e9","robots":{"index":"index","follow":"follow","max-snippet":"max-snippet:-1","max-image-preview":"max-image-preview:large","max-video-preview":"max-video-preview:-1"},"canonical":"https:\/\/fraterjmj.org\/es\/nossa-organizacao\/relacao-com-o-instituto-jesus-maria-jose\/","og_locale":"pt_BR","og_type":"article","og_title":"Rela\u00e7\u00e3o com o Instituto Jesus Maria Jos\u00e9 - Fraternidade Jesus Maria Jos\u00e9","og_description":"Irm\u00e3os e irm\u00e3s de uma mesma fam\u00edlia, filhas e filhos espirituais de Rita Amada de Jesus, de quem recebemos o dom do seu Carisma que nutre nossa vida crist\u00e3, nossas institui\u00e7\u00f5es e seus membros, as Irm\u00e3s do Instituto Jesus Maria Jos\u00e9 e nossos associados est\u00e3o \u00edntima e fortemente vinculados. (cf. Diret\u00f3rio da Fraternidade Jesus Maria [&hellip;]","og_url":"https:\/\/fraterjmj.org\/es\/nossa-organizacao\/relacao-com-o-instituto-jesus-maria-jose\/","og_site_name":"Fraternidade Jesus Maria Jos\u00e9","article_modified_time":"2020-08-05T13:29:50+00:00","twitter_card":"summary_large_image","twitter_misc":{"Est. tempo de leitura":"1 minuto"},"schema":{"@context":"https:\/\/schema.org","@graph":[{"@type":"WebPage","@id":"https:\/\/fraterjmj.org\/es\/nossa-organizacao\/relacao-com-o-instituto-jesus-maria-jose\/","url":"https:\/\/fraterjmj.org\/es\/nossa-organizacao\/relacao-com-o-instituto-jesus-maria-jose\/","name":"Rela\u00e7\u00e3o com o Instituto Jesus Maria Jos\u00e9 - Fraternidade Jesus Maria Jos\u00e9","isPartOf":{"@id":"https:\/\/fraterjmj.org\/es\/#website"},"datePublished":"2020-04-20T11:35:03+00:00","dateModified":"2020-08-05T13:29:50+00:00","breadcrumb":{"@id":"https:\/\/fraterjmj.org\/es\/nossa-organizacao\/relacao-com-o-instituto-jesus-maria-jose\/#breadcrumb"},"inLanguage":"pt-BR","potentialAction":[{"@type":"ReadAction","target":["https:\/\/fraterjmj.org\/es\/nossa-organizacao\/relacao-com-o-instituto-jesus-maria-jose\/"]}]},{"@type":"BreadcrumbList","@id":"https:\/\/fraterjmj.org\/es\/nossa-organizacao\/relacao-com-o-instituto-jesus-maria-jose\/#breadcrumb","itemListElement":[{"@type":"ListItem","position":1,"name":"In\u00edcio","item":"https:\/\/fraterjmj.org\/es\/"},{"@type":"ListItem","position":2,"name":"Nossa Organiza\u00e7\u00e3o","item":"https:\/\/fraterjmj.org\/es\/nossa-organizacao\/"},{"@type":"ListItem","position":3,"name":"Rela\u00e7\u00e3o com o Instituto Jesus Maria Jos\u00e9"}]},{"@type":"WebSite","@id":"https:\/\/fraterjmj.org\/es\/#website","url":"https:\/\/fraterjmj.org\/es\/","name":"Fraternidade Jesus Maria Jos\u00e9","description":"","potentialAction":[{"@type":"SearchAction","target":{"@type":"EntryPoint","urlTemplate":"https:\/\/fraterjmj.org\/es\/?s={search_term_string}"},"query-input":"required name=search_term_string"}],"inLanguage":"pt-BR"}]}},"_links":{"self":[{"href":"https:\/\/fraterjmj.org\/es\/wp-json\/wp\/v2\/pages\/69"}],"collection":[{"href":"https:\/\/fraterjmj.org\/es\/wp-json\/wp\/v2\/pages"}],"about":[{"href":"https:\/\/fraterjmj.org\/es\/wp-json\/wp\/v2\/types\/page"}],"author":[{"embeddable":true,"href":"https:\/\/fraterjmj.org\/es\/wp-json\/wp\/v2\/users\/1"}],"replies":[{"embeddable":true,"href":"https:\/\/fraterjmj.org\/es\/wp-json\/wp\/v2\/comments?post=69"}],"version-history":[{"count":0,"href":"https:\/\/fraterjmj.org\/es\/wp-json\/wp\/v2\/pages\/69\/revisions"}],"up":[{"embeddable":true,"href":"https:\/\/fraterjmj.org\/es\/wp-json\/wp\/v2\/pages\/56"}],"wp:attachment":[{"href":"https:\/\/fraterjmj.org\/es\/wp-json\/wp\/v2\/media?parent=69"}],"curies":[{"name":"wp","href":"https:\/\/api.w.org\/{rel}","templated":true}]}}