{"id":71,"date":"2020-04-20T08:35:18","date_gmt":"2020-04-20T11:35:18","guid":{"rendered":"https:\/\/fraterjmj.org\/es\/\/?page_id=71"},"modified":"2020-08-05T08:01:53","modified_gmt":"2020-08-05T11:01:53","slug":"relacao-com-a-hierarquia-da-igreja","status":"publish","type":"page","link":"https:\/\/fraterjmj.org\/es\/nossa-organizacao\/relacao-com-a-hierarquia-da-igreja\/","title":{"rendered":"Rela\u00e7\u00e3o com a Hierarquia da Igreja"},"content":{"rendered":"<p>Nossa Fundadora <em>\u201cdeixa-nos o testemunho inequ\u00edvoco da sua filial perten\u00e7a \u00e0 Igreja do Senhor, expresso pela acolhida \u00e0s orienta\u00e7\u00f5es de seus leg\u00edtimos representantes\u201d. (Diret\u00f3rio da Fraternidade Jesus Maria Jos\u00e9 34)<\/em> Como ela, nossos membros nutrem sincera e filial venera\u00e7\u00e3o e obedi\u00eancia ao Santo Padre, o Vig\u00e1rio de Cristo. Somos parcela e express\u00e3o viva da Igreja Cat\u00f3lica Apost\u00f3lica Romana, Povo de Deus.<\/p>\n<p><em>\u201cA comunh\u00e3o com o Magist\u00e9rio da Igreja e com as autoridades eclesi\u00e1sticas se<\/em> <em>concretiza na inser\u00e7\u00e3o de nossos membros e Comunidades nas Igrejas<\/em> <em>Particulares em que estamos presentes. Junto com os demais fi\u00e9is congregamos-nos em torno dos seus Pastores<\/em>\u201d. <em>(idem 73) <\/em><\/p>\n<p><em>\u201cNossa atua\u00e7\u00e3o nas par\u00f3quias onde nos encontramos se d\u00e1 sempre em di\u00e1logo, sintonia e comunh\u00e3o com o seu p\u00e1roco. Na par\u00f3quia alimentamo-nos dos sacramentos, exercermos a nossa miss\u00e3o institucional e damos testemunho de vida crist\u00e3 exemplar.\u201d (idem 75) <\/em><\/p>\n<p><em>&#8220;Inserimos-nos, sempre que poss\u00edvel, nos planos pastorais das Par\u00f3quias e das Dioceses onde nos encontramos. <\/em>Ademais,<em> \u201ca perten\u00e7a de nossos membros cl\u00e9rigos \u00e0 Hierarquia da Igreja testemunha o nosso compromisso eclesial e a filial submiss\u00e3o de nossa Fraternidade ao Magist\u00e9rio, na pessoa de nossos leg\u00edtimos Pastores.\u201d (idem 156)<\/em><\/p>\n","protected":false},"excerpt":{"rendered":"<p>Nossa Fundadora \u201cdeixa-nos o testemunho inequ\u00edvoco da sua filial perten\u00e7a \u00e0 Igreja do Senhor, expresso pela acolhida \u00e0s orienta\u00e7\u00f5es de seus leg\u00edtimos representantes\u201d. (Diret\u00f3rio da Fraternidade Jesus Maria Jos\u00e9 34) Como ela, nossos membros nutrem sincera e filial venera\u00e7\u00e3o e obedi\u00eancia ao Santo Padre, o Vig\u00e1rio de Cristo. Somos parcela e express\u00e3o viva da Igreja [&hellip;]<\/p>\n","protected":false},"author":1,"featured_media":0,"parent":56,"menu_order":0,"comment_status":"closed","ping_status":"closed","template":"","meta":[],"acf":[],"yoast_head":"<!-- This site is optimized with the Yoast SEO plugin v19.13 - https:\/\/yoast.com\/wordpress\/plugins\/seo\/ -->\n<title>Rela\u00e7\u00e3o com a Hierarquia da Igreja - Fraternidade Jesus Maria Jos\u00e9<\/title>\n<meta name=\"robots\" content=\"index, follow, max-snippet:-1, max-image-preview:large, max-video-preview:-1\" \/>\n<link rel=\"canonical\" href=\"https:\/\/fraterjmj.org\/es\/nossa-organizacao\/relacao-com-a-hierarquia-da-igreja\/\" \/>\n<meta property=\"og:locale\" content=\"pt_BR\" \/>\n<meta property=\"og:type\" content=\"article\" \/>\n<meta property=\"og:title\" content=\"Rela\u00e7\u00e3o com a Hierarquia da Igreja - Fraternidade Jesus Maria Jos\u00e9\" \/>\n<meta property=\"og:description\" content=\"Nossa Fundadora \u201cdeixa-nos o testemunho inequ\u00edvoco da sua filial perten\u00e7a \u00e0 Igreja do Senhor, expresso pela acolhida \u00e0s orienta\u00e7\u00f5es de seus leg\u00edtimos representantes\u201d. (Diret\u00f3rio da Fraternidade Jesus Maria Jos\u00e9 34) Como ela, nossos membros nutrem sincera e filial venera\u00e7\u00e3o e obedi\u00eancia ao Santo Padre, o Vig\u00e1rio de Cristo. Somos parcela e express\u00e3o viva da Igreja [&hellip;]\" \/>\n<meta property=\"og:url\" content=\"https:\/\/fraterjmj.org\/es\/nossa-organizacao\/relacao-com-a-hierarquia-da-igreja\/\" \/>\n<meta property=\"og:site_name\" content=\"Fraternidade Jesus Maria Jos\u00e9\" \/>\n<meta property=\"article:modified_time\" content=\"2020-08-05T11:01:53+00:00\" \/>\n<meta name=\"twitter:card\" content=\"summary_large_image\" \/>\n<meta name=\"twitter:label1\" content=\"Est. tempo de leitura\" \/>\n\t<meta name=\"twitter:data1\" content=\"1 minuto\" \/>\n<script type=\"application\/ld+json\" class=\"yoast-schema-graph\">{\"@context\":\"https:\/\/schema.org\",\"@graph\":[{\"@type\":\"WebPage\",\"@id\":\"https:\/\/fraterjmj.org\/es\/nossa-organizacao\/relacao-com-a-hierarquia-da-igreja\/\",\"url\":\"https:\/\/fraterjmj.org\/es\/nossa-organizacao\/relacao-com-a-hierarquia-da-igreja\/\",\"name\":\"Rela\u00e7\u00e3o com a Hierarquia da Igreja - Fraternidade Jesus Maria Jos\u00e9\",\"isPartOf\":{\"@id\":\"https:\/\/fraterjmj.org\/es\/#website\"},\"datePublished\":\"2020-04-20T11:35:18+00:00\",\"dateModified\":\"2020-08-05T11:01:53+00:00\",\"breadcrumb\":{\"@id\":\"https:\/\/fraterjmj.org\/es\/nossa-organizacao\/relacao-com-a-hierarquia-da-igreja\/#breadcrumb\"},\"inLanguage\":\"pt-BR\",\"potentialAction\":[{\"@type\":\"ReadAction\",\"target\":[\"https:\/\/fraterjmj.org\/es\/nossa-organizacao\/relacao-com-a-hierarquia-da-igreja\/\"]}]},{\"@type\":\"BreadcrumbList\",\"@id\":\"https:\/\/fraterjmj.org\/es\/nossa-organizacao\/relacao-com-a-hierarquia-da-igreja\/#breadcrumb\",\"itemListElement\":[{\"@type\":\"ListItem\",\"position\":1,\"name\":\"In\u00edcio\",\"item\":\"https:\/\/fraterjmj.org\/es\/\"},{\"@type\":\"ListItem\",\"position\":2,\"name\":\"Nossa Organiza\u00e7\u00e3o\",\"item\":\"https:\/\/fraterjmj.org\/es\/nossa-organizacao\/\"},{\"@type\":\"ListItem\",\"position\":3,\"name\":\"Rela\u00e7\u00e3o com a Hierarquia da Igreja\"}]},{\"@type\":\"WebSite\",\"@id\":\"https:\/\/fraterjmj.org\/es\/#website\",\"url\":\"https:\/\/fraterjmj.org\/es\/\",\"name\":\"Fraternidade Jesus Maria Jos\u00e9\",\"description\":\"\",\"potentialAction\":[{\"@type\":\"SearchAction\",\"target\":{\"@type\":\"EntryPoint\",\"urlTemplate\":\"https:\/\/fraterjmj.org\/es\/?s={search_term_string}\"},\"query-input\":\"required name=search_term_string\"}],\"inLanguage\":\"pt-BR\"}]}<\/script>\n<!-- \/ Yoast SEO plugin. -->","yoast_head_json":{"title":"Rela\u00e7\u00e3o com a Hierarquia da Igreja - Fraternidade Jesus Maria Jos\u00e9","robots":{"index":"index","follow":"follow","max-snippet":"max-snippet:-1","max-image-preview":"max-image-preview:large","max-video-preview":"max-video-preview:-1"},"canonical":"https:\/\/fraterjmj.org\/es\/nossa-organizacao\/relacao-com-a-hierarquia-da-igreja\/","og_locale":"pt_BR","og_type":"article","og_title":"Rela\u00e7\u00e3o com a Hierarquia da Igreja - Fraternidade Jesus Maria Jos\u00e9","og_description":"Nossa Fundadora \u201cdeixa-nos o testemunho inequ\u00edvoco da sua filial perten\u00e7a \u00e0 Igreja do Senhor, expresso pela acolhida \u00e0s orienta\u00e7\u00f5es de seus leg\u00edtimos representantes\u201d. (Diret\u00f3rio da Fraternidade Jesus Maria Jos\u00e9 34) Como ela, nossos membros nutrem sincera e filial venera\u00e7\u00e3o e obedi\u00eancia ao Santo Padre, o Vig\u00e1rio de Cristo. Somos parcela e express\u00e3o viva da Igreja [&hellip;]","og_url":"https:\/\/fraterjmj.org\/es\/nossa-organizacao\/relacao-com-a-hierarquia-da-igreja\/","og_site_name":"Fraternidade Jesus Maria Jos\u00e9","article_modified_time":"2020-08-05T11:01:53+00:00","twitter_card":"summary_large_image","twitter_misc":{"Est. tempo de leitura":"1 minuto"},"schema":{"@context":"https:\/\/schema.org","@graph":[{"@type":"WebPage","@id":"https:\/\/fraterjmj.org\/es\/nossa-organizacao\/relacao-com-a-hierarquia-da-igreja\/","url":"https:\/\/fraterjmj.org\/es\/nossa-organizacao\/relacao-com-a-hierarquia-da-igreja\/","name":"Rela\u00e7\u00e3o com a Hierarquia da Igreja - Fraternidade Jesus Maria Jos\u00e9","isPartOf":{"@id":"https:\/\/fraterjmj.org\/es\/#website"},"datePublished":"2020-04-20T11:35:18+00:00","dateModified":"2020-08-05T11:01:53+00:00","breadcrumb":{"@id":"https:\/\/fraterjmj.org\/es\/nossa-organizacao\/relacao-com-a-hierarquia-da-igreja\/#breadcrumb"},"inLanguage":"pt-BR","potentialAction":[{"@type":"ReadAction","target":["https:\/\/fraterjmj.org\/es\/nossa-organizacao\/relacao-com-a-hierarquia-da-igreja\/"]}]},{"@type":"BreadcrumbList","@id":"https:\/\/fraterjmj.org\/es\/nossa-organizacao\/relacao-com-a-hierarquia-da-igreja\/#breadcrumb","itemListElement":[{"@type":"ListItem","position":1,"name":"In\u00edcio","item":"https:\/\/fraterjmj.org\/es\/"},{"@type":"ListItem","position":2,"name":"Nossa Organiza\u00e7\u00e3o","item":"https:\/\/fraterjmj.org\/es\/nossa-organizacao\/"},{"@type":"ListItem","position":3,"name":"Rela\u00e7\u00e3o com a Hierarquia da Igreja"}]},{"@type":"WebSite","@id":"https:\/\/fraterjmj.org\/es\/#website","url":"https:\/\/fraterjmj.org\/es\/","name":"Fraternidade Jesus Maria Jos\u00e9","description":"","potentialAction":[{"@type":"SearchAction","target":{"@type":"EntryPoint","urlTemplate":"https:\/\/fraterjmj.org\/es\/?s={search_term_string}"},"query-input":"required name=search_term_string"}],"inLanguage":"pt-BR"}]}},"_links":{"self":[{"href":"https:\/\/fraterjmj.org\/es\/wp-json\/wp\/v2\/pages\/71"}],"collection":[{"href":"https:\/\/fraterjmj.org\/es\/wp-json\/wp\/v2\/pages"}],"about":[{"href":"https:\/\/fraterjmj.org\/es\/wp-json\/wp\/v2\/types\/page"}],"author":[{"embeddable":true,"href":"https:\/\/fraterjmj.org\/es\/wp-json\/wp\/v2\/users\/1"}],"replies":[{"embeddable":true,"href":"https:\/\/fraterjmj.org\/es\/wp-json\/wp\/v2\/comments?post=71"}],"version-history":[{"count":0,"href":"https:\/\/fraterjmj.org\/es\/wp-json\/wp\/v2\/pages\/71\/revisions"}],"up":[{"embeddable":true,"href":"https:\/\/fraterjmj.org\/es\/wp-json\/wp\/v2\/pages\/56"}],"wp:attachment":[{"href":"https:\/\/fraterjmj.org\/es\/wp-json\/wp\/v2\/media?parent=71"}],"curies":[{"name":"wp","href":"https:\/\/api.w.org\/{rel}","templated":true}]}}