{"id":75,"date":"2020-04-20T08:38:37","date_gmt":"2020-04-20T11:38:37","guid":{"rendered":"https:\/\/fraterjmj.org\/es\/\/?page_id=75"},"modified":"2020-08-05T08:56:51","modified_gmt":"2020-08-05T11:56:51","slug":"discernimento-vocacional","status":"publish","type":"page","link":"https:\/\/fraterjmj.org\/es\/formacao-e-membros\/discernimento-vocacional\/","title":{"rendered":"Discernimento Vocacional"},"content":{"rendered":"<p>A perten\u00e7a \u00e0 <em>Fraternidade Jesus Maria Jos\u00e9<\/em>, pelo v\u00ednculo com a nossa associa\u00e7\u00e3o, resulta do processo de discernimento vocacional. A esse chamado do Senhor Jesus Cristo, oferecem a sua livre a consciente resposta, os crist\u00e3os maduros em seu compromisso batismal,\u00a0 como Leiga, Leigo ou Sacerdote, casados ou celibat\u00e1rios, engajados e comprometidos na comunh\u00e3o eclesial. Estes, \u00e0 imagem de numerosos cat\u00f3licos em todo o mundo, optam por viver a sua vida laical ou clerical, segundo um carisma particular, cuja autenticidade \u00e9 atestada pela Igreja, como \u00e9 o caso do Carisma legado pela <em>Bem-Aventurada Rita Amada de Jesus<\/em>.<\/p>\n<p><em>\u201cA perten\u00e7a a uma mesma associa\u00e7\u00e3o n\u00e3o esvazia nem compromete a identidade laical ou clerical de cada membro. Viver e compartilhar o mesmo Carisma em estados de vida distintos, ao responder vocacionalmente ao chamado do Senhor em sua Igreja por caminhos diversos, fortalece a op\u00e7\u00e3o de vida crist\u00e3 de cada um de n\u00f3s. Entre os membros da Fraternidade Jesus Maria Jos\u00e9, independentemente de qualquer posi\u00e7\u00e3o hier\u00e1rquica na Igreja, reina rec\u00edproco esp\u00edrito fraterno marcado por profundo afeto e respeito m\u00fatuo.\u201d (Diret\u00f3rio da Fraternidade Jesus Maria Jos\u00e9 146)<\/em><\/p>\n<p>O processo de discernimento vocacional conduz \u00e0 forma\u00e7\u00e3o inicial, necess\u00e1ria ao ingresso na <em>Fraternidade Jesus Maria Jos\u00e9.<\/em> Esse processo conclui-se ap\u00f3s contato com o nosso Carisma, habitualmente pelo relacionamento com um membro e\/ou pela <strong>participa\u00e7\u00e3o em um dos nossos grupos ou comunidades, por pelo menos seis meses<\/strong>. Chegado o momento, o vocacionado solicita iniciar o seu processo formativo inicial, a fim de preparar-se ao ingresso definitivo em nossa associa\u00e7\u00e3o, por meio da profiss\u00e3o da Promessa de Compromisso.<\/p>\n","protected":false},"excerpt":{"rendered":"<p>A perten\u00e7a \u00e0 Fraternidade Jesus Maria Jos\u00e9, pelo v\u00ednculo com a nossa associa\u00e7\u00e3o, resulta do processo de discernimento vocacional. A esse chamado do Senhor Jesus Cristo, oferecem a sua livre a consciente resposta, os crist\u00e3os maduros em seu compromisso batismal,\u00a0 como Leiga, Leigo ou Sacerdote, casados ou celibat\u00e1rios, engajados e comprometidos na comunh\u00e3o eclesial. Estes, [&hellip;]<\/p>\n","protected":false},"author":1,"featured_media":0,"parent":73,"menu_order":0,"comment_status":"closed","ping_status":"closed","template":"","meta":[],"acf":[],"yoast_head":"<!-- This site is optimized with the Yoast SEO plugin v19.13 - https:\/\/yoast.com\/wordpress\/plugins\/seo\/ -->\n<title>Discernimento Vocacional - Fraternidade Jesus Maria Jos\u00e9<\/title>\n<meta name=\"robots\" content=\"index, follow, max-snippet:-1, max-image-preview:large, max-video-preview:-1\" \/>\n<link rel=\"canonical\" href=\"https:\/\/fraterjmj.org\/es\/formacao-e-membros\/discernimento-vocacional\/\" \/>\n<meta property=\"og:locale\" content=\"pt_BR\" \/>\n<meta property=\"og:type\" content=\"article\" \/>\n<meta property=\"og:title\" content=\"Discernimento Vocacional - Fraternidade Jesus Maria Jos\u00e9\" \/>\n<meta property=\"og:description\" content=\"A perten\u00e7a \u00e0 Fraternidade Jesus Maria Jos\u00e9, pelo v\u00ednculo com a nossa associa\u00e7\u00e3o, resulta do processo de discernimento vocacional. A esse chamado do Senhor Jesus Cristo, oferecem a sua livre a consciente resposta, os crist\u00e3os maduros em seu compromisso batismal,\u00a0 como Leiga, Leigo ou Sacerdote, casados ou celibat\u00e1rios, engajados e comprometidos na comunh\u00e3o eclesial. Estes, [&hellip;]\" \/>\n<meta property=\"og:url\" content=\"https:\/\/fraterjmj.org\/es\/formacao-e-membros\/discernimento-vocacional\/\" \/>\n<meta property=\"og:site_name\" content=\"Fraternidade Jesus Maria Jos\u00e9\" \/>\n<meta property=\"article:modified_time\" content=\"2020-08-05T11:56:51+00:00\" \/>\n<meta name=\"twitter:card\" content=\"summary_large_image\" \/>\n<meta name=\"twitter:label1\" content=\"Est. tempo de leitura\" \/>\n\t<meta name=\"twitter:data1\" content=\"1 minuto\" \/>\n<script type=\"application\/ld+json\" class=\"yoast-schema-graph\">{\"@context\":\"https:\/\/schema.org\",\"@graph\":[{\"@type\":\"WebPage\",\"@id\":\"https:\/\/fraterjmj.org\/es\/formacao-e-membros\/discernimento-vocacional\/\",\"url\":\"https:\/\/fraterjmj.org\/es\/formacao-e-membros\/discernimento-vocacional\/\",\"name\":\"Discernimento Vocacional - Fraternidade Jesus Maria Jos\u00e9\",\"isPartOf\":{\"@id\":\"https:\/\/fraterjmj.org\/es\/#website\"},\"datePublished\":\"2020-04-20T11:38:37+00:00\",\"dateModified\":\"2020-08-05T11:56:51+00:00\",\"breadcrumb\":{\"@id\":\"https:\/\/fraterjmj.org\/es\/formacao-e-membros\/discernimento-vocacional\/#breadcrumb\"},\"inLanguage\":\"pt-BR\",\"potentialAction\":[{\"@type\":\"ReadAction\",\"target\":[\"https:\/\/fraterjmj.org\/es\/formacao-e-membros\/discernimento-vocacional\/\"]}]},{\"@type\":\"BreadcrumbList\",\"@id\":\"https:\/\/fraterjmj.org\/es\/formacao-e-membros\/discernimento-vocacional\/#breadcrumb\",\"itemListElement\":[{\"@type\":\"ListItem\",\"position\":1,\"name\":\"In\u00edcio\",\"item\":\"https:\/\/fraterjmj.org\/es\/\"},{\"@type\":\"ListItem\",\"position\":2,\"name\":\"A Forma\u00e7\u00e3o e os Membros\",\"item\":\"https:\/\/fraterjmj.org\/es\/formacao-e-membros\/\"},{\"@type\":\"ListItem\",\"position\":3,\"name\":\"Discernimento Vocacional\"}]},{\"@type\":\"WebSite\",\"@id\":\"https:\/\/fraterjmj.org\/es\/#website\",\"url\":\"https:\/\/fraterjmj.org\/es\/\",\"name\":\"Fraternidade Jesus Maria Jos\u00e9\",\"description\":\"\",\"potentialAction\":[{\"@type\":\"SearchAction\",\"target\":{\"@type\":\"EntryPoint\",\"urlTemplate\":\"https:\/\/fraterjmj.org\/es\/?s={search_term_string}\"},\"query-input\":\"required name=search_term_string\"}],\"inLanguage\":\"pt-BR\"}]}<\/script>\n<!-- \/ Yoast SEO plugin. -->","yoast_head_json":{"title":"Discernimento Vocacional - Fraternidade Jesus Maria Jos\u00e9","robots":{"index":"index","follow":"follow","max-snippet":"max-snippet:-1","max-image-preview":"max-image-preview:large","max-video-preview":"max-video-preview:-1"},"canonical":"https:\/\/fraterjmj.org\/es\/formacao-e-membros\/discernimento-vocacional\/","og_locale":"pt_BR","og_type":"article","og_title":"Discernimento Vocacional - Fraternidade Jesus Maria Jos\u00e9","og_description":"A perten\u00e7a \u00e0 Fraternidade Jesus Maria Jos\u00e9, pelo v\u00ednculo com a nossa associa\u00e7\u00e3o, resulta do processo de discernimento vocacional. A esse chamado do Senhor Jesus Cristo, oferecem a sua livre a consciente resposta, os crist\u00e3os maduros em seu compromisso batismal,\u00a0 como Leiga, Leigo ou Sacerdote, casados ou celibat\u00e1rios, engajados e comprometidos na comunh\u00e3o eclesial. Estes, [&hellip;]","og_url":"https:\/\/fraterjmj.org\/es\/formacao-e-membros\/discernimento-vocacional\/","og_site_name":"Fraternidade Jesus Maria Jos\u00e9","article_modified_time":"2020-08-05T11:56:51+00:00","twitter_card":"summary_large_image","twitter_misc":{"Est. tempo de leitura":"1 minuto"},"schema":{"@context":"https:\/\/schema.org","@graph":[{"@type":"WebPage","@id":"https:\/\/fraterjmj.org\/es\/formacao-e-membros\/discernimento-vocacional\/","url":"https:\/\/fraterjmj.org\/es\/formacao-e-membros\/discernimento-vocacional\/","name":"Discernimento Vocacional - Fraternidade Jesus Maria Jos\u00e9","isPartOf":{"@id":"https:\/\/fraterjmj.org\/es\/#website"},"datePublished":"2020-04-20T11:38:37+00:00","dateModified":"2020-08-05T11:56:51+00:00","breadcrumb":{"@id":"https:\/\/fraterjmj.org\/es\/formacao-e-membros\/discernimento-vocacional\/#breadcrumb"},"inLanguage":"pt-BR","potentialAction":[{"@type":"ReadAction","target":["https:\/\/fraterjmj.org\/es\/formacao-e-membros\/discernimento-vocacional\/"]}]},{"@type":"BreadcrumbList","@id":"https:\/\/fraterjmj.org\/es\/formacao-e-membros\/discernimento-vocacional\/#breadcrumb","itemListElement":[{"@type":"ListItem","position":1,"name":"In\u00edcio","item":"https:\/\/fraterjmj.org\/es\/"},{"@type":"ListItem","position":2,"name":"A Forma\u00e7\u00e3o e os Membros","item":"https:\/\/fraterjmj.org\/es\/formacao-e-membros\/"},{"@type":"ListItem","position":3,"name":"Discernimento Vocacional"}]},{"@type":"WebSite","@id":"https:\/\/fraterjmj.org\/es\/#website","url":"https:\/\/fraterjmj.org\/es\/","name":"Fraternidade Jesus Maria Jos\u00e9","description":"","potentialAction":[{"@type":"SearchAction","target":{"@type":"EntryPoint","urlTemplate":"https:\/\/fraterjmj.org\/es\/?s={search_term_string}"},"query-input":"required name=search_term_string"}],"inLanguage":"pt-BR"}]}},"_links":{"self":[{"href":"https:\/\/fraterjmj.org\/es\/wp-json\/wp\/v2\/pages\/75"}],"collection":[{"href":"https:\/\/fraterjmj.org\/es\/wp-json\/wp\/v2\/pages"}],"about":[{"href":"https:\/\/fraterjmj.org\/es\/wp-json\/wp\/v2\/types\/page"}],"author":[{"embeddable":true,"href":"https:\/\/fraterjmj.org\/es\/wp-json\/wp\/v2\/users\/1"}],"replies":[{"embeddable":true,"href":"https:\/\/fraterjmj.org\/es\/wp-json\/wp\/v2\/comments?post=75"}],"version-history":[{"count":0,"href":"https:\/\/fraterjmj.org\/es\/wp-json\/wp\/v2\/pages\/75\/revisions"}],"up":[{"embeddable":true,"href":"https:\/\/fraterjmj.org\/es\/wp-json\/wp\/v2\/pages\/73"}],"wp:attachment":[{"href":"https:\/\/fraterjmj.org\/es\/wp-json\/wp\/v2\/media?parent=75"}],"curies":[{"name":"wp","href":"https:\/\/api.w.org\/{rel}","templated":true}]}}