{"id":77,"date":"2020-04-20T08:38:54","date_gmt":"2020-04-20T11:38:54","guid":{"rendered":"https:\/\/fraterjmj.org\/es\/\/?page_id=77"},"modified":"2020-08-05T08:55:07","modified_gmt":"2020-08-05T11:55:07","slug":"etapas-e-processo-de-formacao","status":"publish","type":"page","link":"https:\/\/fraterjmj.org\/es\/formacao-e-membros\/etapas-e-processo-de-formacao\/","title":{"rendered":"Etapas e Processo de Forma\u00e7\u00e3o Inicial"},"content":{"rendered":"<p><em>\u201cJesus ao chamar seus disc\u00edpulos, olha nos olhos e diz: &#8216;Vem e Segue-me&#8217;. Se nem sempre Ele chama os mais capacitados, Ele jamais deixa de capacitar aos que chama, e a estes confere a gra\u00e7a necess\u00e1ria para exercer a miss\u00e3o que lhes confia. Antes de tudo \u00e9 o Seu Esp\u00edrito que forma a seus disc\u00edpulos, na exata medida da abertura de cada um para que a Sua a\u00e7\u00e3o opere a trans-forma\u00e7\u00e3o necess\u00e1ria. O Senhor considera e respeita a livre resposta e os dons pessoais quando age em n\u00f3s.\u201d (Diret\u00f3rio da Fraternidade Jesus Maria Jos\u00e9 160)<\/em><\/p>\n<p>O Esp\u00edrito Santo \u00e9 quem realmente forma a cada um, na medida da acolhida e abertura \u00e0 Sua a\u00e7\u00e3o, pois s\u00f3 Ele nos d\u00e1 a compreens\u00e3o exata <em>\u201cdas coisas de Deus\u201d<\/em>, em que pesem o positivo e necess\u00e1rio cons\u00f3rcio de todos os instrumentos humanos \u00e0 nossa disposi\u00e7\u00e3o. <em>\u201cO Consolador, que \u00e9 o Esp\u00edrito Santo, que o Pai enviar\u00e1 em meu nome, ele vos ensinar\u00e1 todas as coisas, e vos trar\u00e1 a lembran\u00e7as todas as coisas, tudo quanto eu vos tenho dito.\u201d (Jo. 14, 21-26)<\/em><\/p>\n<p>A integral resposta a um chamado do Senhor Jesus Cristo recomenda que o crist\u00e3o se submeta a um processo de forma\u00e7\u00e3o, do qual ele ser\u00e1 o protagonista. Ap\u00f3s o discernimento vocacional, o candidato que decide ingressar em nossa associa\u00e7\u00e3o, aceita percorrer um itiner\u00e1rio formativo. Tal itiner\u00e1rio \u00e9 elaborado com o fito de lhe integrar e capacitar adequada e convenientemente para viver o compromisso que desejam assumir no seio da Fraternidade Jesus Maria Jos\u00e9. <em>(cf. Diret\u00f3rio da Fraternidade Jesus Maria Jos\u00e9 159)<\/em><\/p>\n<p>\u00c9 oferecida ao candidato uma forma\u00e7\u00e3o inicial, sistem\u00e1tica e estruturada. <em>(cf. idem 164)<\/em> A partir do momento que a forma\u00e7\u00e3o se inicia, pela participa\u00e7\u00e3o ass\u00eddua e integral na vida do grupo ou comunidade, o candidato percorre formalmente as etapas previstas para o seu processo de forma\u00e7\u00e3o. <em>(cf. idem 165)<\/em> <em><strong>\u201cO processo de forma\u00e7\u00e3o inicial se estende ordinariamente por dezoito meses<\/strong>, e antecede o compromisso definitivo. <strong>Esse tempo \u00e9 dividido em tr\u00eas etapas semestrais<\/strong>, com tem\u00e1tica formativa espec\u00edfica para cada etapa.\u201d (idem 166)<\/em><\/p>\n<p>A forma\u00e7\u00e3o que oferecemos em nossos grupos ou comunidades propicia tanto o permanente crescimento na f\u00e9, necess\u00e1ria a todo o crist\u00e3o, quanto a devida inicia\u00e7\u00e3o \u00e0 espiritualidade e \u00e0 miss\u00e3o de nosso Carisma, e aos objetivos e estruturas de nossa associa\u00e7\u00e3o. Em nosso processo de forma\u00e7\u00e3o inicial a participa\u00e7\u00e3o no grupo ou comunidade \u00e9 elemento central. Consideramos que o candidato que solicita o seu ingresso em nossa associa\u00e7\u00e3o j\u00e1 foi ou est\u00e1 sendo iniciando \u00e0 vida crist\u00e3.<\/p>\n","protected":false},"excerpt":{"rendered":"<p>\u201cJesus ao chamar seus disc\u00edpulos, olha nos olhos e diz: &#8216;Vem e Segue-me&#8217;. Se nem sempre Ele chama os mais capacitados, Ele jamais deixa de capacitar aos que chama, e a estes confere a gra\u00e7a necess\u00e1ria para exercer a miss\u00e3o que lhes confia. Antes de tudo \u00e9 o Seu Esp\u00edrito que forma a seus disc\u00edpulos, [&hellip;]<\/p>\n","protected":false},"author":1,"featured_media":0,"parent":73,"menu_order":0,"comment_status":"closed","ping_status":"closed","template":"","meta":[],"acf":[],"yoast_head":"<!-- This site is optimized with the Yoast SEO plugin v19.13 - https:\/\/yoast.com\/wordpress\/plugins\/seo\/ -->\n<title>Etapas e Processo de Forma\u00e7\u00e3o Inicial - Fraternidade Jesus Maria Jos\u00e9<\/title>\n<meta name=\"robots\" content=\"index, follow, max-snippet:-1, max-image-preview:large, max-video-preview:-1\" \/>\n<link rel=\"canonical\" href=\"https:\/\/fraterjmj.org\/es\/formacao-e-membros\/etapas-e-processo-de-formacao\/\" \/>\n<meta property=\"og:locale\" content=\"pt_BR\" \/>\n<meta property=\"og:type\" content=\"article\" \/>\n<meta property=\"og:title\" content=\"Etapas e Processo de Forma\u00e7\u00e3o Inicial - Fraternidade Jesus Maria Jos\u00e9\" \/>\n<meta property=\"og:description\" content=\"\u201cJesus ao chamar seus disc\u00edpulos, olha nos olhos e diz: &#8216;Vem e Segue-me&#8217;. Se nem sempre Ele chama os mais capacitados, Ele jamais deixa de capacitar aos que chama, e a estes confere a gra\u00e7a necess\u00e1ria para exercer a miss\u00e3o que lhes confia. Antes de tudo \u00e9 o Seu Esp\u00edrito que forma a seus disc\u00edpulos, [&hellip;]\" \/>\n<meta property=\"og:url\" content=\"https:\/\/fraterjmj.org\/es\/formacao-e-membros\/etapas-e-processo-de-formacao\/\" \/>\n<meta property=\"og:site_name\" content=\"Fraternidade Jesus Maria Jos\u00e9\" \/>\n<meta property=\"article:modified_time\" content=\"2020-08-05T11:55:07+00:00\" \/>\n<meta name=\"twitter:card\" content=\"summary_large_image\" \/>\n<meta name=\"twitter:label1\" content=\"Est. tempo de leitura\" \/>\n\t<meta name=\"twitter:data1\" content=\"2 minutos\" \/>\n<script type=\"application\/ld+json\" class=\"yoast-schema-graph\">{\"@context\":\"https:\/\/schema.org\",\"@graph\":[{\"@type\":\"WebPage\",\"@id\":\"https:\/\/fraterjmj.org\/es\/formacao-e-membros\/etapas-e-processo-de-formacao\/\",\"url\":\"https:\/\/fraterjmj.org\/es\/formacao-e-membros\/etapas-e-processo-de-formacao\/\",\"name\":\"Etapas e Processo de Forma\u00e7\u00e3o Inicial - Fraternidade Jesus Maria Jos\u00e9\",\"isPartOf\":{\"@id\":\"https:\/\/fraterjmj.org\/es\/#website\"},\"datePublished\":\"2020-04-20T11:38:54+00:00\",\"dateModified\":\"2020-08-05T11:55:07+00:00\",\"breadcrumb\":{\"@id\":\"https:\/\/fraterjmj.org\/es\/formacao-e-membros\/etapas-e-processo-de-formacao\/#breadcrumb\"},\"inLanguage\":\"pt-BR\",\"potentialAction\":[{\"@type\":\"ReadAction\",\"target\":[\"https:\/\/fraterjmj.org\/es\/formacao-e-membros\/etapas-e-processo-de-formacao\/\"]}]},{\"@type\":\"BreadcrumbList\",\"@id\":\"https:\/\/fraterjmj.org\/es\/formacao-e-membros\/etapas-e-processo-de-formacao\/#breadcrumb\",\"itemListElement\":[{\"@type\":\"ListItem\",\"position\":1,\"name\":\"In\u00edcio\",\"item\":\"https:\/\/fraterjmj.org\/es\/\"},{\"@type\":\"ListItem\",\"position\":2,\"name\":\"A Forma\u00e7\u00e3o e os Membros\",\"item\":\"https:\/\/fraterjmj.org\/es\/formacao-e-membros\/\"},{\"@type\":\"ListItem\",\"position\":3,\"name\":\"Etapas e Processo de Forma\u00e7\u00e3o Inicial\"}]},{\"@type\":\"WebSite\",\"@id\":\"https:\/\/fraterjmj.org\/es\/#website\",\"url\":\"https:\/\/fraterjmj.org\/es\/\",\"name\":\"Fraternidade Jesus Maria Jos\u00e9\",\"description\":\"\",\"potentialAction\":[{\"@type\":\"SearchAction\",\"target\":{\"@type\":\"EntryPoint\",\"urlTemplate\":\"https:\/\/fraterjmj.org\/es\/?s={search_term_string}\"},\"query-input\":\"required name=search_term_string\"}],\"inLanguage\":\"pt-BR\"}]}<\/script>\n<!-- \/ Yoast SEO plugin. -->","yoast_head_json":{"title":"Etapas e Processo de Forma\u00e7\u00e3o Inicial - Fraternidade Jesus Maria Jos\u00e9","robots":{"index":"index","follow":"follow","max-snippet":"max-snippet:-1","max-image-preview":"max-image-preview:large","max-video-preview":"max-video-preview:-1"},"canonical":"https:\/\/fraterjmj.org\/es\/formacao-e-membros\/etapas-e-processo-de-formacao\/","og_locale":"pt_BR","og_type":"article","og_title":"Etapas e Processo de Forma\u00e7\u00e3o Inicial - Fraternidade Jesus Maria Jos\u00e9","og_description":"\u201cJesus ao chamar seus disc\u00edpulos, olha nos olhos e diz: &#8216;Vem e Segue-me&#8217;. Se nem sempre Ele chama os mais capacitados, Ele jamais deixa de capacitar aos que chama, e a estes confere a gra\u00e7a necess\u00e1ria para exercer a miss\u00e3o que lhes confia. Antes de tudo \u00e9 o Seu Esp\u00edrito que forma a seus disc\u00edpulos, [&hellip;]","og_url":"https:\/\/fraterjmj.org\/es\/formacao-e-membros\/etapas-e-processo-de-formacao\/","og_site_name":"Fraternidade Jesus Maria Jos\u00e9","article_modified_time":"2020-08-05T11:55:07+00:00","twitter_card":"summary_large_image","twitter_misc":{"Est. tempo de leitura":"2 minutos"},"schema":{"@context":"https:\/\/schema.org","@graph":[{"@type":"WebPage","@id":"https:\/\/fraterjmj.org\/es\/formacao-e-membros\/etapas-e-processo-de-formacao\/","url":"https:\/\/fraterjmj.org\/es\/formacao-e-membros\/etapas-e-processo-de-formacao\/","name":"Etapas e Processo de Forma\u00e7\u00e3o Inicial - Fraternidade Jesus Maria Jos\u00e9","isPartOf":{"@id":"https:\/\/fraterjmj.org\/es\/#website"},"datePublished":"2020-04-20T11:38:54+00:00","dateModified":"2020-08-05T11:55:07+00:00","breadcrumb":{"@id":"https:\/\/fraterjmj.org\/es\/formacao-e-membros\/etapas-e-processo-de-formacao\/#breadcrumb"},"inLanguage":"pt-BR","potentialAction":[{"@type":"ReadAction","target":["https:\/\/fraterjmj.org\/es\/formacao-e-membros\/etapas-e-processo-de-formacao\/"]}]},{"@type":"BreadcrumbList","@id":"https:\/\/fraterjmj.org\/es\/formacao-e-membros\/etapas-e-processo-de-formacao\/#breadcrumb","itemListElement":[{"@type":"ListItem","position":1,"name":"In\u00edcio","item":"https:\/\/fraterjmj.org\/es\/"},{"@type":"ListItem","position":2,"name":"A Forma\u00e7\u00e3o e os Membros","item":"https:\/\/fraterjmj.org\/es\/formacao-e-membros\/"},{"@type":"ListItem","position":3,"name":"Etapas e Processo de Forma\u00e7\u00e3o Inicial"}]},{"@type":"WebSite","@id":"https:\/\/fraterjmj.org\/es\/#website","url":"https:\/\/fraterjmj.org\/es\/","name":"Fraternidade Jesus Maria Jos\u00e9","description":"","potentialAction":[{"@type":"SearchAction","target":{"@type":"EntryPoint","urlTemplate":"https:\/\/fraterjmj.org\/es\/?s={search_term_string}"},"query-input":"required name=search_term_string"}],"inLanguage":"pt-BR"}]}},"_links":{"self":[{"href":"https:\/\/fraterjmj.org\/es\/wp-json\/wp\/v2\/pages\/77"}],"collection":[{"href":"https:\/\/fraterjmj.org\/es\/wp-json\/wp\/v2\/pages"}],"about":[{"href":"https:\/\/fraterjmj.org\/es\/wp-json\/wp\/v2\/types\/page"}],"author":[{"embeddable":true,"href":"https:\/\/fraterjmj.org\/es\/wp-json\/wp\/v2\/users\/1"}],"replies":[{"embeddable":true,"href":"https:\/\/fraterjmj.org\/es\/wp-json\/wp\/v2\/comments?post=77"}],"version-history":[{"count":0,"href":"https:\/\/fraterjmj.org\/es\/wp-json\/wp\/v2\/pages\/77\/revisions"}],"up":[{"embeddable":true,"href":"https:\/\/fraterjmj.org\/es\/wp-json\/wp\/v2\/pages\/73"}],"wp:attachment":[{"href":"https:\/\/fraterjmj.org\/es\/wp-json\/wp\/v2\/media?parent=77"}],"curies":[{"name":"wp","href":"https:\/\/api.w.org\/{rel}","templated":true}]}}