{"id":79,"date":"2020-04-20T08:39:10","date_gmt":"2020-04-20T11:39:10","guid":{"rendered":"https:\/\/fraterjmj.org\/es\/\/?page_id=79"},"modified":"2020-08-05T09:13:12","modified_gmt":"2020-08-05T12:13:12","slug":"membros-candidatos","status":"publish","type":"page","link":"https:\/\/fraterjmj.org\/es\/formacao-e-membros\/membros-candidatos\/","title":{"rendered":"Membros Candidatos"},"content":{"rendered":"<p>A primeira categoria de perten\u00e7a \u00e0 <em>Fraternidade Jesus Maria Jos\u00e9<\/em> \u00e9 a de <strong>Membro Candidato<\/strong>.<\/p>\n<p>Ao come\u00e7ar o seu processo de forma\u00e7\u00e3o inicial em nossa associa\u00e7\u00e3o de fi\u00e9is, o Membro Candidato convive e partilha seu projeto pessoal com os que tamb\u00e9m se encontram em processo formativo, mas, sobretudo, com os que j\u00e1 ingressaram definitivamente em nossas fileiras. Esse tempo de conviv\u00eancia permite ao Membro Candidato viver o seu processo formativo no amadurecimento da op\u00e7\u00e3o de viver a sua vida crist\u00e3o, segundo o Carisma de <em>Rita Amada de Jesus. (cf. Diret\u00f3rio da Fraternidade Jesus Maria Jos\u00e9 161)<\/em> <strong>A conviv\u00eancia com um grupo ou comunidade \u00e9 elemento central no processo formativo.<\/strong><\/p>\n<p>O Membro Candidato considera os que j\u00e1 tornaram-se Membros Efetivos de nossa associa\u00e7\u00e3o de fi\u00e9is, como \u201c<em>mestres<\/em>\u201d a servi\u00e7o de seu processo de forma\u00e7\u00e3o, no qual ele considera-se \u201c<em>disc\u00edpulo<\/em>\u201d. O candidato responde com docilidade, humildade e disponibilidade \u00e0s orienta\u00e7\u00f5es dos Membros Efetivos, <em>(cf. idem 162)<\/em> sem jamais esquecer que o Esp\u00edrito Santo \u00e9 o grande formador; assim como o foi de Jesus Cristo no seio da Sagrada Fam\u00edlia em Nazar\u00e9, Ele segue sendo no seio de nossa associa\u00e7\u00e3o.<\/p>\n<p>Ao final do <strong>tempo m\u00ednimo previsto de dezoito meses para o processo de forma\u00e7\u00e3o inicial<\/strong>, o Membro Candidato decide, livre e conscientemente, solicitar o seu ingresso definitivo na <em>Fraternidade Jesus Maria Jos\u00e9<\/em>.<\/p>\n","protected":false},"excerpt":{"rendered":"<p>A primeira categoria de perten\u00e7a \u00e0 Fraternidade Jesus Maria Jos\u00e9 \u00e9 a de Membro Candidato. Ao come\u00e7ar o seu processo de forma\u00e7\u00e3o inicial em nossa associa\u00e7\u00e3o de fi\u00e9is, o Membro Candidato convive e partilha seu projeto pessoal com os que tamb\u00e9m se encontram em processo formativo, mas, sobretudo, com os que j\u00e1 ingressaram definitivamente em [&hellip;]<\/p>\n","protected":false},"author":1,"featured_media":0,"parent":73,"menu_order":0,"comment_status":"closed","ping_status":"closed","template":"","meta":[],"acf":[],"yoast_head":"<!-- This site is optimized with the Yoast SEO plugin v19.13 - https:\/\/yoast.com\/wordpress\/plugins\/seo\/ -->\n<title>Membros Candidatos - Fraternidade Jesus Maria Jos\u00e9<\/title>\n<meta name=\"robots\" content=\"index, follow, max-snippet:-1, max-image-preview:large, max-video-preview:-1\" \/>\n<link rel=\"canonical\" href=\"https:\/\/fraterjmj.org\/es\/formacao-e-membros\/membros-candidatos\/\" \/>\n<meta property=\"og:locale\" content=\"pt_BR\" \/>\n<meta property=\"og:type\" content=\"article\" \/>\n<meta property=\"og:title\" content=\"Membros Candidatos - Fraternidade Jesus Maria Jos\u00e9\" \/>\n<meta property=\"og:description\" content=\"A primeira categoria de perten\u00e7a \u00e0 Fraternidade Jesus Maria Jos\u00e9 \u00e9 a de Membro Candidato. Ao come\u00e7ar o seu processo de forma\u00e7\u00e3o inicial em nossa associa\u00e7\u00e3o de fi\u00e9is, o Membro Candidato convive e partilha seu projeto pessoal com os que tamb\u00e9m se encontram em processo formativo, mas, sobretudo, com os que j\u00e1 ingressaram definitivamente em [&hellip;]\" \/>\n<meta property=\"og:url\" content=\"https:\/\/fraterjmj.org\/es\/formacao-e-membros\/membros-candidatos\/\" \/>\n<meta property=\"og:site_name\" content=\"Fraternidade Jesus Maria Jos\u00e9\" \/>\n<meta property=\"article:modified_time\" content=\"2020-08-05T12:13:12+00:00\" \/>\n<meta name=\"twitter:card\" content=\"summary_large_image\" \/>\n<meta name=\"twitter:label1\" content=\"Est. tempo de leitura\" \/>\n\t<meta name=\"twitter:data1\" content=\"1 minuto\" \/>\n<script type=\"application\/ld+json\" class=\"yoast-schema-graph\">{\"@context\":\"https:\/\/schema.org\",\"@graph\":[{\"@type\":\"WebPage\",\"@id\":\"https:\/\/fraterjmj.org\/es\/formacao-e-membros\/membros-candidatos\/\",\"url\":\"https:\/\/fraterjmj.org\/es\/formacao-e-membros\/membros-candidatos\/\",\"name\":\"Membros Candidatos - Fraternidade Jesus Maria Jos\u00e9\",\"isPartOf\":{\"@id\":\"https:\/\/fraterjmj.org\/es\/#website\"},\"datePublished\":\"2020-04-20T11:39:10+00:00\",\"dateModified\":\"2020-08-05T12:13:12+00:00\",\"breadcrumb\":{\"@id\":\"https:\/\/fraterjmj.org\/es\/formacao-e-membros\/membros-candidatos\/#breadcrumb\"},\"inLanguage\":\"pt-BR\",\"potentialAction\":[{\"@type\":\"ReadAction\",\"target\":[\"https:\/\/fraterjmj.org\/es\/formacao-e-membros\/membros-candidatos\/\"]}]},{\"@type\":\"BreadcrumbList\",\"@id\":\"https:\/\/fraterjmj.org\/es\/formacao-e-membros\/membros-candidatos\/#breadcrumb\",\"itemListElement\":[{\"@type\":\"ListItem\",\"position\":1,\"name\":\"In\u00edcio\",\"item\":\"https:\/\/fraterjmj.org\/es\/\"},{\"@type\":\"ListItem\",\"position\":2,\"name\":\"A Forma\u00e7\u00e3o e os Membros\",\"item\":\"https:\/\/fraterjmj.org\/es\/formacao-e-membros\/\"},{\"@type\":\"ListItem\",\"position\":3,\"name\":\"Membros Candidatos\"}]},{\"@type\":\"WebSite\",\"@id\":\"https:\/\/fraterjmj.org\/es\/#website\",\"url\":\"https:\/\/fraterjmj.org\/es\/\",\"name\":\"Fraternidade Jesus Maria Jos\u00e9\",\"description\":\"\",\"potentialAction\":[{\"@type\":\"SearchAction\",\"target\":{\"@type\":\"EntryPoint\",\"urlTemplate\":\"https:\/\/fraterjmj.org\/es\/?s={search_term_string}\"},\"query-input\":\"required name=search_term_string\"}],\"inLanguage\":\"pt-BR\"}]}<\/script>\n<!-- \/ Yoast SEO plugin. -->","yoast_head_json":{"title":"Membros Candidatos - Fraternidade Jesus Maria Jos\u00e9","robots":{"index":"index","follow":"follow","max-snippet":"max-snippet:-1","max-image-preview":"max-image-preview:large","max-video-preview":"max-video-preview:-1"},"canonical":"https:\/\/fraterjmj.org\/es\/formacao-e-membros\/membros-candidatos\/","og_locale":"pt_BR","og_type":"article","og_title":"Membros Candidatos - Fraternidade Jesus Maria Jos\u00e9","og_description":"A primeira categoria de perten\u00e7a \u00e0 Fraternidade Jesus Maria Jos\u00e9 \u00e9 a de Membro Candidato. Ao come\u00e7ar o seu processo de forma\u00e7\u00e3o inicial em nossa associa\u00e7\u00e3o de fi\u00e9is, o Membro Candidato convive e partilha seu projeto pessoal com os que tamb\u00e9m se encontram em processo formativo, mas, sobretudo, com os que j\u00e1 ingressaram definitivamente em [&hellip;]","og_url":"https:\/\/fraterjmj.org\/es\/formacao-e-membros\/membros-candidatos\/","og_site_name":"Fraternidade Jesus Maria Jos\u00e9","article_modified_time":"2020-08-05T12:13:12+00:00","twitter_card":"summary_large_image","twitter_misc":{"Est. tempo de leitura":"1 minuto"},"schema":{"@context":"https:\/\/schema.org","@graph":[{"@type":"WebPage","@id":"https:\/\/fraterjmj.org\/es\/formacao-e-membros\/membros-candidatos\/","url":"https:\/\/fraterjmj.org\/es\/formacao-e-membros\/membros-candidatos\/","name":"Membros Candidatos - Fraternidade Jesus Maria Jos\u00e9","isPartOf":{"@id":"https:\/\/fraterjmj.org\/es\/#website"},"datePublished":"2020-04-20T11:39:10+00:00","dateModified":"2020-08-05T12:13:12+00:00","breadcrumb":{"@id":"https:\/\/fraterjmj.org\/es\/formacao-e-membros\/membros-candidatos\/#breadcrumb"},"inLanguage":"pt-BR","potentialAction":[{"@type":"ReadAction","target":["https:\/\/fraterjmj.org\/es\/formacao-e-membros\/membros-candidatos\/"]}]},{"@type":"BreadcrumbList","@id":"https:\/\/fraterjmj.org\/es\/formacao-e-membros\/membros-candidatos\/#breadcrumb","itemListElement":[{"@type":"ListItem","position":1,"name":"In\u00edcio","item":"https:\/\/fraterjmj.org\/es\/"},{"@type":"ListItem","position":2,"name":"A Forma\u00e7\u00e3o e os Membros","item":"https:\/\/fraterjmj.org\/es\/formacao-e-membros\/"},{"@type":"ListItem","position":3,"name":"Membros Candidatos"}]},{"@type":"WebSite","@id":"https:\/\/fraterjmj.org\/es\/#website","url":"https:\/\/fraterjmj.org\/es\/","name":"Fraternidade Jesus Maria Jos\u00e9","description":"","potentialAction":[{"@type":"SearchAction","target":{"@type":"EntryPoint","urlTemplate":"https:\/\/fraterjmj.org\/es\/?s={search_term_string}"},"query-input":"required name=search_term_string"}],"inLanguage":"pt-BR"}]}},"_links":{"self":[{"href":"https:\/\/fraterjmj.org\/es\/wp-json\/wp\/v2\/pages\/79"}],"collection":[{"href":"https:\/\/fraterjmj.org\/es\/wp-json\/wp\/v2\/pages"}],"about":[{"href":"https:\/\/fraterjmj.org\/es\/wp-json\/wp\/v2\/types\/page"}],"author":[{"embeddable":true,"href":"https:\/\/fraterjmj.org\/es\/wp-json\/wp\/v2\/users\/1"}],"replies":[{"embeddable":true,"href":"https:\/\/fraterjmj.org\/es\/wp-json\/wp\/v2\/comments?post=79"}],"version-history":[{"count":0,"href":"https:\/\/fraterjmj.org\/es\/wp-json\/wp\/v2\/pages\/79\/revisions"}],"up":[{"embeddable":true,"href":"https:\/\/fraterjmj.org\/es\/wp-json\/wp\/v2\/pages\/73"}],"wp:attachment":[{"href":"https:\/\/fraterjmj.org\/es\/wp-json\/wp\/v2\/media?parent=79"}],"curies":[{"name":"wp","href":"https:\/\/api.w.org\/{rel}","templated":true}]}}