{"id":81,"date":"2020-04-20T08:39:25","date_gmt":"2020-04-20T11:39:25","guid":{"rendered":"https:\/\/fraterjmj.org\/es\/\/?page_id=81"},"modified":"2020-08-05T09:12:54","modified_gmt":"2020-08-05T12:12:54","slug":"membros-cooperadores","status":"publish","type":"page","link":"https:\/\/fraterjmj.org\/es\/formacao-e-membros\/membros-cooperadores\/","title":{"rendered":"Membros Cooperadores"},"content":{"rendered":"<p>A segunda categoria de perten\u00e7a \u00e0 <em>Fraternidade Jesus Maria Jos\u00e9<\/em> \u00e9 a de <strong>Membro Cooperador.<\/strong><\/p>\n<p>O Membro Candidato, ap\u00f3s percorrer o itiner\u00e1rio da forma\u00e7\u00e3o inicial, e ser admitido ao ingresso em nossa associa\u00e7\u00e3o, caso o deseje poder\u00e1 optar por se vincular como Membro Cooperador. Essa condi\u00e7\u00e3o lhe permite participar de todas as atividades da sua Comunidade, usufruir dos seus benef\u00edcios espirituais, perseguir os objetivos institucionais, viver e difundir o Carisma de <em>Rita Amada de Jesus<\/em>, sem, no entanto, professar a Promessa de Compromisso.<\/p>\n<p>Ao Membro Cooperador n\u00e3o se pode imputar, no seio da nossa associa\u00e7\u00e3o, nenhum dever e\/ou direito de natureza jur\u00eddica. A qualquer momento, ao desejar e\/ou ap\u00f3s regularizar algum \u00f3bice pessoal, o Membro Cooperador pode requerer a sua admiss\u00e3o definitiva. <em>(cf. Diret\u00f3rio da Fraternidade Jesus Maria Jos\u00e9 175) <\/em>Essa categoria \u00e9 sempre excepcional e, habitualmente, provis\u00f3ria.<\/p>\n","protected":false},"excerpt":{"rendered":"<p>A segunda categoria de perten\u00e7a \u00e0 Fraternidade Jesus Maria Jos\u00e9 \u00e9 a de Membro Cooperador. O Membro Candidato, ap\u00f3s percorrer o itiner\u00e1rio da forma\u00e7\u00e3o inicial, e ser admitido ao ingresso em nossa associa\u00e7\u00e3o, caso o deseje poder\u00e1 optar por se vincular como Membro Cooperador. Essa condi\u00e7\u00e3o lhe permite participar de todas as atividades da sua [&hellip;]<\/p>\n","protected":false},"author":1,"featured_media":0,"parent":73,"menu_order":0,"comment_status":"closed","ping_status":"closed","template":"","meta":[],"acf":[],"yoast_head":"<!-- This site is optimized with the Yoast SEO plugin v19.13 - https:\/\/yoast.com\/wordpress\/plugins\/seo\/ -->\n<title>Membros Cooperadores - Fraternidade Jesus Maria Jos\u00e9<\/title>\n<meta name=\"robots\" content=\"index, follow, max-snippet:-1, max-image-preview:large, max-video-preview:-1\" \/>\n<link rel=\"canonical\" href=\"https:\/\/fraterjmj.org\/es\/formacao-e-membros\/membros-cooperadores\/\" \/>\n<meta property=\"og:locale\" content=\"pt_BR\" \/>\n<meta property=\"og:type\" content=\"article\" \/>\n<meta property=\"og:title\" content=\"Membros Cooperadores - Fraternidade Jesus Maria Jos\u00e9\" \/>\n<meta property=\"og:description\" content=\"A segunda categoria de perten\u00e7a \u00e0 Fraternidade Jesus Maria Jos\u00e9 \u00e9 a de Membro Cooperador. O Membro Candidato, ap\u00f3s percorrer o itiner\u00e1rio da forma\u00e7\u00e3o inicial, e ser admitido ao ingresso em nossa associa\u00e7\u00e3o, caso o deseje poder\u00e1 optar por se vincular como Membro Cooperador. Essa condi\u00e7\u00e3o lhe permite participar de todas as atividades da sua [&hellip;]\" \/>\n<meta property=\"og:url\" content=\"https:\/\/fraterjmj.org\/es\/formacao-e-membros\/membros-cooperadores\/\" \/>\n<meta property=\"og:site_name\" content=\"Fraternidade Jesus Maria Jos\u00e9\" \/>\n<meta property=\"article:modified_time\" content=\"2020-08-05T12:12:54+00:00\" \/>\n<meta name=\"twitter:card\" content=\"summary_large_image\" \/>\n<meta name=\"twitter:label1\" content=\"Est. tempo de leitura\" \/>\n\t<meta name=\"twitter:data1\" content=\"1 minuto\" \/>\n<script type=\"application\/ld+json\" class=\"yoast-schema-graph\">{\"@context\":\"https:\/\/schema.org\",\"@graph\":[{\"@type\":\"WebPage\",\"@id\":\"https:\/\/fraterjmj.org\/es\/formacao-e-membros\/membros-cooperadores\/\",\"url\":\"https:\/\/fraterjmj.org\/es\/formacao-e-membros\/membros-cooperadores\/\",\"name\":\"Membros Cooperadores - Fraternidade Jesus Maria Jos\u00e9\",\"isPartOf\":{\"@id\":\"https:\/\/fraterjmj.org\/es\/#website\"},\"datePublished\":\"2020-04-20T11:39:25+00:00\",\"dateModified\":\"2020-08-05T12:12:54+00:00\",\"breadcrumb\":{\"@id\":\"https:\/\/fraterjmj.org\/es\/formacao-e-membros\/membros-cooperadores\/#breadcrumb\"},\"inLanguage\":\"pt-BR\",\"potentialAction\":[{\"@type\":\"ReadAction\",\"target\":[\"https:\/\/fraterjmj.org\/es\/formacao-e-membros\/membros-cooperadores\/\"]}]},{\"@type\":\"BreadcrumbList\",\"@id\":\"https:\/\/fraterjmj.org\/es\/formacao-e-membros\/membros-cooperadores\/#breadcrumb\",\"itemListElement\":[{\"@type\":\"ListItem\",\"position\":1,\"name\":\"In\u00edcio\",\"item\":\"https:\/\/fraterjmj.org\/es\/\"},{\"@type\":\"ListItem\",\"position\":2,\"name\":\"A Forma\u00e7\u00e3o e os Membros\",\"item\":\"https:\/\/fraterjmj.org\/es\/formacao-e-membros\/\"},{\"@type\":\"ListItem\",\"position\":3,\"name\":\"Membros Cooperadores\"}]},{\"@type\":\"WebSite\",\"@id\":\"https:\/\/fraterjmj.org\/es\/#website\",\"url\":\"https:\/\/fraterjmj.org\/es\/\",\"name\":\"Fraternidade Jesus Maria Jos\u00e9\",\"description\":\"\",\"potentialAction\":[{\"@type\":\"SearchAction\",\"target\":{\"@type\":\"EntryPoint\",\"urlTemplate\":\"https:\/\/fraterjmj.org\/es\/?s={search_term_string}\"},\"query-input\":\"required name=search_term_string\"}],\"inLanguage\":\"pt-BR\"}]}<\/script>\n<!-- \/ Yoast SEO plugin. -->","yoast_head_json":{"title":"Membros Cooperadores - Fraternidade Jesus Maria Jos\u00e9","robots":{"index":"index","follow":"follow","max-snippet":"max-snippet:-1","max-image-preview":"max-image-preview:large","max-video-preview":"max-video-preview:-1"},"canonical":"https:\/\/fraterjmj.org\/es\/formacao-e-membros\/membros-cooperadores\/","og_locale":"pt_BR","og_type":"article","og_title":"Membros Cooperadores - Fraternidade Jesus Maria Jos\u00e9","og_description":"A segunda categoria de perten\u00e7a \u00e0 Fraternidade Jesus Maria Jos\u00e9 \u00e9 a de Membro Cooperador. O Membro Candidato, ap\u00f3s percorrer o itiner\u00e1rio da forma\u00e7\u00e3o inicial, e ser admitido ao ingresso em nossa associa\u00e7\u00e3o, caso o deseje poder\u00e1 optar por se vincular como Membro Cooperador. Essa condi\u00e7\u00e3o lhe permite participar de todas as atividades da sua [&hellip;]","og_url":"https:\/\/fraterjmj.org\/es\/formacao-e-membros\/membros-cooperadores\/","og_site_name":"Fraternidade Jesus Maria Jos\u00e9","article_modified_time":"2020-08-05T12:12:54+00:00","twitter_card":"summary_large_image","twitter_misc":{"Est. tempo de leitura":"1 minuto"},"schema":{"@context":"https:\/\/schema.org","@graph":[{"@type":"WebPage","@id":"https:\/\/fraterjmj.org\/es\/formacao-e-membros\/membros-cooperadores\/","url":"https:\/\/fraterjmj.org\/es\/formacao-e-membros\/membros-cooperadores\/","name":"Membros Cooperadores - Fraternidade Jesus Maria Jos\u00e9","isPartOf":{"@id":"https:\/\/fraterjmj.org\/es\/#website"},"datePublished":"2020-04-20T11:39:25+00:00","dateModified":"2020-08-05T12:12:54+00:00","breadcrumb":{"@id":"https:\/\/fraterjmj.org\/es\/formacao-e-membros\/membros-cooperadores\/#breadcrumb"},"inLanguage":"pt-BR","potentialAction":[{"@type":"ReadAction","target":["https:\/\/fraterjmj.org\/es\/formacao-e-membros\/membros-cooperadores\/"]}]},{"@type":"BreadcrumbList","@id":"https:\/\/fraterjmj.org\/es\/formacao-e-membros\/membros-cooperadores\/#breadcrumb","itemListElement":[{"@type":"ListItem","position":1,"name":"In\u00edcio","item":"https:\/\/fraterjmj.org\/es\/"},{"@type":"ListItem","position":2,"name":"A Forma\u00e7\u00e3o e os Membros","item":"https:\/\/fraterjmj.org\/es\/formacao-e-membros\/"},{"@type":"ListItem","position":3,"name":"Membros Cooperadores"}]},{"@type":"WebSite","@id":"https:\/\/fraterjmj.org\/es\/#website","url":"https:\/\/fraterjmj.org\/es\/","name":"Fraternidade Jesus Maria Jos\u00e9","description":"","potentialAction":[{"@type":"SearchAction","target":{"@type":"EntryPoint","urlTemplate":"https:\/\/fraterjmj.org\/es\/?s={search_term_string}"},"query-input":"required name=search_term_string"}],"inLanguage":"pt-BR"}]}},"_links":{"self":[{"href":"https:\/\/fraterjmj.org\/es\/wp-json\/wp\/v2\/pages\/81"}],"collection":[{"href":"https:\/\/fraterjmj.org\/es\/wp-json\/wp\/v2\/pages"}],"about":[{"href":"https:\/\/fraterjmj.org\/es\/wp-json\/wp\/v2\/types\/page"}],"author":[{"embeddable":true,"href":"https:\/\/fraterjmj.org\/es\/wp-json\/wp\/v2\/users\/1"}],"replies":[{"embeddable":true,"href":"https:\/\/fraterjmj.org\/es\/wp-json\/wp\/v2\/comments?post=81"}],"version-history":[{"count":0,"href":"https:\/\/fraterjmj.org\/es\/wp-json\/wp\/v2\/pages\/81\/revisions"}],"up":[{"embeddable":true,"href":"https:\/\/fraterjmj.org\/es\/wp-json\/wp\/v2\/pages\/73"}],"wp:attachment":[{"href":"https:\/\/fraterjmj.org\/es\/wp-json\/wp\/v2\/media?parent=81"}],"curies":[{"name":"wp","href":"https:\/\/api.w.org\/{rel}","templated":true}]}}