{"id":83,"date":"2020-04-20T08:39:39","date_gmt":"2020-04-20T11:39:39","guid":{"rendered":"https:\/\/fraterjmj.org\/es\/\/?page_id=83"},"modified":"2020-08-05T09:17:00","modified_gmt":"2020-08-05T12:17:00","slug":"membros-efetivos","status":"publish","type":"page","link":"https:\/\/fraterjmj.org\/es\/formacao-e-membros\/membros-efetivos\/","title":{"rendered":"Membros Efetivos"},"content":{"rendered":"<p>A terceira categoria de perten\u00e7a \u00e0 <em>Fraternidade Jesus Maria Jos\u00e9<\/em> \u00e9 a de <strong>Membro Efetivo<\/strong>.<\/p>\n<p>O Membro Candidato, ap\u00f3s concluir o seu processo de forma\u00e7\u00e3o inicial e ser formalmente admitido, ingressa definitivamente em nossa associa\u00e7\u00e3o, por meio da Promessa de Compromisso. Professada publicamente ela engaja definitivamente o professando perante Deus e a Sua Igreja, a viver e cumprir aquilo que ele promete, e reveste o ato da formalidade jur\u00eddica necess\u00e1ria para conferir ao professando todos os deveres e direitos em nossa associa\u00e7\u00e3o.<\/p>\n<p>Com a referida profiss\u00e3o o candidato se torna <strong>Membro Efetivo<\/strong> da <em>Fraternidade Jesus Maria Jos\u00e9<\/em>, por toda a sua vida, em car\u00e1ter definitivo e a t\u00edtulo pleno. Adquiri ent\u00e3o, a partir deste momento, todos os direitos e deveres inerentes a esta condi\u00e7\u00e3o, em conformidade com o direito da Igreja e o nosso Diret\u00f3rio. <em>(cf. Diret\u00f3rio da Fraternidade Jesus Maria Jos\u00e9 172)<\/em><\/p>\n<p>A profiss\u00e3o p\u00fablica da sua Promessa de Compromisso ocorre em Celebra\u00e7\u00e3o Eucar\u00edstica, quando recebe o distintivo da <em>Fraternidade Jesus Maria Jos\u00e9<\/em>.<\/p>\n","protected":false},"excerpt":{"rendered":"<p>A terceira categoria de perten\u00e7a \u00e0 Fraternidade Jesus Maria Jos\u00e9 \u00e9 a de Membro Efetivo. O Membro Candidato, ap\u00f3s concluir o seu processo de forma\u00e7\u00e3o inicial e ser formalmente admitido, ingressa definitivamente em nossa associa\u00e7\u00e3o, por meio da Promessa de Compromisso. Professada publicamente ela engaja definitivamente o professando perante Deus e a Sua Igreja, a [&hellip;]<\/p>\n","protected":false},"author":1,"featured_media":0,"parent":73,"menu_order":0,"comment_status":"closed","ping_status":"closed","template":"","meta":[],"acf":[],"yoast_head":"<!-- This site is optimized with the Yoast SEO plugin v19.13 - https:\/\/yoast.com\/wordpress\/plugins\/seo\/ -->\n<title>Membros Efetivos - Fraternidade Jesus Maria Jos\u00e9<\/title>\n<meta name=\"robots\" content=\"index, follow, max-snippet:-1, max-image-preview:large, max-video-preview:-1\" \/>\n<link rel=\"canonical\" href=\"https:\/\/fraterjmj.org\/es\/formacao-e-membros\/membros-efetivos\/\" \/>\n<meta property=\"og:locale\" content=\"pt_BR\" \/>\n<meta property=\"og:type\" content=\"article\" \/>\n<meta property=\"og:title\" content=\"Membros Efetivos - Fraternidade Jesus Maria Jos\u00e9\" \/>\n<meta property=\"og:description\" content=\"A terceira categoria de perten\u00e7a \u00e0 Fraternidade Jesus Maria Jos\u00e9 \u00e9 a de Membro Efetivo. O Membro Candidato, ap\u00f3s concluir o seu processo de forma\u00e7\u00e3o inicial e ser formalmente admitido, ingressa definitivamente em nossa associa\u00e7\u00e3o, por meio da Promessa de Compromisso. Professada publicamente ela engaja definitivamente o professando perante Deus e a Sua Igreja, a [&hellip;]\" \/>\n<meta property=\"og:url\" content=\"https:\/\/fraterjmj.org\/es\/formacao-e-membros\/membros-efetivos\/\" \/>\n<meta property=\"og:site_name\" content=\"Fraternidade Jesus Maria Jos\u00e9\" \/>\n<meta property=\"article:modified_time\" content=\"2020-08-05T12:17:00+00:00\" \/>\n<meta name=\"twitter:card\" content=\"summary_large_image\" \/>\n<meta name=\"twitter:label1\" content=\"Est. tempo de leitura\" \/>\n\t<meta name=\"twitter:data1\" content=\"1 minuto\" \/>\n<script type=\"application\/ld+json\" class=\"yoast-schema-graph\">{\"@context\":\"https:\/\/schema.org\",\"@graph\":[{\"@type\":\"WebPage\",\"@id\":\"https:\/\/fraterjmj.org\/es\/formacao-e-membros\/membros-efetivos\/\",\"url\":\"https:\/\/fraterjmj.org\/es\/formacao-e-membros\/membros-efetivos\/\",\"name\":\"Membros Efetivos - Fraternidade Jesus Maria Jos\u00e9\",\"isPartOf\":{\"@id\":\"https:\/\/fraterjmj.org\/es\/#website\"},\"datePublished\":\"2020-04-20T11:39:39+00:00\",\"dateModified\":\"2020-08-05T12:17:00+00:00\",\"breadcrumb\":{\"@id\":\"https:\/\/fraterjmj.org\/es\/formacao-e-membros\/membros-efetivos\/#breadcrumb\"},\"inLanguage\":\"pt-BR\",\"potentialAction\":[{\"@type\":\"ReadAction\",\"target\":[\"https:\/\/fraterjmj.org\/es\/formacao-e-membros\/membros-efetivos\/\"]}]},{\"@type\":\"BreadcrumbList\",\"@id\":\"https:\/\/fraterjmj.org\/es\/formacao-e-membros\/membros-efetivos\/#breadcrumb\",\"itemListElement\":[{\"@type\":\"ListItem\",\"position\":1,\"name\":\"In\u00edcio\",\"item\":\"https:\/\/fraterjmj.org\/es\/\"},{\"@type\":\"ListItem\",\"position\":2,\"name\":\"A Forma\u00e7\u00e3o e os Membros\",\"item\":\"https:\/\/fraterjmj.org\/es\/formacao-e-membros\/\"},{\"@type\":\"ListItem\",\"position\":3,\"name\":\"Membros Efetivos\"}]},{\"@type\":\"WebSite\",\"@id\":\"https:\/\/fraterjmj.org\/es\/#website\",\"url\":\"https:\/\/fraterjmj.org\/es\/\",\"name\":\"Fraternidade Jesus Maria Jos\u00e9\",\"description\":\"\",\"potentialAction\":[{\"@type\":\"SearchAction\",\"target\":{\"@type\":\"EntryPoint\",\"urlTemplate\":\"https:\/\/fraterjmj.org\/es\/?s={search_term_string}\"},\"query-input\":\"required name=search_term_string\"}],\"inLanguage\":\"pt-BR\"}]}<\/script>\n<!-- \/ Yoast SEO plugin. -->","yoast_head_json":{"title":"Membros Efetivos - Fraternidade Jesus Maria Jos\u00e9","robots":{"index":"index","follow":"follow","max-snippet":"max-snippet:-1","max-image-preview":"max-image-preview:large","max-video-preview":"max-video-preview:-1"},"canonical":"https:\/\/fraterjmj.org\/es\/formacao-e-membros\/membros-efetivos\/","og_locale":"pt_BR","og_type":"article","og_title":"Membros Efetivos - Fraternidade Jesus Maria Jos\u00e9","og_description":"A terceira categoria de perten\u00e7a \u00e0 Fraternidade Jesus Maria Jos\u00e9 \u00e9 a de Membro Efetivo. O Membro Candidato, ap\u00f3s concluir o seu processo de forma\u00e7\u00e3o inicial e ser formalmente admitido, ingressa definitivamente em nossa associa\u00e7\u00e3o, por meio da Promessa de Compromisso. Professada publicamente ela engaja definitivamente o professando perante Deus e a Sua Igreja, a [&hellip;]","og_url":"https:\/\/fraterjmj.org\/es\/formacao-e-membros\/membros-efetivos\/","og_site_name":"Fraternidade Jesus Maria Jos\u00e9","article_modified_time":"2020-08-05T12:17:00+00:00","twitter_card":"summary_large_image","twitter_misc":{"Est. tempo de leitura":"1 minuto"},"schema":{"@context":"https:\/\/schema.org","@graph":[{"@type":"WebPage","@id":"https:\/\/fraterjmj.org\/es\/formacao-e-membros\/membros-efetivos\/","url":"https:\/\/fraterjmj.org\/es\/formacao-e-membros\/membros-efetivos\/","name":"Membros Efetivos - Fraternidade Jesus Maria Jos\u00e9","isPartOf":{"@id":"https:\/\/fraterjmj.org\/es\/#website"},"datePublished":"2020-04-20T11:39:39+00:00","dateModified":"2020-08-05T12:17:00+00:00","breadcrumb":{"@id":"https:\/\/fraterjmj.org\/es\/formacao-e-membros\/membros-efetivos\/#breadcrumb"},"inLanguage":"pt-BR","potentialAction":[{"@type":"ReadAction","target":["https:\/\/fraterjmj.org\/es\/formacao-e-membros\/membros-efetivos\/"]}]},{"@type":"BreadcrumbList","@id":"https:\/\/fraterjmj.org\/es\/formacao-e-membros\/membros-efetivos\/#breadcrumb","itemListElement":[{"@type":"ListItem","position":1,"name":"In\u00edcio","item":"https:\/\/fraterjmj.org\/es\/"},{"@type":"ListItem","position":2,"name":"A Forma\u00e7\u00e3o e os Membros","item":"https:\/\/fraterjmj.org\/es\/formacao-e-membros\/"},{"@type":"ListItem","position":3,"name":"Membros Efetivos"}]},{"@type":"WebSite","@id":"https:\/\/fraterjmj.org\/es\/#website","url":"https:\/\/fraterjmj.org\/es\/","name":"Fraternidade Jesus Maria Jos\u00e9","description":"","potentialAction":[{"@type":"SearchAction","target":{"@type":"EntryPoint","urlTemplate":"https:\/\/fraterjmj.org\/es\/?s={search_term_string}"},"query-input":"required name=search_term_string"}],"inLanguage":"pt-BR"}]}},"_links":{"self":[{"href":"https:\/\/fraterjmj.org\/es\/wp-json\/wp\/v2\/pages\/83"}],"collection":[{"href":"https:\/\/fraterjmj.org\/es\/wp-json\/wp\/v2\/pages"}],"about":[{"href":"https:\/\/fraterjmj.org\/es\/wp-json\/wp\/v2\/types\/page"}],"author":[{"embeddable":true,"href":"https:\/\/fraterjmj.org\/es\/wp-json\/wp\/v2\/users\/1"}],"replies":[{"embeddable":true,"href":"https:\/\/fraterjmj.org\/es\/wp-json\/wp\/v2\/comments?post=83"}],"version-history":[{"count":0,"href":"https:\/\/fraterjmj.org\/es\/wp-json\/wp\/v2\/pages\/83\/revisions"}],"up":[{"embeddable":true,"href":"https:\/\/fraterjmj.org\/es\/wp-json\/wp\/v2\/pages\/73"}],"wp:attachment":[{"href":"https:\/\/fraterjmj.org\/es\/wp-json\/wp\/v2\/media?parent=83"}],"curies":[{"name":"wp","href":"https:\/\/api.w.org\/{rel}","templated":true}]}}