{"id":89,"date":"2020-04-20T08:42:15","date_gmt":"2020-04-20T11:42:15","guid":{"rendered":"https:\/\/fraterjmj.org\/es\/\/?page_id=89"},"modified":"2020-12-13T16:03:06","modified_gmt":"2020-12-13T19:03:06","slug":"membros-efetivos-leigos-clerigos","status":"publish","type":"page","link":"https:\/\/fraterjmj.org\/es\/onde-estamos\/membros-efetivos-leigos-clerigos\/","title":{"rendered":"Membros Efetivos Leigos &#8211; Cl\u00e9rigos"},"content":{"rendered":"<h5>(*) Data de Nascimento<br \/>\n(P) Data da Promessa de Compromisso na Fraternidade Jesus Maria Jos\u00e9<\/h5>\n<p><strong>Am\u00e9rico Jeronimo da Costa Gomes<\/strong>, Padre\u00a0 \u00a0<em>Lubango &#8211; Angola <\/em>(*)17\/11 (P)18\/01\/2019<\/p>\n<p><strong>Ana Isabel Fonseca\u00a0 \u00a0<\/strong><em>Salamansa &#8211; Cabo Verde <\/em>(*)21\/07 (P)19\/09\/2019<\/p>\n<p><strong>Aparecida Bernardino da Silva Magalh\u00e3es\u00a0 \u00a0<\/strong><em>Porangatu &#8211; Brasil <\/em>(*)31\/08 (P)12\/12\/2020<\/p>\n<p><strong>Argentina Domingos Sebasti\u00e3o de Lemos\u00a0 \u00a0<\/strong><em>Luanda &#8211; Angola <\/em>(*)06\/03 (P)08\/03\/2020<\/p>\n<p><strong>Artur Alexandrino Andrade Centeio\u00a0 \u00a0<\/strong><em>Mindelo &#8211; Cabo Verde <\/em>(*) 19\/04 (P) 19\/09\/2019<\/p>\n<p><strong>Brasilina Maria de Fran\u00e7a\u00a0 \u00a0<\/strong><em>Porangatu &#8211; Brasil <\/em>(*)23\/07 (P)12\/12\/2020<\/p>\n<p><strong>Carlos Jos\u00e9 Mendes de Ara\u00fajo\u00a0 \u00a0<\/strong><em>Bras\u00edlia<\/em><em> &#8211; Brasil <\/em>(*)01\/09 (P)19\/09\/2019<\/p>\n<p><strong>Cirilo Ngangula Jongolo\u00a0 \u00a0<\/strong><em>Benguela &#8211; Angola <\/em>(*)11\/11 (P)26\/01\/2020<\/p>\n<p><strong>Edmilson da Silva\u00a0 \u00a0<\/strong><em>Porangatu &#8211; Brasil <\/em>(*)22\/05 (P)12\/12\/2020<\/p>\n<p><strong>Eduardo Alencar Lustosa, <\/strong>Padre\u00a0 \u00a0<em>Porangatu &#8211; Brasil<\/em>\u00a0(*)10\/12 (P)12\/12\/2018<\/p>\n<p><strong>Elisa Delgado Rocha Centeio\u00a0 \u00a0<\/strong><em>Mindelo &#8211; Cabo Verde <\/em>(*)09\/03 (P)19\/09\/2019<\/p>\n<p><strong>Emiliana Segunda Mateus\u00a0 \u00a0<\/strong><em>Benguela &#8211; Angola <\/em>(*)02\/08 (P)20\/01\/2019<\/p>\n<p><strong>Fernando Pelembi Elindo <\/strong><em>Benguela &#8211; Angola <\/em>(*)27\/05 (P)20\/01\/2019<\/p>\n<p><strong>Greg\u00f3ria Isabel Carvalho Nascimento\u00a0 \u00a0<\/strong><em>Salamansa &#8211; Cabo Verde <\/em>(*)22\/06 (P)19\/09\/2019<\/p>\n<p><strong>Hirondina Soares Isabel Brito\u00a0 \u00a0<\/strong><em>Salamansa &#8211; Cabo Verde <\/em>(*)24\/10 (P)19\/09\/2019<\/p>\n<p><strong>Idalina Joana Rocha da Viga Oliveira\u00a0 \u00a0<\/strong><em>Mindelo &#8211; Cabo Verde <\/em>(*) 05\/01 (P)19\/09\/2019<\/p>\n<p><strong>Joana Senhorinha Oliveira Rodrigues\u00a0 \u00a0<\/strong><em>S\u00e3o Pedro &#8211; Cabo Verde <\/em>(*)01\/09 (P)19\/09\/2019<\/p>\n<p><strong>Jo\u00e3o Cris\u00f3stomo Rodrigues\u00a0 \u00a0<\/strong><em>S\u00e3o Pedro &#8211; Cabo Verde <\/em>(*)10\/02 (P)19\/09\/2019<\/p>\n<p><strong>Jo\u00e3o Gomes Maocha\u00a0 \u00a0<\/strong><em>Mindelo &#8211; Cabo Verde <\/em>(*)03\/03 (P)19\/09\/2019<\/p>\n<p><strong>Jorge Assiz Gon\u00e7alves\u00a0 \u00a0<\/strong><em>Luanda &#8211; Angola <\/em>(*)14\/09 (P)08\/03\/2020<\/p>\n<p><strong>Jos\u00e9 Jo\u00e3o Maocha\u00a0 \u00a0<\/strong><em>Mindelo &#8211; Cabo Verde <\/em>(*)08\/01 (P)12\/12\/2018<\/p>\n<p><strong>Jos\u00e9 Manoel Pires Alves\u00a0 \u00a0<\/strong><em>Bras\u00edlia &#8211; Brasil <\/em>(*)05\/02 (P)12\/12\/2018<\/p>\n<p><strong>J\u00falia \u00c2ngela Jesus\u00a0 \u00a0<\/strong><em>Salamansa &#8211; Cabo Verde <\/em>(*)10\/10 (P)19\/09\/2019<\/p>\n<p><strong>Julieta Domingos Sumano\u00a0 \u00a0<\/strong><em>Benguela &#8211; Angola <\/em>(*)14\/01 (P)20\/01\/2019<\/p>\n<p><strong>Julieta Silimuila Alberto Cassinda\u00a0 \u00a0<\/strong><em>Benguela &#8211; Angola <\/em>(*)04\/08 (P)20\/01\/2019<\/p>\n<p><strong>Manuel dos Santos Nascimento\u00a0 \u00a0<\/strong><em>Salamansa &#8211; Cabo Verde <\/em>(*)20\/02 (P)19\/09\/2019<\/p>\n<p><strong>Manuel Miguel da Luz\u00a0 \u00a0<\/strong><em>S\u00e3o Pedro &#8211; Cabo Verde <\/em>(*)17\/04\u00a0 (P)19\/09\/2019<\/p>\n<p><strong>Maria da Concei\u00e7\u00e3o Fortes Maocha\u00a0 \u00a0<\/strong><em>Mindelo &#8211; Cabo Verde <\/em>(*)26\/11\u00a0 (P)19\/09\/2019<\/p>\n<p><strong>Maria da Luz David\u00a0 \u00a0<\/strong><em>Salamansa &#8211; Cabo Verde <\/em>(*)23\/01 (P)19\/09\/2019<\/p>\n<p><strong>Maria de F\u00e1tima Delgado Fernandes\u00a0 \u00a0<\/strong><em>Calhau &#8211; Cabo Verde <\/em>(*)09\/05 (P)19\/09\/2019<\/p>\n<p><strong>Maria do Livramento Oliveira Dias\u00a0 \u00a0<\/strong><em>Mindelo &#8211; Cabo Verde <\/em>(*)05\/02 (P)19\/09\/2019<\/p>\n<p><strong>Maria Manuela Brand\u00e3o\u00a0 \u00a0<\/strong><em>Luanda &#8211; Angola <\/em>(*)16\/11 (P)08\/03\/2020<\/p>\n<p><strong>Mario Catumbela<\/strong> <strong>Mateus,<\/strong> Padre\u00a0 \u00a0<em>Benguela &#8211; Angola <\/em>(*)23\/03 (P)26\/01\/2020<\/p>\n<p><strong>Maroneide Campos Alves Silva\u00a0 \u00a0<\/strong><em>Porangatu &#8211; Brasil <\/em>(*)17\/11\u00a0 (P)12\/12\/2020<\/p>\n<p><strong>Nicolau Miguel Dias\u00a0 \u00a0<\/strong><em>Mindelo<\/em><em> &#8211; Cabo Verde <\/em>(*)08\/11 (P)19\/09\/2019<\/p>\n<p><strong>Pantaleana Rodrigues da Silva\u00a0 \u00a0<\/strong><em>Bras\u00edlia &#8211; Brasil <\/em>(*)14\/06 (P)19\/07\/2019<\/p>\n<p><strong>Paulo Pereira Magalh\u00e3es\u00a0 \u00a0<\/strong><em>Porangatu &#8211; Brasil <\/em>(*)18\/09 (P)12\/12\/2020<\/p>\n<p><strong>Pedro Firmino Mateus de Lemos\u00a0 \u00a0<\/strong><em>Luanda &#8211; Angola <\/em>(*)09\/09 (P)08\/03\/2020<\/p>\n<p><strong>Porf\u00edrio Cipriano\u00a0 \u00a0<\/strong><em>Nampula &#8211; Mo\u00e7ambique <\/em>(*)06\/06 (P)05\/01\/2020<\/p>\n","protected":false},"excerpt":{"rendered":"<p>(*) Data de Nascimento (P) Data da Promessa de Compromisso na Fraternidade Jesus Maria Jos\u00e9 Am\u00e9rico Jeronimo da Costa Gomes, Padre\u00a0 \u00a0Lubango &#8211; Angola (*)17\/11 (P)18\/01\/2019 Ana Isabel Fonseca\u00a0 \u00a0Salamansa &#8211; Cabo Verde (*)21\/07 (P)19\/09\/2019 Aparecida Bernardino da Silva Magalh\u00e3es\u00a0 \u00a0Porangatu &#8211; Brasil (*)31\/08 (P)12\/12\/2020 Argentina Domingos Sebasti\u00e3o de Lemos\u00a0 \u00a0Luanda &#8211; Angola (*)06\/03 (P)08\/03\/2020 [&hellip;]<\/p>\n","protected":false},"author":1,"featured_media":0,"parent":85,"menu_order":0,"comment_status":"closed","ping_status":"closed","template":"","meta":[],"acf":[],"yoast_head":"<!-- This site is optimized with the Yoast SEO plugin v19.13 - https:\/\/yoast.com\/wordpress\/plugins\/seo\/ -->\n<title>Membros Efetivos Leigos - Cl\u00e9rigos - Fraternidade Jesus Maria Jos\u00e9<\/title>\n<meta name=\"robots\" content=\"index, follow, max-snippet:-1, max-image-preview:large, max-video-preview:-1\" \/>\n<link rel=\"canonical\" href=\"https:\/\/fraterjmj.org\/es\/onde-estamos\/membros-efetivos-leigos-clerigos\/\" \/>\n<meta property=\"og:locale\" content=\"pt_BR\" \/>\n<meta property=\"og:type\" content=\"article\" \/>\n<meta property=\"og:title\" content=\"Membros Efetivos Leigos - Cl\u00e9rigos - Fraternidade Jesus Maria Jos\u00e9\" \/>\n<meta property=\"og:description\" content=\"(*) Data de Nascimento (P) Data da Promessa de Compromisso na Fraternidade Jesus Maria Jos\u00e9 Am\u00e9rico Jeronimo da Costa Gomes, Padre\u00a0 \u00a0Lubango &#8211; Angola (*)17\/11 (P)18\/01\/2019 Ana Isabel Fonseca\u00a0 \u00a0Salamansa &#8211; Cabo Verde (*)21\/07 (P)19\/09\/2019 Aparecida Bernardino da Silva Magalh\u00e3es\u00a0 \u00a0Porangatu &#8211; Brasil (*)31\/08 (P)12\/12\/2020 Argentina Domingos Sebasti\u00e3o de Lemos\u00a0 \u00a0Luanda &#8211; Angola (*)06\/03 (P)08\/03\/2020 [&hellip;]\" \/>\n<meta property=\"og:url\" content=\"https:\/\/fraterjmj.org\/es\/onde-estamos\/membros-efetivos-leigos-clerigos\/\" \/>\n<meta property=\"og:site_name\" content=\"Fraternidade Jesus Maria Jos\u00e9\" \/>\n<meta property=\"article:modified_time\" content=\"2020-12-13T19:03:06+00:00\" \/>\n<meta name=\"twitter:card\" content=\"summary_large_image\" \/>\n<meta name=\"twitter:label1\" content=\"Est. tempo de leitura\" \/>\n\t<meta name=\"twitter:data1\" content=\"2 minutos\" \/>\n<script type=\"application\/ld+json\" class=\"yoast-schema-graph\">{\"@context\":\"https:\/\/schema.org\",\"@graph\":[{\"@type\":\"WebPage\",\"@id\":\"https:\/\/fraterjmj.org\/es\/onde-estamos\/membros-efetivos-leigos-clerigos\/\",\"url\":\"https:\/\/fraterjmj.org\/es\/onde-estamos\/membros-efetivos-leigos-clerigos\/\",\"name\":\"Membros Efetivos Leigos - Cl\u00e9rigos - Fraternidade Jesus Maria Jos\u00e9\",\"isPartOf\":{\"@id\":\"https:\/\/fraterjmj.org\/es\/#website\"},\"datePublished\":\"2020-04-20T11:42:15+00:00\",\"dateModified\":\"2020-12-13T19:03:06+00:00\",\"breadcrumb\":{\"@id\":\"https:\/\/fraterjmj.org\/es\/onde-estamos\/membros-efetivos-leigos-clerigos\/#breadcrumb\"},\"inLanguage\":\"pt-BR\",\"potentialAction\":[{\"@type\":\"ReadAction\",\"target\":[\"https:\/\/fraterjmj.org\/es\/onde-estamos\/membros-efetivos-leigos-clerigos\/\"]}]},{\"@type\":\"BreadcrumbList\",\"@id\":\"https:\/\/fraterjmj.org\/es\/onde-estamos\/membros-efetivos-leigos-clerigos\/#breadcrumb\",\"itemListElement\":[{\"@type\":\"ListItem\",\"position\":1,\"name\":\"In\u00edcio\",\"item\":\"https:\/\/fraterjmj.org\/es\/\"},{\"@type\":\"ListItem\",\"position\":2,\"name\":\"Onde Estamos\",\"item\":\"https:\/\/fraterjmj.org\/es\/onde-estamos\/\"},{\"@type\":\"ListItem\",\"position\":3,\"name\":\"Membros Efetivos Leigos &#8211; Cl\u00e9rigos\"}]},{\"@type\":\"WebSite\",\"@id\":\"https:\/\/fraterjmj.org\/es\/#website\",\"url\":\"https:\/\/fraterjmj.org\/es\/\",\"name\":\"Fraternidade Jesus Maria Jos\u00e9\",\"description\":\"\",\"potentialAction\":[{\"@type\":\"SearchAction\",\"target\":{\"@type\":\"EntryPoint\",\"urlTemplate\":\"https:\/\/fraterjmj.org\/es\/?s={search_term_string}\"},\"query-input\":\"required name=search_term_string\"}],\"inLanguage\":\"pt-BR\"}]}<\/script>\n<!-- \/ Yoast SEO plugin. -->","yoast_head_json":{"title":"Membros Efetivos Leigos - Cl\u00e9rigos - Fraternidade Jesus Maria Jos\u00e9","robots":{"index":"index","follow":"follow","max-snippet":"max-snippet:-1","max-image-preview":"max-image-preview:large","max-video-preview":"max-video-preview:-1"},"canonical":"https:\/\/fraterjmj.org\/es\/onde-estamos\/membros-efetivos-leigos-clerigos\/","og_locale":"pt_BR","og_type":"article","og_title":"Membros Efetivos Leigos - Cl\u00e9rigos - Fraternidade Jesus Maria Jos\u00e9","og_description":"(*) Data de Nascimento (P) Data da Promessa de Compromisso na Fraternidade Jesus Maria Jos\u00e9 Am\u00e9rico Jeronimo da Costa Gomes, Padre\u00a0 \u00a0Lubango &#8211; Angola (*)17\/11 (P)18\/01\/2019 Ana Isabel Fonseca\u00a0 \u00a0Salamansa &#8211; Cabo Verde (*)21\/07 (P)19\/09\/2019 Aparecida Bernardino da Silva Magalh\u00e3es\u00a0 \u00a0Porangatu &#8211; Brasil (*)31\/08 (P)12\/12\/2020 Argentina Domingos Sebasti\u00e3o de Lemos\u00a0 \u00a0Luanda &#8211; Angola (*)06\/03 (P)08\/03\/2020 [&hellip;]","og_url":"https:\/\/fraterjmj.org\/es\/onde-estamos\/membros-efetivos-leigos-clerigos\/","og_site_name":"Fraternidade Jesus Maria Jos\u00e9","article_modified_time":"2020-12-13T19:03:06+00:00","twitter_card":"summary_large_image","twitter_misc":{"Est. tempo de leitura":"2 minutos"},"schema":{"@context":"https:\/\/schema.org","@graph":[{"@type":"WebPage","@id":"https:\/\/fraterjmj.org\/es\/onde-estamos\/membros-efetivos-leigos-clerigos\/","url":"https:\/\/fraterjmj.org\/es\/onde-estamos\/membros-efetivos-leigos-clerigos\/","name":"Membros Efetivos Leigos - Cl\u00e9rigos - Fraternidade Jesus Maria Jos\u00e9","isPartOf":{"@id":"https:\/\/fraterjmj.org\/es\/#website"},"datePublished":"2020-04-20T11:42:15+00:00","dateModified":"2020-12-13T19:03:06+00:00","breadcrumb":{"@id":"https:\/\/fraterjmj.org\/es\/onde-estamos\/membros-efetivos-leigos-clerigos\/#breadcrumb"},"inLanguage":"pt-BR","potentialAction":[{"@type":"ReadAction","target":["https:\/\/fraterjmj.org\/es\/onde-estamos\/membros-efetivos-leigos-clerigos\/"]}]},{"@type":"BreadcrumbList","@id":"https:\/\/fraterjmj.org\/es\/onde-estamos\/membros-efetivos-leigos-clerigos\/#breadcrumb","itemListElement":[{"@type":"ListItem","position":1,"name":"In\u00edcio","item":"https:\/\/fraterjmj.org\/es\/"},{"@type":"ListItem","position":2,"name":"Onde Estamos","item":"https:\/\/fraterjmj.org\/es\/onde-estamos\/"},{"@type":"ListItem","position":3,"name":"Membros Efetivos Leigos &#8211; Cl\u00e9rigos"}]},{"@type":"WebSite","@id":"https:\/\/fraterjmj.org\/es\/#website","url":"https:\/\/fraterjmj.org\/es\/","name":"Fraternidade Jesus Maria Jos\u00e9","description":"","potentialAction":[{"@type":"SearchAction","target":{"@type":"EntryPoint","urlTemplate":"https:\/\/fraterjmj.org\/es\/?s={search_term_string}"},"query-input":"required name=search_term_string"}],"inLanguage":"pt-BR"}]}},"_links":{"self":[{"href":"https:\/\/fraterjmj.org\/es\/wp-json\/wp\/v2\/pages\/89"}],"collection":[{"href":"https:\/\/fraterjmj.org\/es\/wp-json\/wp\/v2\/pages"}],"about":[{"href":"https:\/\/fraterjmj.org\/es\/wp-json\/wp\/v2\/types\/page"}],"author":[{"embeddable":true,"href":"https:\/\/fraterjmj.org\/es\/wp-json\/wp\/v2\/users\/1"}],"replies":[{"embeddable":true,"href":"https:\/\/fraterjmj.org\/es\/wp-json\/wp\/v2\/comments?post=89"}],"version-history":[{"count":0,"href":"https:\/\/fraterjmj.org\/es\/wp-json\/wp\/v2\/pages\/89\/revisions"}],"up":[{"embeddable":true,"href":"https:\/\/fraterjmj.org\/es\/wp-json\/wp\/v2\/pages\/85"}],"wp:attachment":[{"href":"https:\/\/fraterjmj.org\/es\/wp-json\/wp\/v2\/media?parent=89"}],"curies":[{"name":"wp","href":"https:\/\/api.w.org\/{rel}","templated":true}]}}